{"id":94,"date":"2020-04-16T20:40:41","date_gmt":"2020-04-16T18:40:41","guid":{"rendered":"http:\/\/lifebase.org.w0206e66.kasserver.com\/wp1\/?page_id=94"},"modified":"2024-12-06T10:17:24","modified_gmt":"2024-12-06T09:17:24","slug":"programm","status":"publish","type":"page","link":"https:\/\/www.lifebase.org\/wp1\/programm\/","title":{"rendered":"Programm"},"content":{"rendered":"\n<h2 class=\"wp-block-heading\">Die n\u00e4chsten Termine<\/h2>\n\n\n\n<iframe loading=\"lazy\" src=\"https:\/\/calendar.google.com\/calendar\/embed?title=N%C3%A4chste%20Termine%20%28Erweitert%29&amp;showTitle=0&amp;showDate=0&amp;showCalendars=0&amp;showTz=0&amp;mode=AGENDA&amp;height=470&amp;wkst=1&amp;hl=de&amp;bgcolor=%23FFFFFF&amp;src=admin%40lifebase.org&amp;color=%23182C57&amp;ctz=Europe%2FBerlin\" width=\"600px\" height=\"500px\"><\/iframe>\n\n\n\n<h2 class=\"wp-block-heading\">Unsere regelm\u00e4\u00dfigen Veranstaltungen<\/h2>\n\n\n\n<h3 class=\"wp-block-heading\"><strong><span style=\"color:#326e91\" class=\"has-inline-color\">Sonntag<\/span><\/strong><\/h3>\n\n\n\n<p><mark style=\"background-color:rgba(0, 0, 0, 0);color:#326e91\" class=\"has-inline-color\">09:00 Uhr<\/mark>   Gemeinsames Gebet<\/p>\n\n\n\n<p><mark style=\"background-color:rgba(0, 0, 0, 0);color:#326e91\" class=\"has-inline-color\">10:00 Uhr    <\/mark><a href=\"http:\/\/lifebase.org.w0206e66.kasserver.com\/wp1\/programm\/gottesdienst\/\">Gottesdienst<\/a> <br>                          Parallel dazu\u00a0<a href=\"http:\/\/lifebase.org.w0206e66.kasserver.com\/wp1\/programm\/kindergottesdienst\/\">Kindergottesdienst<\/a><em> (3-14 Jahre)<\/em><\/p>\n\n\n\n<p><mark style=\"background-color:rgba(0, 0, 0, 0);color:#326e91\" class=\"has-inline-color\">14:00 Uhr<\/mark>   Gottesdienst tamilische Gemeinde<\/p>\n\n\n\n<p><mark style=\"background-color:rgba(0, 0, 0, 0);color:#326e91\" class=\"has-inline-color\">19:00 Uhr<\/mark>   <a href=\"http:\/\/lifebase.org.w0206e66.kasserver.com\/wp1\/programm\/start-up\/\">Start Up<\/a> <em>(Junge-Erwachsenen-Hauskreis ab 20 Jahre)<\/em><\/p>\n\n\n\n<h3 class=\"wp-block-heading\"><strong><span style=\"color:#326e91\" class=\"has-inline-color\">Dienstag<\/span><\/strong><\/h3>\n\n\n\n<div class=\"wp-block-group\"><div class=\"wp-block-group__inner-container is-layout-flow wp-block-group-is-layout-flow\">\n<p><mark style=\"background-color:rgba(0, 0, 0, 0);color:#326e91\" class=\"has-inline-color\">09:30 Uhr<\/mark>   <a href=\"http:\/\/lifebase.org.w0206e66.kasserver.com\/wp1\/frauengebetstreff\/\">Frauengebetstreff<\/a><em> (14-t\u00e4gig)<\/em><\/p>\n\n\n\n<p><mark style=\"background-color:rgba(0, 0, 0, 0);color:#326e91\" class=\"has-inline-color\">19:30\/20:00 Uhr<\/mark>   <a href=\"http:\/\/lifebase.org.w0206e66.kasserver.com\/wp1\/programm\/hauskreise\/\">Hauskreise<\/a><\/p>\n<\/div><\/div>\n\n\n\n<h3 class=\"wp-block-heading\"><mark style=\"background-color:rgba(0, 0, 0, 0);color:#326e91\" class=\"has-inline-color\"><strong>Mittwoch<\/strong><\/mark><\/h3>\n\n\n\n<p><mark style=\"background-color:rgba(0, 0, 0, 0);color:#326e91\" class=\"has-inline-color\">19:30 Uhr<\/mark>\u00a0  <a href=\"http:\/\/lifebase.org.w0206e66.kasserver.com\/wp1\/programm\/durch-die-bibel\/\">Bibelstunde<\/a> und gemeinsames Gebet<\/p>\n\n\n\n<p><\/p>\n\n\n\n<p><mark style=\"background-color:rgba(0, 0, 0, 0);color:#326e91\" class=\"has-inline-color\">20:00 Uhr<\/mark>   <a href=\"http:\/\/lifebase.org.w0206e66.kasserver.com\/wp1\/programm\/hauskreise\/\">Jugendhauskreis<\/a><\/p>\n\n\n\n<h3 class=\"wp-block-heading\"><strong><span style=\"color:#326e91\" class=\"has-inline-color\">Donnerstag<\/span><\/strong><\/h3>\n\n\n\n<p><mark style=\"background-color:rgba(0, 0, 0, 0);color:#326e91\" class=\"has-inline-color\">19:30\/20:00 Uhr <\/mark>  <a href=\"http:\/\/lifebase.org.w0206e66.kasserver.com\/wp1\/programm\/hauskreise\/\">Hauskreise<\/a><\/p>\n\n\n\n<h3 class=\"wp-block-heading\"><strong><mark style=\"background-color:rgba(0, 0, 0, 0);color:#326e91\" class=\"has-inline-color\">Freitag<\/mark><\/strong><\/h3>\n\n\n\n<p><mark style=\"background-color:rgba(0, 0, 0, 0);color:#326e91\" class=\"has-inline-color\">19:30 Uhr<\/mark>   <a href=\"http:\/\/lifebase.org.w0206e66.kasserver.com\/wp1\/programm\/now\/\">Connect<\/a> Jugendtreff <em>(15-25 Jahre)<\/em><\/p>\n\n\n\n<h3 class=\"wp-block-heading\"><strong><span style=\"color:#326e91\" class=\"has-inline-color\">Samstag<\/span><\/strong><\/h3>\n\n\n\n<p><mark style=\"background-color:rgba(0, 0, 0, 0);color:#326e91\" class=\"has-inline-color\">17:00 Uhr<\/mark>   <a href=\"http:\/\/lifebase.org.w0206e66.kasserver.com\/wp1\/teentreff\/\">Teentreff<\/a> <em>(12-15 Jahre, 14-t\u00e4gig)<\/em><\/p>\n\n\n\n<p><\/p>\n","protected":false},"excerpt":{"rendered":"<p>Die n\u00e4chsten Termine Unsere regelm\u00e4\u00dfigen Veranstaltungen Sonntag 09:00 Uhr Gemeinsames Gebet 10:00 Uhr Gottesdienst Parallel dazu\u00a0Kindergottesdienst (3-14 Jahre) 14:00 Uhr Gottesdienst tamilische Gemeinde 19:00 Uhr Start Up (Junge-Erwachsenen-Hauskreis ab 20 Jahre) Dienstag 09:30 Uhr Frauengebetstreff (14-t\u00e4gig) 19:30\/20:00 Uhr Hauskreise Mittwoch 19:30 Uhr\u00a0 Bibelstunde und gemeinsames Gebet 20:00 Uhr Jugendhauskreis Donnerstag 19:30\/20:00 Uhr Hauskreise Freitag 19:30 &hellip; <\/p>\n<p class=\"link-more\"><a href=\"https:\/\/www.lifebase.org\/wp1\/programm\/\" class=\"more-link\"><span class=\"screen-reader-text\">\u201eProgramm\u201c<\/span> weiterlesen<\/a><\/p>\n","protected":false},"author":6,"featured_media":0,"parent":0,"menu_order":0,"comment_status":"closed","ping_status":"closed","template":"","meta":{"footnotes":""},"class_list":["post-94","page","type-page","status-publish","hentry"],"yoast_head":"<!-- This site is optimized with the Yoast SEO plugin v27.4 - https:\/\/yoast.com\/product\/yoast-seo-wordpress\/ -->\n<title>Programm -<\/title>\n<meta name=\"robots\" content=\"index, follow, max-snippet:-1, max-image-preview:large, max-video-preview:-1\" \/>\n<link rel=\"canonical\" href=\"https:\/\/www.lifebase.org\/wp1\/programm\/\" \/>\n<meta property=\"og:locale\" content=\"de_DE\" \/>\n<meta property=\"og:type\" content=\"article\" \/>\n<meta property=\"og:title\" content=\"Programm -\" \/>\n<meta property=\"og:description\" content=\"Die n\u00e4chsten Termine Unsere regelm\u00e4\u00dfigen Veranstaltungen Sonntag 09:00 Uhr Gemeinsames Gebet 10:00 Uhr Gottesdienst Parallel dazu\u00a0Kindergottesdienst (3-14 Jahre) 14:00 Uhr Gottesdienst tamilische Gemeinde 19:00 Uhr Start Up (Junge-Erwachsenen-Hauskreis ab 20 Jahre) Dienstag 09:30 Uhr Frauengebetstreff (14-t\u00e4gig) 19:30\/20:00 Uhr Hauskreise Mittwoch 19:30 Uhr\u00a0 Bibelstunde und gemeinsames Gebet 20:00 Uhr Jugendhauskreis Donnerstag 19:30\/20:00 Uhr Hauskreise Freitag 19:30 &hellip; \u201eProgramm\u201c weiterlesen\" \/>\n<meta property=\"og:url\" content=\"https:\/\/www.lifebase.org\/wp1\/programm\/\" \/>\n<meta property=\"article:modified_time\" content=\"2024-12-06T09:17:24+00:00\" \/>\n<meta name=\"twitter:card\" content=\"summary_large_image\" \/>\n<meta name=\"twitter:label1\" content=\"Gesch\u00e4tzte Lesezeit\" \/>\n\t<meta name=\"twitter:data1\" content=\"1\u00a0Minute\" \/>\n<script type=\"application\/ld+json\" class=\"yoast-schema-graph\">{\"@context\":\"https:\\\/\\\/schema.org\",\"@graph\":[{\"@type\":\"WebPage\",\"@id\":\"https:\\\/\\\/www.lifebase.org\\\/wp1\\\/programm\\\/\",\"url\":\"https:\\\/\\\/www.lifebase.org\\\/wp1\\\/programm\\\/\",\"name\":\"Programm -\",\"isPartOf\":{\"@id\":\"https:\\\/\\\/www.lifebase.org\\\/wp1\\\/#website\"},\"datePublished\":\"2020-04-16T18:40:41+00:00\",\"dateModified\":\"2024-12-06T09:17:24+00:00\",\"breadcrumb\":{\"@id\":\"https:\\\/\\\/www.lifebase.org\\\/wp1\\\/programm\\\/#breadcrumb\"},\"inLanguage\":\"de\",\"potentialAction\":[{\"@type\":\"ReadAction\",\"target\":[\"https:\\\/\\\/www.lifebase.org\\\/wp1\\\/programm\\\/\"]}]},{\"@type\":\"BreadcrumbList\",\"@id\":\"https:\\\/\\\/www.lifebase.org\\\/wp1\\\/programm\\\/#breadcrumb\",\"itemListElement\":[{\"@type\":\"ListItem\",\"position\":1,\"name\":\"Startseite\",\"item\":\"https:\\\/\\\/www.lifebase.org\\\/wp1\\\/\"},{\"@type\":\"ListItem\",\"position\":2,\"name\":\"Programm\"}]},{\"@type\":\"WebSite\",\"@id\":\"https:\\\/\\\/www.lifebase.org\\\/wp1\\\/#website\",\"url\":\"https:\\\/\\\/www.lifebase.org\\\/wp1\\\/\",\"name\":\"\",\"description\":\"Freie evangelische Gemeinde in Gerlingen\",\"potentialAction\":[{\"@type\":\"SearchAction\",\"target\":{\"@type\":\"EntryPoint\",\"urlTemplate\":\"https:\\\/\\\/www.lifebase.org\\\/wp1\\\/?s={search_term_string}\"},\"query-input\":{\"@type\":\"PropertyValueSpecification\",\"valueRequired\":true,\"valueName\":\"search_term_string\"}}],\"inLanguage\":\"de\"}]}<\/script>\n<!-- \/ Yoast SEO plugin. -->","yoast_head_json":{"title":"Programm -","robots":{"index":"index","follow":"follow","max-snippet":"max-snippet:-1","max-image-preview":"max-image-preview:large","max-video-preview":"max-video-preview:-1"},"canonical":"https:\/\/www.lifebase.org\/wp1\/programm\/","og_locale":"de_DE","og_type":"article","og_title":"Programm -","og_description":"Die n\u00e4chsten Termine Unsere regelm\u00e4\u00dfigen Veranstaltungen Sonntag 09:00 Uhr Gemeinsames Gebet 10:00 Uhr Gottesdienst Parallel dazu\u00a0Kindergottesdienst (3-14 Jahre) 14:00 Uhr Gottesdienst tamilische Gemeinde 19:00 Uhr Start Up (Junge-Erwachsenen-Hauskreis ab 20 Jahre) Dienstag 09:30 Uhr Frauengebetstreff (14-t\u00e4gig) 19:30\/20:00 Uhr Hauskreise Mittwoch 19:30 Uhr\u00a0 Bibelstunde und gemeinsames Gebet 20:00 Uhr Jugendhauskreis Donnerstag 19:30\/20:00 Uhr Hauskreise Freitag 19:30 &hellip; \u201eProgramm\u201c weiterlesen","og_url":"https:\/\/www.lifebase.org\/wp1\/programm\/","article_modified_time":"2024-12-06T09:17:24+00:00","twitter_card":"summary_large_image","twitter_misc":{"Gesch\u00e4tzte Lesezeit":"1\u00a0Minute"},"schema":{"@context":"https:\/\/schema.org","@graph":[{"@type":"WebPage","@id":"https:\/\/www.lifebase.org\/wp1\/programm\/","url":"https:\/\/www.lifebase.org\/wp1\/programm\/","name":"Programm -","isPartOf":{"@id":"https:\/\/www.lifebase.org\/wp1\/#website"},"datePublished":"2020-04-16T18:40:41+00:00","dateModified":"2024-12-06T09:17:24+00:00","breadcrumb":{"@id":"https:\/\/www.lifebase.org\/wp1\/programm\/#breadcrumb"},"inLanguage":"de","potentialAction":[{"@type":"ReadAction","target":["https:\/\/www.lifebase.org\/wp1\/programm\/"]}]},{"@type":"BreadcrumbList","@id":"https:\/\/www.lifebase.org\/wp1\/programm\/#breadcrumb","itemListElement":[{"@type":"ListItem","position":1,"name":"Startseite","item":"https:\/\/www.lifebase.org\/wp1\/"},{"@type":"ListItem","position":2,"name":"Programm"}]},{"@type":"WebSite","@id":"https:\/\/www.lifebase.org\/wp1\/#website","url":"https:\/\/www.lifebase.org\/wp1\/","name":"","description":"Freie evangelische Gemeinde in Gerlingen","potentialAction":[{"@type":"SearchAction","target":{"@type":"EntryPoint","urlTemplate":"https:\/\/www.lifebase.org\/wp1\/?s={search_term_string}"},"query-input":{"@type":"PropertyValueSpecification","valueRequired":true,"valueName":"search_term_string"}}],"inLanguage":"de"}]}},"_links":{"self":[{"href":"https:\/\/www.lifebase.org\/wp1\/wp-json\/wp\/v2\/pages\/94","targetHints":{"allow":["GET"]}}],"collection":[{"href":"https:\/\/www.lifebase.org\/wp1\/wp-json\/wp\/v2\/pages"}],"about":[{"href":"https:\/\/www.lifebase.org\/wp1\/wp-json\/wp\/v2\/types\/page"}],"author":[{"embeddable":true,"href":"https:\/\/www.lifebase.org\/wp1\/wp-json\/wp\/v2\/users\/6"}],"replies":[{"embeddable":true,"href":"https:\/\/www.lifebase.org\/wp1\/wp-json\/wp\/v2\/comments?post=94"}],"version-history":[{"count":21,"href":"https:\/\/www.lifebase.org\/wp1\/wp-json\/wp\/v2\/pages\/94\/revisions"}],"predecessor-version":[{"id":1978,"href":"https:\/\/www.lifebase.org\/wp1\/wp-json\/wp\/v2\/pages\/94\/revisions\/1978"}],"wp:attachment":[{"href":"https:\/\/www.lifebase.org\/wp1\/wp-json\/wp\/v2\/media?parent=94"}],"curies":[{"name":"wp","href":"https:\/\/api.w.org\/{rel}","templated":true}]}}