{"id":744,"date":"2021-01-18T18:22:21","date_gmt":"2021-01-18T17:22:21","guid":{"rendered":"http:\/\/lifebase.org.w0206e66.kasserver.com\/wp1\/?page_id=744"},"modified":"2021-02-08T14:07:33","modified_gmt":"2021-02-08T13:07:33","slug":"frauenfruehstueck","status":"publish","type":"page","link":"https:\/\/www.lifebase.org\/wp1\/frauenfruehstueck\/","title":{"rendered":"Frauenfr\u00fchst\u00fcck"},"content":{"rendered":"\n<p>Ein Vormittag nur f\u00fcr Frauen. Sie erwartet ein leckeres und liebevoll hergerichtetes, reichhaltiges Fr\u00fchst\u00fccksbuffet und das\u00a0in stressfreier, angenehmer und gel\u00f6ster Atmosph\u00e4re. Tolle Referentinnen, die etwas zu interessanten Themen f\u00fcr Frauen zu sagen haben, bieten mit ihrem Impuls\u00a0Inspiration und Ermutigung. An den wunderbar dekorierten Tischen gibt es Gelegenheit Kontakte zu kn\u00fcpfen, gute Gespr\u00e4che zu f\u00fchren und ausgiebig zu fr\u00fchst\u00fccken. Umrahmt wird das Frauenfr\u00fchst\u00fcck von musikalisch begabten Gemeindemitgliedern. Also eine Zeit, um einfach mal nur zu genie\u00dfen.<\/p>\n\n\n\n<p>Frauen jeden Alters und jeder Konfession, die Impulse f\u00fcr ihr Leben suchen und\/oder in netter Gemeinschaft fr\u00fchst\u00fccken m\u00f6chten, sind bei uns herzlich willkommen. Der n\u00e4chste Termin wird hier ver\u00f6ffentlicht oder kann unter <a href=\"mailto:kontakt@lifebase.org\">kontakt@lifebase.org<\/a> erfragt werden.&nbsp;<\/p>\n","protected":false},"excerpt":{"rendered":"<p>Ein Vormittag nur f\u00fcr Frauen. Sie erwartet ein leckeres und liebevoll hergerichtetes, reichhaltiges Fr\u00fchst\u00fccksbuffet und das\u00a0in stressfreier, angenehmer und gel\u00f6ster Atmosph\u00e4re. Tolle Referentinnen, die etwas zu interessanten Themen f\u00fcr Frauen zu sagen haben, bieten mit ihrem Impuls\u00a0Inspiration und Ermutigung. An den wunderbar dekorierten Tischen gibt es Gelegenheit Kontakte zu kn\u00fcpfen, gute Gespr\u00e4che zu f\u00fchren und &hellip; <\/p>\n<p class=\"link-more\"><a href=\"https:\/\/www.lifebase.org\/wp1\/frauenfruehstueck\/\" class=\"more-link\"><span class=\"screen-reader-text\">\u201eFrauenfr\u00fchst\u00fcck\u201c<\/span> weiterlesen<\/a><\/p>\n","protected":false},"author":5,"featured_media":769,"parent":0,"menu_order":0,"comment_status":"closed","ping_status":"closed","template":"","meta":{"footnotes":""},"class_list":["post-744","page","type-page","status-publish","has-post-thumbnail","hentry"],"yoast_head":"<!-- This site is optimized with the Yoast SEO plugin v27.4 - https:\/\/yoast.com\/product\/yoast-seo-wordpress\/ -->\n<title>Frauenfr\u00fchst\u00fcck -<\/title>\n<meta name=\"robots\" content=\"index, follow, max-snippet:-1, max-image-preview:large, max-video-preview:-1\" \/>\n<link rel=\"canonical\" href=\"https:\/\/www.lifebase.org\/wp1\/frauenfruehstueck\/\" \/>\n<meta property=\"og:locale\" content=\"de_DE\" \/>\n<meta property=\"og:type\" content=\"article\" \/>\n<meta property=\"og:title\" content=\"Frauenfr\u00fchst\u00fcck -\" \/>\n<meta property=\"og:description\" content=\"Ein Vormittag nur f\u00fcr Frauen. Sie erwartet ein leckeres und liebevoll hergerichtetes, reichhaltiges Fr\u00fchst\u00fccksbuffet und das\u00a0in stressfreier, angenehmer und gel\u00f6ster Atmosph\u00e4re. Tolle Referentinnen, die etwas zu interessanten Themen f\u00fcr Frauen zu sagen haben, bieten mit ihrem Impuls\u00a0Inspiration und Ermutigung. An den wunderbar dekorierten Tischen gibt es Gelegenheit Kontakte zu kn\u00fcpfen, gute Gespr\u00e4che zu f\u00fchren und &hellip; \u201eFrauenfr\u00fchst\u00fcck\u201c weiterlesen\" \/>\n<meta property=\"og:url\" content=\"https:\/\/www.lifebase.org\/wp1\/frauenfruehstueck\/\" \/>\n<meta property=\"article:modified_time\" content=\"2021-02-08T13:07:33+00:00\" \/>\n<meta property=\"og:image\" content=\"https:\/\/www.lifebase.org\/wp1\/wp-content\/uploads\/2021\/01\/HP_frauenfruehstueck_900.jpg\" \/>\n\t<meta property=\"og:image:width\" content=\"900\" \/>\n\t<meta property=\"og:image:height\" content=\"564\" \/>\n\t<meta property=\"og:image:type\" content=\"image\/jpeg\" \/>\n<meta name=\"twitter:card\" content=\"summary_large_image\" \/>\n<meta name=\"twitter:label1\" content=\"Gesch\u00e4tzte Lesezeit\" \/>\n\t<meta name=\"twitter:data1\" content=\"1\u00a0Minute\" \/>\n<script type=\"application\/ld+json\" class=\"yoast-schema-graph\">{\"@context\":\"https:\\\/\\\/schema.org\",\"@graph\":[{\"@type\":\"WebPage\",\"@id\":\"https:\\\/\\\/www.lifebase.org\\\/wp1\\\/frauenfruehstueck\\\/\",\"url\":\"https:\\\/\\\/www.lifebase.org\\\/wp1\\\/frauenfruehstueck\\\/\",\"name\":\"Frauenfr\u00fchst\u00fcck -\",\"isPartOf\":{\"@id\":\"https:\\\/\\\/www.lifebase.org\\\/wp1\\\/#website\"},\"primaryImageOfPage\":{\"@id\":\"https:\\\/\\\/www.lifebase.org\\\/wp1\\\/frauenfruehstueck\\\/#primaryimage\"},\"image\":{\"@id\":\"https:\\\/\\\/www.lifebase.org\\\/wp1\\\/frauenfruehstueck\\\/#primaryimage\"},\"thumbnailUrl\":\"https:\\\/\\\/www.lifebase.org\\\/wp1\\\/wp-content\\\/uploads\\\/2021\\\/01\\\/HP_frauenfruehstueck_900.jpg\",\"datePublished\":\"2021-01-18T17:22:21+00:00\",\"dateModified\":\"2021-02-08T13:07:33+00:00\",\"breadcrumb\":{\"@id\":\"https:\\\/\\\/www.lifebase.org\\\/wp1\\\/frauenfruehstueck\\\/#breadcrumb\"},\"inLanguage\":\"de\",\"potentialAction\":[{\"@type\":\"ReadAction\",\"target\":[\"https:\\\/\\\/www.lifebase.org\\\/wp1\\\/frauenfruehstueck\\\/\"]}]},{\"@type\":\"ImageObject\",\"inLanguage\":\"de\",\"@id\":\"https:\\\/\\\/www.lifebase.org\\\/wp1\\\/frauenfruehstueck\\\/#primaryimage\",\"url\":\"https:\\\/\\\/www.lifebase.org\\\/wp1\\\/wp-content\\\/uploads\\\/2021\\\/01\\\/HP_frauenfruehstueck_900.jpg\",\"contentUrl\":\"https:\\\/\\\/www.lifebase.org\\\/wp1\\\/wp-content\\\/uploads\\\/2021\\\/01\\\/HP_frauenfruehstueck_900.jpg\",\"width\":900,\"height\":564},{\"@type\":\"BreadcrumbList\",\"@id\":\"https:\\\/\\\/www.lifebase.org\\\/wp1\\\/frauenfruehstueck\\\/#breadcrumb\",\"itemListElement\":[{\"@type\":\"ListItem\",\"position\":1,\"name\":\"Startseite\",\"item\":\"https:\\\/\\\/www.lifebase.org\\\/wp1\\\/\"},{\"@type\":\"ListItem\",\"position\":2,\"name\":\"Frauenfr\u00fchst\u00fcck\"}]},{\"@type\":\"WebSite\",\"@id\":\"https:\\\/\\\/www.lifebase.org\\\/wp1\\\/#website\",\"url\":\"https:\\\/\\\/www.lifebase.org\\\/wp1\\\/\",\"name\":\"\",\"description\":\"Freie evangelische Gemeinde in Gerlingen\",\"potentialAction\":[{\"@type\":\"SearchAction\",\"target\":{\"@type\":\"EntryPoint\",\"urlTemplate\":\"https:\\\/\\\/www.lifebase.org\\\/wp1\\\/?s={search_term_string}\"},\"query-input\":{\"@type\":\"PropertyValueSpecification\",\"valueRequired\":true,\"valueName\":\"search_term_string\"}}],\"inLanguage\":\"de\"}]}<\/script>\n<!-- \/ Yoast SEO plugin. -->","yoast_head_json":{"title":"Frauenfr\u00fchst\u00fcck -","robots":{"index":"index","follow":"follow","max-snippet":"max-snippet:-1","max-image-preview":"max-image-preview:large","max-video-preview":"max-video-preview:-1"},"canonical":"https:\/\/www.lifebase.org\/wp1\/frauenfruehstueck\/","og_locale":"de_DE","og_type":"article","og_title":"Frauenfr\u00fchst\u00fcck -","og_description":"Ein Vormittag nur f\u00fcr Frauen. Sie erwartet ein leckeres und liebevoll hergerichtetes, reichhaltiges Fr\u00fchst\u00fccksbuffet und das\u00a0in stressfreier, angenehmer und gel\u00f6ster Atmosph\u00e4re. Tolle Referentinnen, die etwas zu interessanten Themen f\u00fcr Frauen zu sagen haben, bieten mit ihrem Impuls\u00a0Inspiration und Ermutigung. An den wunderbar dekorierten Tischen gibt es Gelegenheit Kontakte zu kn\u00fcpfen, gute Gespr\u00e4che zu f\u00fchren und &hellip; \u201eFrauenfr\u00fchst\u00fcck\u201c weiterlesen","og_url":"https:\/\/www.lifebase.org\/wp1\/frauenfruehstueck\/","article_modified_time":"2021-02-08T13:07:33+00:00","og_image":[{"width":900,"height":564,"url":"https:\/\/www.lifebase.org\/wp1\/wp-content\/uploads\/2021\/01\/HP_frauenfruehstueck_900.jpg","type":"image\/jpeg"}],"twitter_card":"summary_large_image","twitter_misc":{"Gesch\u00e4tzte Lesezeit":"1\u00a0Minute"},"schema":{"@context":"https:\/\/schema.org","@graph":[{"@type":"WebPage","@id":"https:\/\/www.lifebase.org\/wp1\/frauenfruehstueck\/","url":"https:\/\/www.lifebase.org\/wp1\/frauenfruehstueck\/","name":"Frauenfr\u00fchst\u00fcck -","isPartOf":{"@id":"https:\/\/www.lifebase.org\/wp1\/#website"},"primaryImageOfPage":{"@id":"https:\/\/www.lifebase.org\/wp1\/frauenfruehstueck\/#primaryimage"},"image":{"@id":"https:\/\/www.lifebase.org\/wp1\/frauenfruehstueck\/#primaryimage"},"thumbnailUrl":"https:\/\/www.lifebase.org\/wp1\/wp-content\/uploads\/2021\/01\/HP_frauenfruehstueck_900.jpg","datePublished":"2021-01-18T17:22:21+00:00","dateModified":"2021-02-08T13:07:33+00:00","breadcrumb":{"@id":"https:\/\/www.lifebase.org\/wp1\/frauenfruehstueck\/#breadcrumb"},"inLanguage":"de","potentialAction":[{"@type":"ReadAction","target":["https:\/\/www.lifebase.org\/wp1\/frauenfruehstueck\/"]}]},{"@type":"ImageObject","inLanguage":"de","@id":"https:\/\/www.lifebase.org\/wp1\/frauenfruehstueck\/#primaryimage","url":"https:\/\/www.lifebase.org\/wp1\/wp-content\/uploads\/2021\/01\/HP_frauenfruehstueck_900.jpg","contentUrl":"https:\/\/www.lifebase.org\/wp1\/wp-content\/uploads\/2021\/01\/HP_frauenfruehstueck_900.jpg","width":900,"height":564},{"@type":"BreadcrumbList","@id":"https:\/\/www.lifebase.org\/wp1\/frauenfruehstueck\/#breadcrumb","itemListElement":[{"@type":"ListItem","position":1,"name":"Startseite","item":"https:\/\/www.lifebase.org\/wp1\/"},{"@type":"ListItem","position":2,"name":"Frauenfr\u00fchst\u00fcck"}]},{"@type":"WebSite","@id":"https:\/\/www.lifebase.org\/wp1\/#website","url":"https:\/\/www.lifebase.org\/wp1\/","name":"","description":"Freie evangelische Gemeinde in Gerlingen","potentialAction":[{"@type":"SearchAction","target":{"@type":"EntryPoint","urlTemplate":"https:\/\/www.lifebase.org\/wp1\/?s={search_term_string}"},"query-input":{"@type":"PropertyValueSpecification","valueRequired":true,"valueName":"search_term_string"}}],"inLanguage":"de"}]}},"_links":{"self":[{"href":"https:\/\/www.lifebase.org\/wp1\/wp-json\/wp\/v2\/pages\/744","targetHints":{"allow":["GET"]}}],"collection":[{"href":"https:\/\/www.lifebase.org\/wp1\/wp-json\/wp\/v2\/pages"}],"about":[{"href":"https:\/\/www.lifebase.org\/wp1\/wp-json\/wp\/v2\/types\/page"}],"author":[{"embeddable":true,"href":"https:\/\/www.lifebase.org\/wp1\/wp-json\/wp\/v2\/users\/5"}],"replies":[{"embeddable":true,"href":"https:\/\/www.lifebase.org\/wp1\/wp-json\/wp\/v2\/comments?post=744"}],"version-history":[{"count":4,"href":"https:\/\/www.lifebase.org\/wp1\/wp-json\/wp\/v2\/pages\/744\/revisions"}],"predecessor-version":[{"id":899,"href":"https:\/\/www.lifebase.org\/wp1\/wp-json\/wp\/v2\/pages\/744\/revisions\/899"}],"wp:featuredmedia":[{"embeddable":true,"href":"https:\/\/www.lifebase.org\/wp1\/wp-json\/wp\/v2\/media\/769"}],"wp:attachment":[{"href":"https:\/\/www.lifebase.org\/wp1\/wp-json\/wp\/v2\/media?parent=744"}],"curies":[{"name":"wp","href":"https:\/\/api.w.org\/{rel}","templated":true}]}}