{"id":74,"date":"2020-04-16T20:04:05","date_gmt":"2020-04-16T18:04:05","guid":{"rendered":"http:\/\/lifebase.org.w0206e66.kasserver.com\/wp1\/?page_id=74"},"modified":"2021-01-26T16:10:58","modified_gmt":"2021-01-26T15:10:58","slug":"taufe","status":"publish","type":"page","link":"https:\/\/www.lifebase.org\/wp1\/glaube\/taufe\/","title":{"rendered":"Taufe"},"content":{"rendered":"\n<p>Wir praktizieren die Glaubenstaufe. Das bedeutet, dass die Taufe aufgrund des pers\u00f6nlichen Glaubens, der durch Gottes Wort und Geist angenommen worden ist, vollzogen wird. Die Taufe ist zugleich die dankbare und bewusste Antwort des T\u00e4uflings f\u00fcr das Geschenk des ewigen Lebens durch den Tod Jesu Christi am Kreuz von Golgatha. Die Vorbereitung f\u00fcr die Taufe findet meist in einem Taufseminar statt, in dem alle Fragen rund um die Taufe und den Glauben ihren Platz haben.&nbsp;<\/p>\n\n\n\n<p>Die Taufgottesdienste sind H\u00f6hepunkte in unserem Gemeindeleben. In den letzten Jahren fanden die meisten Taufen am Horrheimer See statt. Im Anschluss besteht die M\u00f6glichkeit am See gemeinsam zu grillen, zu schwimmen und Gemeinschaft zu haben.\u00a0<\/p>\n","protected":false},"excerpt":{"rendered":"<p>Wir praktizieren die Glaubenstaufe. Das bedeutet, dass die Taufe aufgrund des pers\u00f6nlichen Glaubens, der durch Gottes Wort und Geist angenommen worden ist, vollzogen wird. Die Taufe ist zugleich die dankbare und bewusste Antwort des T\u00e4uflings f\u00fcr das Geschenk des ewigen Lebens durch den Tod Jesu Christi am Kreuz von Golgatha. Die Vorbereitung f\u00fcr die Taufe &hellip; <\/p>\n<p class=\"link-more\"><a href=\"https:\/\/www.lifebase.org\/wp1\/glaube\/taufe\/\" class=\"more-link\"><span class=\"screen-reader-text\">\u201eTaufe\u201c<\/span> weiterlesen<\/a><\/p>\n","protected":false},"author":6,"featured_media":614,"parent":62,"menu_order":0,"comment_status":"closed","ping_status":"closed","template":"","meta":{"footnotes":""},"class_list":["post-74","page","type-page","status-publish","has-post-thumbnail","hentry"],"yoast_head":"<!-- This site is optimized with the Yoast SEO plugin v27.4 - https:\/\/yoast.com\/product\/yoast-seo-wordpress\/ -->\n<title>Taufe -<\/title>\n<meta name=\"robots\" content=\"index, follow, max-snippet:-1, max-image-preview:large, max-video-preview:-1\" \/>\n<link rel=\"canonical\" href=\"https:\/\/www.lifebase.org\/wp1\/glaube\/taufe\/\" \/>\n<meta property=\"og:locale\" content=\"de_DE\" \/>\n<meta property=\"og:type\" content=\"article\" \/>\n<meta property=\"og:title\" content=\"Taufe -\" \/>\n<meta property=\"og:description\" content=\"Wir praktizieren die Glaubenstaufe. Das bedeutet, dass die Taufe aufgrund des pers\u00f6nlichen Glaubens, der durch Gottes Wort und Geist angenommen worden ist, vollzogen wird. Die Taufe ist zugleich die dankbare und bewusste Antwort des T\u00e4uflings f\u00fcr das Geschenk des ewigen Lebens durch den Tod Jesu Christi am Kreuz von Golgatha. Die Vorbereitung f\u00fcr die Taufe &hellip; \u201eTaufe\u201c weiterlesen\" \/>\n<meta property=\"og:url\" content=\"https:\/\/www.lifebase.org\/wp1\/glaube\/taufe\/\" \/>\n<meta property=\"article:modified_time\" content=\"2021-01-26T15:10:58+00:00\" \/>\n<meta property=\"og:image\" content=\"https:\/\/www.lifebase.org\/wp1\/wp-content\/uploads\/2021\/01\/HP_taufe_900.jpg\" \/>\n\t<meta property=\"og:image:width\" content=\"900\" \/>\n\t<meta property=\"og:image:height\" content=\"564\" \/>\n\t<meta property=\"og:image:type\" content=\"image\/jpeg\" \/>\n<meta name=\"twitter:card\" content=\"summary_large_image\" \/>\n<meta name=\"twitter:label1\" content=\"Gesch\u00e4tzte Lesezeit\" \/>\n\t<meta name=\"twitter:data1\" content=\"1\u00a0Minute\" \/>\n<script type=\"application\/ld+json\" class=\"yoast-schema-graph\">{\"@context\":\"https:\\\/\\\/schema.org\",\"@graph\":[{\"@type\":\"WebPage\",\"@id\":\"https:\\\/\\\/www.lifebase.org\\\/wp1\\\/glaube\\\/taufe\\\/\",\"url\":\"https:\\\/\\\/www.lifebase.org\\\/wp1\\\/glaube\\\/taufe\\\/\",\"name\":\"Taufe -\",\"isPartOf\":{\"@id\":\"https:\\\/\\\/www.lifebase.org\\\/wp1\\\/#website\"},\"primaryImageOfPage\":{\"@id\":\"https:\\\/\\\/www.lifebase.org\\\/wp1\\\/glaube\\\/taufe\\\/#primaryimage\"},\"image\":{\"@id\":\"https:\\\/\\\/www.lifebase.org\\\/wp1\\\/glaube\\\/taufe\\\/#primaryimage\"},\"thumbnailUrl\":\"https:\\\/\\\/www.lifebase.org\\\/wp1\\\/wp-content\\\/uploads\\\/2021\\\/01\\\/HP_taufe_900.jpg\",\"datePublished\":\"2020-04-16T18:04:05+00:00\",\"dateModified\":\"2021-01-26T15:10:58+00:00\",\"breadcrumb\":{\"@id\":\"https:\\\/\\\/www.lifebase.org\\\/wp1\\\/glaube\\\/taufe\\\/#breadcrumb\"},\"inLanguage\":\"de\",\"potentialAction\":[{\"@type\":\"ReadAction\",\"target\":[\"https:\\\/\\\/www.lifebase.org\\\/wp1\\\/glaube\\\/taufe\\\/\"]}]},{\"@type\":\"ImageObject\",\"inLanguage\":\"de\",\"@id\":\"https:\\\/\\\/www.lifebase.org\\\/wp1\\\/glaube\\\/taufe\\\/#primaryimage\",\"url\":\"https:\\\/\\\/www.lifebase.org\\\/wp1\\\/wp-content\\\/uploads\\\/2021\\\/01\\\/HP_taufe_900.jpg\",\"contentUrl\":\"https:\\\/\\\/www.lifebase.org\\\/wp1\\\/wp-content\\\/uploads\\\/2021\\\/01\\\/HP_taufe_900.jpg\",\"width\":900,\"height\":564},{\"@type\":\"BreadcrumbList\",\"@id\":\"https:\\\/\\\/www.lifebase.org\\\/wp1\\\/glaube\\\/taufe\\\/#breadcrumb\",\"itemListElement\":[{\"@type\":\"ListItem\",\"position\":1,\"name\":\"Startseite\",\"item\":\"https:\\\/\\\/www.lifebase.org\\\/wp1\\\/\"},{\"@type\":\"ListItem\",\"position\":2,\"name\":\"Glaube\",\"item\":\"https:\\\/\\\/www.lifebase.org\\\/wp1\\\/glaube\\\/\"},{\"@type\":\"ListItem\",\"position\":3,\"name\":\"Taufe\"}]},{\"@type\":\"WebSite\",\"@id\":\"https:\\\/\\\/www.lifebase.org\\\/wp1\\\/#website\",\"url\":\"https:\\\/\\\/www.lifebase.org\\\/wp1\\\/\",\"name\":\"\",\"description\":\"Freie evangelische Gemeinde in Gerlingen\",\"potentialAction\":[{\"@type\":\"SearchAction\",\"target\":{\"@type\":\"EntryPoint\",\"urlTemplate\":\"https:\\\/\\\/www.lifebase.org\\\/wp1\\\/?s={search_term_string}\"},\"query-input\":{\"@type\":\"PropertyValueSpecification\",\"valueRequired\":true,\"valueName\":\"search_term_string\"}}],\"inLanguage\":\"de\"}]}<\/script>\n<!-- \/ Yoast SEO plugin. -->","yoast_head_json":{"title":"Taufe -","robots":{"index":"index","follow":"follow","max-snippet":"max-snippet:-1","max-image-preview":"max-image-preview:large","max-video-preview":"max-video-preview:-1"},"canonical":"https:\/\/www.lifebase.org\/wp1\/glaube\/taufe\/","og_locale":"de_DE","og_type":"article","og_title":"Taufe -","og_description":"Wir praktizieren die Glaubenstaufe. Das bedeutet, dass die Taufe aufgrund des pers\u00f6nlichen Glaubens, der durch Gottes Wort und Geist angenommen worden ist, vollzogen wird. Die Taufe ist zugleich die dankbare und bewusste Antwort des T\u00e4uflings f\u00fcr das Geschenk des ewigen Lebens durch den Tod Jesu Christi am Kreuz von Golgatha. Die Vorbereitung f\u00fcr die Taufe &hellip; \u201eTaufe\u201c weiterlesen","og_url":"https:\/\/www.lifebase.org\/wp1\/glaube\/taufe\/","article_modified_time":"2021-01-26T15:10:58+00:00","og_image":[{"width":900,"height":564,"url":"https:\/\/www.lifebase.org\/wp1\/wp-content\/uploads\/2021\/01\/HP_taufe_900.jpg","type":"image\/jpeg"}],"twitter_card":"summary_large_image","twitter_misc":{"Gesch\u00e4tzte Lesezeit":"1\u00a0Minute"},"schema":{"@context":"https:\/\/schema.org","@graph":[{"@type":"WebPage","@id":"https:\/\/www.lifebase.org\/wp1\/glaube\/taufe\/","url":"https:\/\/www.lifebase.org\/wp1\/glaube\/taufe\/","name":"Taufe -","isPartOf":{"@id":"https:\/\/www.lifebase.org\/wp1\/#website"},"primaryImageOfPage":{"@id":"https:\/\/www.lifebase.org\/wp1\/glaube\/taufe\/#primaryimage"},"image":{"@id":"https:\/\/www.lifebase.org\/wp1\/glaube\/taufe\/#primaryimage"},"thumbnailUrl":"https:\/\/www.lifebase.org\/wp1\/wp-content\/uploads\/2021\/01\/HP_taufe_900.jpg","datePublished":"2020-04-16T18:04:05+00:00","dateModified":"2021-01-26T15:10:58+00:00","breadcrumb":{"@id":"https:\/\/www.lifebase.org\/wp1\/glaube\/taufe\/#breadcrumb"},"inLanguage":"de","potentialAction":[{"@type":"ReadAction","target":["https:\/\/www.lifebase.org\/wp1\/glaube\/taufe\/"]}]},{"@type":"ImageObject","inLanguage":"de","@id":"https:\/\/www.lifebase.org\/wp1\/glaube\/taufe\/#primaryimage","url":"https:\/\/www.lifebase.org\/wp1\/wp-content\/uploads\/2021\/01\/HP_taufe_900.jpg","contentUrl":"https:\/\/www.lifebase.org\/wp1\/wp-content\/uploads\/2021\/01\/HP_taufe_900.jpg","width":900,"height":564},{"@type":"BreadcrumbList","@id":"https:\/\/www.lifebase.org\/wp1\/glaube\/taufe\/#breadcrumb","itemListElement":[{"@type":"ListItem","position":1,"name":"Startseite","item":"https:\/\/www.lifebase.org\/wp1\/"},{"@type":"ListItem","position":2,"name":"Glaube","item":"https:\/\/www.lifebase.org\/wp1\/glaube\/"},{"@type":"ListItem","position":3,"name":"Taufe"}]},{"@type":"WebSite","@id":"https:\/\/www.lifebase.org\/wp1\/#website","url":"https:\/\/www.lifebase.org\/wp1\/","name":"","description":"Freie evangelische Gemeinde in Gerlingen","potentialAction":[{"@type":"SearchAction","target":{"@type":"EntryPoint","urlTemplate":"https:\/\/www.lifebase.org\/wp1\/?s={search_term_string}"},"query-input":{"@type":"PropertyValueSpecification","valueRequired":true,"valueName":"search_term_string"}}],"inLanguage":"de"}]}},"_links":{"self":[{"href":"https:\/\/www.lifebase.org\/wp1\/wp-json\/wp\/v2\/pages\/74","targetHints":{"allow":["GET"]}}],"collection":[{"href":"https:\/\/www.lifebase.org\/wp1\/wp-json\/wp\/v2\/pages"}],"about":[{"href":"https:\/\/www.lifebase.org\/wp1\/wp-json\/wp\/v2\/types\/page"}],"author":[{"embeddable":true,"href":"https:\/\/www.lifebase.org\/wp1\/wp-json\/wp\/v2\/users\/6"}],"replies":[{"embeddable":true,"href":"https:\/\/www.lifebase.org\/wp1\/wp-json\/wp\/v2\/comments?post=74"}],"version-history":[{"count":7,"href":"https:\/\/www.lifebase.org\/wp1\/wp-json\/wp\/v2\/pages\/74\/revisions"}],"predecessor-version":[{"id":885,"href":"https:\/\/www.lifebase.org\/wp1\/wp-json\/wp\/v2\/pages\/74\/revisions\/885"}],"up":[{"embeddable":true,"href":"https:\/\/www.lifebase.org\/wp1\/wp-json\/wp\/v2\/pages\/62"}],"wp:featuredmedia":[{"embeddable":true,"href":"https:\/\/www.lifebase.org\/wp1\/wp-json\/wp\/v2\/media\/614"}],"wp:attachment":[{"href":"https:\/\/www.lifebase.org\/wp1\/wp-json\/wp\/v2\/media?parent=74"}],"curies":[{"name":"wp","href":"https:\/\/api.w.org\/{rel}","templated":true}]}}