{"id":73,"date":"2020-04-16T20:04:05","date_gmt":"2020-04-16T18:04:05","guid":{"rendered":"http:\/\/lifebase.org.w0206e66.kasserver.com\/wp1\/?page_id=73"},"modified":"2021-01-26T16:10:15","modified_gmt":"2021-01-26T15:10:15","slug":"abendmahl","status":"publish","type":"page","link":"https:\/\/www.lifebase.org\/wp1\/glaube\/abendmahl\/","title":{"rendered":"Abendmahl"},"content":{"rendered":"\n<p>Bei Lifebase feiern wir an jedem ersten Sonntag im Monat das Abendmahl. Es ist eines <br>der wenigen Dinge, die Jesus seinen Nachfolgern als immerw\u00e4hrende Aufgabe bis zu seinem Wiederkommen mit auf den Weg gegeben hat. Und das aus gutem Grund: schlie\u00dflich betont das aus dem j\u00fcdischen Passahmahl abgeleitete Abendmahl die zentralen Punkte des christlichen Glaubens: das Sterben Jesus und seinen Sieg \u00fcber den Tod, der <br>uns die Erl\u00f6sung und die ewige Gemeinschaft mit dem himmlischen Vater erm\u00f6glicht hat. <br>So sollen wir uns an ihn und sein Handeln hier auf der Erde vor nunmehr 2000 Jahren erinnern, an seine Liebe und Selbsthingabe f\u00fcr uns Menschen.<\/p>\n\n\n\n<!--more-->\n\n\n\n<p>In den Worten, die Jesus bei seinem letzten Passahmahl mit seinen J\u00fcngern direkt vor seinem Weg ans Kreuz gesprochen hat, wird dies ganz deutlich: er nahm das Brot, dankte und brach\u2019s und gab\u2019s den J\u00fcngern und sprach: <em>\u201eNehmet, esset. Das ist mein Leib, der f\u00fcr euch gebrochen wird. Solches tut zu meinem Ged\u00e4chtnis.\u201c<\/em> Dann nahm er den Kelch und dankte, gab ihnen den und sagte: <em>\u201eTrinket alle daraus. Das ist mein Blut des Bundes, welches vergossen wird f\u00fcr viele zur Vergebung der S\u00fcnden. Solches tut, so oft ihr\u2019s trinket, zu meinem Ged\u00e4chtnis. Ich sage euch: Ich werde von nun an nicht mehr von diesen Gew\u00e4chs des Weinstocks trinken bis an den Tag, da ich\u2019s neu trinken werde mit euch in meines Vaters Reich.\u201c<\/em><\/p>\n\n\n\n<p>Durch Jesu Tod ist der Weg f\u00fcr die S\u00fcndenvergebung und somit der Zugang zu Gott f\u00fcr uns Menschen frei. Diese Gnade wollen und sollen wir auch dadurch wertsch\u00e4tzen, dass wir uns im Abendmahl diese Vergebung neu zusprechen lassen und unseren Dank daf\u00fcr ausdr\u00fccken. Wir d\u00fcrfen feiern und Gott loben, weil seine Barmherzigkeit und Liebe diese Vergebung bewirken und ein neues freies Leben erm\u00f6glichen. So hat dieses gemeinsame Mahl zwei ganz unterschiedliche Aspekte: zum einen die Erinnerung an Jesu leidensvolles Sterben und an unsere Schuld, die letztlich daf\u00fcr verantwortlich ist \u2013 auf der anderen Seite aber auch die Freude \u00fcber seinen Sieg \u00fcber S\u00fcnde und Tod und sein Versprechen der ewigen Gemeinschaft f\u00fcr alle, die ihm ihr Leben \u00fcbergeben. Daher ist es auch gut, beim Feiern des Abendmahls eine Zeit der Stille zu haben, in der jeder sich auf sich selbst besinnt und seine S\u00fcnden und Lasten im stillen Gebet zu Gott bringt und mit Gott reinen Tisch machen kann.<\/p>\n\n\n\n<p><em><span style=\"color:#1e6584\" class=\"has-inline-color\">Darf ich an Deinen Tisch kommen?<br>Habe ich das verdient?<br>Kann ich mir das verdienen?<br>Was bringe ich dazu mit?<br>Kann ich Dir \u00fcberhaupt was geben?<br>Wie willst Du, dass ich bin?<br>Wie bin ich wirklich?<br>Barmherzig, gut und freundlich?<br>Oder gereizt, genervt und oberfl\u00e4chlich?<br>Bin ich liebevoll, vergebend und gn\u00e4dig?<br>Oder hartherzig, stur und rechthaberisch?<br>Bin ich mit Dir?<br>Du hast gesagt: \u201eIch bin, der ich bin.\u201c<br>Aber wer bin ich?<br>Habe ich mein Leben in Deine H\u00e4nde gelegt?<br>Dir die F\u00fchrung \u00fcberlassen?<br>Du wei\u00dft das alles. Vieles besser als ich. Weil Du mich siehst wie ich bin, <\/span><\/em><br><em><span style=\"color:#1e6584\" class=\"has-inline-color\">aber ich mich gerne so sehe, wie ich sein m\u00f6chte.<br>\u00dcberraschungen und Geheimnisse gibt es da f\u00fcr Dich nicht.<br>Und genau so komme ich nun zu Dir. So wie ich bin, wie Du mich kennst, <\/span><\/em><br><em><span style=\"color:#1e6584\" class=\"has-inline-color\">wie Du mich siehst. Mit allem was ich richtig und mit allem was ich falsch mache.<br>All das trage ich jetzt zu Dir und lege es in Deine H\u00e4nde. Alles. Und bin frei.<br>Du hast mir Dein Leben und Dein Sterben zum Geschenk gemacht.<br>Du hast mir die Auferstehung geschenkt. Weil ich toll und gut bin?<br>Sicher nicht. Nur weil Du gn\u00e4dig bist. Weil Du mich angenommen hast. <\/span><\/em><br><em><span style=\"color:#1e6584\" class=\"has-inline-color\">Weil Du mich gerecht gemacht hast. Du kennst mein Herz. Und mein Herz geht <\/span><\/em><br><em><span style=\"color:#1e6584\" class=\"has-inline-color\">\u00fcber vor Freude. \u00dcber Dein Geschenk. \u00dcber Deine Einladung, an Deinen <\/span><\/em><br><em><span style=\"color:#1e6584\" class=\"has-inline-color\">Tisch zu kommen. Ich darf nicht nur lesen oder h\u00f6ren, <\/span><\/em><br><em><span style=\"color:#1e6584\" class=\"has-inline-color\">nein, ich darf schmecken und sehen wie freundlich Du bist.<br>Darf ich an Deinen Tisch kommen?<br>Ja, ich darf an Deinen Tisch kommen und leben. Ich bin eingeladen.<br>Halleluja und Amen.<\/span><\/em><\/p>\n\n\n\n<p class=\"has-text-align-right\"><em><span style=\"color:#0e455c\" class=\"has-inline-color\">(Bettina Enz)<\/span><\/em><\/p>\n\n\n\n<p>Mit dem Zuspruch der Vergebung k\u00f6nnen wir dann das gemeinsame Mahl voller Freude und Dank feiern. Wir d\u00fcrfen auch unseren Blick ganz weit machen und uns bewusst werden, dass wir Teil des weltweiten und zeit\u00fcbergreifenden Leibes Christi sind und gemeinsam mit allen, die an Jesus glauben auf eine ewige Gemeinschaft mit ihm zugehen. So soll das gemeinsame Mahl eine Kraftquelle f\u00fcr unser Leben und eine Wegzehrung sein, die uns zeigt, dass unser Herr mit uns auf dem Weg ist.<\/p>\n\n\n\n<p><span style=\"color:#326e91\" class=\"has-inline-color\"><em><strong>In unseren Gottesdiensten  reichen wir zum Abendmahl einfaches, geschnittenes Brot sowie Wein und Traubensaft in Einzelkelchen.<\/strong><\/em><\/span><em> <strong><span style=\"color:#326e91\" class=\"has-inline-color\">Wenn Brot und Wein durch die Reihen gereicht werden, ist es jedem freigestellt sich am Abendmahl zu beteiligen oder es weiterzureichen.<\/span><\/strong><\/em><\/p>\n","protected":false},"excerpt":{"rendered":"<p>Bei Lifebase feiern wir an jedem ersten Sonntag im Monat das Abendmahl. Es ist eines der wenigen Dinge, die Jesus seinen Nachfolgern als immerw\u00e4hrende Aufgabe bis zu seinem Wiederkommen mit auf den Weg gegeben hat. Und das aus gutem Grund: schlie\u00dflich betont das aus dem j\u00fcdischen Passahmahl abgeleitete Abendmahl die zentralen Punkte des christlichen Glaubens: &hellip; <\/p>\n<p class=\"link-more\"><a href=\"https:\/\/www.lifebase.org\/wp1\/glaube\/abendmahl\/\" class=\"more-link\"><span class=\"screen-reader-text\">\u201eAbendmahl\u201c<\/span> weiterlesen<\/a><\/p>\n","protected":false},"author":6,"featured_media":605,"parent":62,"menu_order":0,"comment_status":"closed","ping_status":"closed","template":"","meta":{"footnotes":""},"class_list":["post-73","page","type-page","status-publish","has-post-thumbnail","hentry"],"yoast_head":"<!-- This site is optimized with the Yoast SEO plugin v27.4 - https:\/\/yoast.com\/product\/yoast-seo-wordpress\/ -->\n<title>Abendmahl -<\/title>\n<meta name=\"robots\" content=\"index, follow, max-snippet:-1, max-image-preview:large, max-video-preview:-1\" \/>\n<link rel=\"canonical\" href=\"https:\/\/www.lifebase.org\/wp1\/glaube\/abendmahl\/\" \/>\n<meta property=\"og:locale\" content=\"de_DE\" \/>\n<meta property=\"og:type\" content=\"article\" \/>\n<meta property=\"og:title\" content=\"Abendmahl -\" \/>\n<meta property=\"og:description\" content=\"Bei Lifebase feiern wir an jedem ersten Sonntag im Monat das Abendmahl. Es ist eines der wenigen Dinge, die Jesus seinen Nachfolgern als immerw\u00e4hrende Aufgabe bis zu seinem Wiederkommen mit auf den Weg gegeben hat. Und das aus gutem Grund: schlie\u00dflich betont das aus dem j\u00fcdischen Passahmahl abgeleitete Abendmahl die zentralen Punkte des christlichen Glaubens: &hellip; \u201eAbendmahl\u201c weiterlesen\" \/>\n<meta property=\"og:url\" content=\"https:\/\/www.lifebase.org\/wp1\/glaube\/abendmahl\/\" \/>\n<meta property=\"article:modified_time\" content=\"2021-01-26T15:10:15+00:00\" \/>\n<meta property=\"og:image\" content=\"https:\/\/www.lifebase.org\/wp1\/wp-content\/uploads\/2021\/01\/HP_abendmahl_900.jpg\" \/>\n\t<meta property=\"og:image:width\" content=\"900\" \/>\n\t<meta property=\"og:image:height\" content=\"564\" \/>\n\t<meta property=\"og:image:type\" content=\"image\/jpeg\" \/>\n<meta name=\"twitter:card\" content=\"summary_large_image\" \/>\n<meta name=\"twitter:label1\" content=\"Gesch\u00e4tzte Lesezeit\" \/>\n\t<meta name=\"twitter:data1\" content=\"4\u00a0Minuten\" \/>\n<script type=\"application\/ld+json\" class=\"yoast-schema-graph\">{\"@context\":\"https:\\\/\\\/schema.org\",\"@graph\":[{\"@type\":\"WebPage\",\"@id\":\"https:\\\/\\\/www.lifebase.org\\\/wp1\\\/glaube\\\/abendmahl\\\/\",\"url\":\"https:\\\/\\\/www.lifebase.org\\\/wp1\\\/glaube\\\/abendmahl\\\/\",\"name\":\"Abendmahl -\",\"isPartOf\":{\"@id\":\"https:\\\/\\\/www.lifebase.org\\\/wp1\\\/#website\"},\"primaryImageOfPage\":{\"@id\":\"https:\\\/\\\/www.lifebase.org\\\/wp1\\\/glaube\\\/abendmahl\\\/#primaryimage\"},\"image\":{\"@id\":\"https:\\\/\\\/www.lifebase.org\\\/wp1\\\/glaube\\\/abendmahl\\\/#primaryimage\"},\"thumbnailUrl\":\"https:\\\/\\\/www.lifebase.org\\\/wp1\\\/wp-content\\\/uploads\\\/2021\\\/01\\\/HP_abendmahl_900.jpg\",\"datePublished\":\"2020-04-16T18:04:05+00:00\",\"dateModified\":\"2021-01-26T15:10:15+00:00\",\"breadcrumb\":{\"@id\":\"https:\\\/\\\/www.lifebase.org\\\/wp1\\\/glaube\\\/abendmahl\\\/#breadcrumb\"},\"inLanguage\":\"de\",\"potentialAction\":[{\"@type\":\"ReadAction\",\"target\":[\"https:\\\/\\\/www.lifebase.org\\\/wp1\\\/glaube\\\/abendmahl\\\/\"]}]},{\"@type\":\"ImageObject\",\"inLanguage\":\"de\",\"@id\":\"https:\\\/\\\/www.lifebase.org\\\/wp1\\\/glaube\\\/abendmahl\\\/#primaryimage\",\"url\":\"https:\\\/\\\/www.lifebase.org\\\/wp1\\\/wp-content\\\/uploads\\\/2021\\\/01\\\/HP_abendmahl_900.jpg\",\"contentUrl\":\"https:\\\/\\\/www.lifebase.org\\\/wp1\\\/wp-content\\\/uploads\\\/2021\\\/01\\\/HP_abendmahl_900.jpg\",\"width\":900,\"height\":564},{\"@type\":\"BreadcrumbList\",\"@id\":\"https:\\\/\\\/www.lifebase.org\\\/wp1\\\/glaube\\\/abendmahl\\\/#breadcrumb\",\"itemListElement\":[{\"@type\":\"ListItem\",\"position\":1,\"name\":\"Startseite\",\"item\":\"https:\\\/\\\/www.lifebase.org\\\/wp1\\\/\"},{\"@type\":\"ListItem\",\"position\":2,\"name\":\"Glaube\",\"item\":\"https:\\\/\\\/www.lifebase.org\\\/wp1\\\/glaube\\\/\"},{\"@type\":\"ListItem\",\"position\":3,\"name\":\"Abendmahl\"}]},{\"@type\":\"WebSite\",\"@id\":\"https:\\\/\\\/www.lifebase.org\\\/wp1\\\/#website\",\"url\":\"https:\\\/\\\/www.lifebase.org\\\/wp1\\\/\",\"name\":\"\",\"description\":\"Freie evangelische Gemeinde in Gerlingen\",\"potentialAction\":[{\"@type\":\"SearchAction\",\"target\":{\"@type\":\"EntryPoint\",\"urlTemplate\":\"https:\\\/\\\/www.lifebase.org\\\/wp1\\\/?s={search_term_string}\"},\"query-input\":{\"@type\":\"PropertyValueSpecification\",\"valueRequired\":true,\"valueName\":\"search_term_string\"}}],\"inLanguage\":\"de\"}]}<\/script>\n<!-- \/ Yoast SEO plugin. -->","yoast_head_json":{"title":"Abendmahl -","robots":{"index":"index","follow":"follow","max-snippet":"max-snippet:-1","max-image-preview":"max-image-preview:large","max-video-preview":"max-video-preview:-1"},"canonical":"https:\/\/www.lifebase.org\/wp1\/glaube\/abendmahl\/","og_locale":"de_DE","og_type":"article","og_title":"Abendmahl -","og_description":"Bei Lifebase feiern wir an jedem ersten Sonntag im Monat das Abendmahl. Es ist eines der wenigen Dinge, die Jesus seinen Nachfolgern als immerw\u00e4hrende Aufgabe bis zu seinem Wiederkommen mit auf den Weg gegeben hat. Und das aus gutem Grund: schlie\u00dflich betont das aus dem j\u00fcdischen Passahmahl abgeleitete Abendmahl die zentralen Punkte des christlichen Glaubens: &hellip; \u201eAbendmahl\u201c weiterlesen","og_url":"https:\/\/www.lifebase.org\/wp1\/glaube\/abendmahl\/","article_modified_time":"2021-01-26T15:10:15+00:00","og_image":[{"width":900,"height":564,"url":"https:\/\/www.lifebase.org\/wp1\/wp-content\/uploads\/2021\/01\/HP_abendmahl_900.jpg","type":"image\/jpeg"}],"twitter_card":"summary_large_image","twitter_misc":{"Gesch\u00e4tzte Lesezeit":"4\u00a0Minuten"},"schema":{"@context":"https:\/\/schema.org","@graph":[{"@type":"WebPage","@id":"https:\/\/www.lifebase.org\/wp1\/glaube\/abendmahl\/","url":"https:\/\/www.lifebase.org\/wp1\/glaube\/abendmahl\/","name":"Abendmahl -","isPartOf":{"@id":"https:\/\/www.lifebase.org\/wp1\/#website"},"primaryImageOfPage":{"@id":"https:\/\/www.lifebase.org\/wp1\/glaube\/abendmahl\/#primaryimage"},"image":{"@id":"https:\/\/www.lifebase.org\/wp1\/glaube\/abendmahl\/#primaryimage"},"thumbnailUrl":"https:\/\/www.lifebase.org\/wp1\/wp-content\/uploads\/2021\/01\/HP_abendmahl_900.jpg","datePublished":"2020-04-16T18:04:05+00:00","dateModified":"2021-01-26T15:10:15+00:00","breadcrumb":{"@id":"https:\/\/www.lifebase.org\/wp1\/glaube\/abendmahl\/#breadcrumb"},"inLanguage":"de","potentialAction":[{"@type":"ReadAction","target":["https:\/\/www.lifebase.org\/wp1\/glaube\/abendmahl\/"]}]},{"@type":"ImageObject","inLanguage":"de","@id":"https:\/\/www.lifebase.org\/wp1\/glaube\/abendmahl\/#primaryimage","url":"https:\/\/www.lifebase.org\/wp1\/wp-content\/uploads\/2021\/01\/HP_abendmahl_900.jpg","contentUrl":"https:\/\/www.lifebase.org\/wp1\/wp-content\/uploads\/2021\/01\/HP_abendmahl_900.jpg","width":900,"height":564},{"@type":"BreadcrumbList","@id":"https:\/\/www.lifebase.org\/wp1\/glaube\/abendmahl\/#breadcrumb","itemListElement":[{"@type":"ListItem","position":1,"name":"Startseite","item":"https:\/\/www.lifebase.org\/wp1\/"},{"@type":"ListItem","position":2,"name":"Glaube","item":"https:\/\/www.lifebase.org\/wp1\/glaube\/"},{"@type":"ListItem","position":3,"name":"Abendmahl"}]},{"@type":"WebSite","@id":"https:\/\/www.lifebase.org\/wp1\/#website","url":"https:\/\/www.lifebase.org\/wp1\/","name":"","description":"Freie evangelische Gemeinde in Gerlingen","potentialAction":[{"@type":"SearchAction","target":{"@type":"EntryPoint","urlTemplate":"https:\/\/www.lifebase.org\/wp1\/?s={search_term_string}"},"query-input":{"@type":"PropertyValueSpecification","valueRequired":true,"valueName":"search_term_string"}}],"inLanguage":"de"}]}},"_links":{"self":[{"href":"https:\/\/www.lifebase.org\/wp1\/wp-json\/wp\/v2\/pages\/73","targetHints":{"allow":["GET"]}}],"collection":[{"href":"https:\/\/www.lifebase.org\/wp1\/wp-json\/wp\/v2\/pages"}],"about":[{"href":"https:\/\/www.lifebase.org\/wp1\/wp-json\/wp\/v2\/types\/page"}],"author":[{"embeddable":true,"href":"https:\/\/www.lifebase.org\/wp1\/wp-json\/wp\/v2\/users\/6"}],"replies":[{"embeddable":true,"href":"https:\/\/www.lifebase.org\/wp1\/wp-json\/wp\/v2\/comments?post=73"}],"version-history":[{"count":9,"href":"https:\/\/www.lifebase.org\/wp1\/wp-json\/wp\/v2\/pages\/73\/revisions"}],"predecessor-version":[{"id":672,"href":"https:\/\/www.lifebase.org\/wp1\/wp-json\/wp\/v2\/pages\/73\/revisions\/672"}],"up":[{"embeddable":true,"href":"https:\/\/www.lifebase.org\/wp1\/wp-json\/wp\/v2\/pages\/62"}],"wp:featuredmedia":[{"embeddable":true,"href":"https:\/\/www.lifebase.org\/wp1\/wp-json\/wp\/v2\/media\/605"}],"wp:attachment":[{"href":"https:\/\/www.lifebase.org\/wp1\/wp-json\/wp\/v2\/media?parent=73"}],"curies":[{"name":"wp","href":"https:\/\/api.w.org\/{rel}","templated":true}]}}