{"id":704,"date":"2021-01-15T16:00:09","date_gmt":"2021-01-15T15:00:09","guid":{"rendered":"http:\/\/lifebase.org.w0206e66.kasserver.com\/wp1\/?page_id=704"},"modified":"2024-12-06T10:00:55","modified_gmt":"2024-12-06T09:00:55","slug":"gebet","status":"publish","type":"page","link":"https:\/\/www.lifebase.org\/wp1\/gebet\/","title":{"rendered":"Gebet"},"content":{"rendered":"\n<p>Gebet ist nicht nur ein wichtiges Element im Leben jedes einzelnen Gl\u00e4ubigen, sondern auch im Gemeindeleben. Im gemeinsamen Gebet loben und preisen wir Gott, sagen ihm unseren Dank und bringen unsere Bitten und F\u00fcrbitten vor ihn. Gott gibt uns diese gro\u00dfartige M\u00f6glichkeit, mit ihm zu reden. Das wollen wir gerne nutzen und auch Sie k\u00f6nnen mit dabei sein:&nbsp;<\/p>\n\n\n\n<p><strong><span style=\"color:#326e91\" class=\"has-inline-color\">Gebet am Sonntagmorgen<\/span><\/strong><br>Um 9 Uhr treffen sich alle, die den Gottesdienst im Gebet vorbereiten m\u00f6chten, in unserem Gebetsraum.&nbsp;<\/p>\n\n\n\n<p><strong><span style=\"color:#326e91\" class=\"has-inline-color\">Frauengebetstreff<\/span><\/strong><br>Neben dem pers\u00f6nlichen Gebet zu Hause treffen wir Frauen uns regelm\u00e4\u00dfig alle 14 Tage dienstags in der Gemeinde, um gemeinsam f\u00fcr die Anliegen der Gemeinde, aber auch f\u00fcr pers\u00f6nliche N\u00f6te und aktuelle Ereignisse in der Welt zu beten. Neue Beterinnen sind immer herzlich willkommen. Per Email <a href=\"mailto: gebet@lifebase.org\">gebet@lifebase.org <\/a>kann Kontakt aufgenommen und der n\u00e4chste Termin erfragt werden.<\/p>\n\n\n\n<p><strong><mark style=\"background-color:rgba(0, 0, 0, 0);color:#326e91\" class=\"has-inline-color\">Gebet nach der Bibelstunde<\/mark><\/strong><br>Nach der <a href=\"http:\/\/lifebase.org.w0206e66.kasserver.com\/wp1\/programm\/durch-die-bibel\/\">Bibelstunde<\/a> am Mittwochabend beten wir mit- und f\u00fcreinander und bringen unsere Gemeindeanliegen vor Gott.<\/p>\n\n\n\n<p><strong><mark style=\"background-color:rgba(0, 0, 0, 0);color:#326e91\" class=\"has-inline-color\">Gebet f\u00fcr Gerlingen<\/mark><\/strong><br>Als Gemeinde in Gerlingen sind uns die Anliegen unserer Stadt wichtig. Zusammen mit unseren Glaubensgeschwistern aus verschiedenen Kirchengemeinden und dem CVJM bringen wir sie im Rahmen der evangelischen Allianz im <a href=\"http:\/\/lifebase.org.w0206e66.kasserver.com\/wp1\/in-und-fuer-gerlingen\/\">Gebet f\u00fcr Gerlingen<\/a> regelm\u00e4\u00dfig  vor Gott.<\/p>\n\n\n\n<p><strong><mark style=\"background-color:rgba(0, 0, 0, 0);color:#326e91\" class=\"has-inline-color\">Fastengebet<\/mark><\/strong><br>Jeweils am ersten Donnerstag im Monat bringen wir ein aktuelles Anliegen mit Gebet und Fasten vor Gott. Ein gemeinsamer Abschluss findet um 19 Uhr in der Gemeinde mit einem Gebetstreffen statt.<\/p>\n\n\n\n<p><strong><span style=\"color:#326e91\" class=\"has-inline-color\">Austausch von Gebetsanliegen<\/span><\/strong><br>Uns ist es auch wichtig, rund um die Uhr miteinander in Verbindung zu stehen und f\u00fcreinander zu beten. Damit pers\u00f6nliche Anliegen jederzeit und mit vielen Geschwistern geteilt werden k\u00f6nnen, existiert eine Gebetsgruppe. Diese tauscht sich mittels einer Nachrichten-App aus. So k\u00f6nnen N\u00f6te sowie Gebetserh\u00f6rungen miteinander geteilt werden.<\/p>\n","protected":false},"excerpt":{"rendered":"<p>Gebet ist nicht nur ein wichtiges Element im Leben jedes einzelnen Gl\u00e4ubigen, sondern auch im Gemeindeleben. Im gemeinsamen Gebet loben und preisen wir Gott, sagen ihm unseren Dank und bringen unsere Bitten und F\u00fcrbitten vor ihn. Gott gibt uns diese gro\u00dfartige M\u00f6glichkeit, mit ihm zu reden. Das wollen wir gerne nutzen und auch Sie k\u00f6nnen &hellip; <\/p>\n<p class=\"link-more\"><a href=\"https:\/\/www.lifebase.org\/wp1\/gebet\/\" class=\"more-link\"><span class=\"screen-reader-text\">\u201eGebet\u201c<\/span> weiterlesen<\/a><\/p>\n","protected":false},"author":5,"featured_media":697,"parent":0,"menu_order":0,"comment_status":"closed","ping_status":"closed","template":"","meta":{"footnotes":""},"class_list":["post-704","page","type-page","status-publish","has-post-thumbnail","hentry"],"yoast_head":"<!-- This site is optimized with the Yoast SEO plugin v27.4 - https:\/\/yoast.com\/product\/yoast-seo-wordpress\/ -->\n<title>Gebet -<\/title>\n<meta name=\"robots\" content=\"index, follow, max-snippet:-1, max-image-preview:large, max-video-preview:-1\" \/>\n<link rel=\"canonical\" href=\"https:\/\/www.lifebase.org\/wp1\/gebet\/\" \/>\n<meta property=\"og:locale\" content=\"de_DE\" \/>\n<meta property=\"og:type\" content=\"article\" \/>\n<meta property=\"og:title\" content=\"Gebet -\" \/>\n<meta property=\"og:description\" content=\"Gebet ist nicht nur ein wichtiges Element im Leben jedes einzelnen Gl\u00e4ubigen, sondern auch im Gemeindeleben. Im gemeinsamen Gebet loben und preisen wir Gott, sagen ihm unseren Dank und bringen unsere Bitten und F\u00fcrbitten vor ihn. Gott gibt uns diese gro\u00dfartige M\u00f6glichkeit, mit ihm zu reden. Das wollen wir gerne nutzen und auch Sie k\u00f6nnen &hellip; \u201eGebet\u201c weiterlesen\" \/>\n<meta property=\"og:url\" content=\"https:\/\/www.lifebase.org\/wp1\/gebet\/\" \/>\n<meta property=\"article:modified_time\" content=\"2024-12-06T09:00:55+00:00\" \/>\n<meta property=\"og:image\" content=\"https:\/\/www.lifebase.org\/wp1\/wp-content\/uploads\/2021\/01\/HP_Gebet_900.jpg\" \/>\n\t<meta property=\"og:image:width\" content=\"900\" \/>\n\t<meta property=\"og:image:height\" content=\"564\" \/>\n\t<meta property=\"og:image:type\" content=\"image\/jpeg\" \/>\n<meta name=\"twitter:card\" content=\"summary_large_image\" \/>\n<meta name=\"twitter:label1\" content=\"Gesch\u00e4tzte Lesezeit\" \/>\n\t<meta name=\"twitter:data1\" content=\"2\u00a0Minuten\" \/>\n<script type=\"application\/ld+json\" class=\"yoast-schema-graph\">{\"@context\":\"https:\\\/\\\/schema.org\",\"@graph\":[{\"@type\":\"WebPage\",\"@id\":\"https:\\\/\\\/www.lifebase.org\\\/wp1\\\/gebet\\\/\",\"url\":\"https:\\\/\\\/www.lifebase.org\\\/wp1\\\/gebet\\\/\",\"name\":\"Gebet -\",\"isPartOf\":{\"@id\":\"https:\\\/\\\/www.lifebase.org\\\/wp1\\\/#website\"},\"primaryImageOfPage\":{\"@id\":\"https:\\\/\\\/www.lifebase.org\\\/wp1\\\/gebet\\\/#primaryimage\"},\"image\":{\"@id\":\"https:\\\/\\\/www.lifebase.org\\\/wp1\\\/gebet\\\/#primaryimage\"},\"thumbnailUrl\":\"https:\\\/\\\/www.lifebase.org\\\/wp1\\\/wp-content\\\/uploads\\\/2021\\\/01\\\/HP_Gebet_900.jpg\",\"datePublished\":\"2021-01-15T15:00:09+00:00\",\"dateModified\":\"2024-12-06T09:00:55+00:00\",\"breadcrumb\":{\"@id\":\"https:\\\/\\\/www.lifebase.org\\\/wp1\\\/gebet\\\/#breadcrumb\"},\"inLanguage\":\"de\",\"potentialAction\":[{\"@type\":\"ReadAction\",\"target\":[\"https:\\\/\\\/www.lifebase.org\\\/wp1\\\/gebet\\\/\"]}]},{\"@type\":\"ImageObject\",\"inLanguage\":\"de\",\"@id\":\"https:\\\/\\\/www.lifebase.org\\\/wp1\\\/gebet\\\/#primaryimage\",\"url\":\"https:\\\/\\\/www.lifebase.org\\\/wp1\\\/wp-content\\\/uploads\\\/2021\\\/01\\\/HP_Gebet_900.jpg\",\"contentUrl\":\"https:\\\/\\\/www.lifebase.org\\\/wp1\\\/wp-content\\\/uploads\\\/2021\\\/01\\\/HP_Gebet_900.jpg\",\"width\":900,\"height\":564},{\"@type\":\"BreadcrumbList\",\"@id\":\"https:\\\/\\\/www.lifebase.org\\\/wp1\\\/gebet\\\/#breadcrumb\",\"itemListElement\":[{\"@type\":\"ListItem\",\"position\":1,\"name\":\"Startseite\",\"item\":\"https:\\\/\\\/www.lifebase.org\\\/wp1\\\/\"},{\"@type\":\"ListItem\",\"position\":2,\"name\":\"Gebet\"}]},{\"@type\":\"WebSite\",\"@id\":\"https:\\\/\\\/www.lifebase.org\\\/wp1\\\/#website\",\"url\":\"https:\\\/\\\/www.lifebase.org\\\/wp1\\\/\",\"name\":\"\",\"description\":\"Freie evangelische Gemeinde in Gerlingen\",\"potentialAction\":[{\"@type\":\"SearchAction\",\"target\":{\"@type\":\"EntryPoint\",\"urlTemplate\":\"https:\\\/\\\/www.lifebase.org\\\/wp1\\\/?s={search_term_string}\"},\"query-input\":{\"@type\":\"PropertyValueSpecification\",\"valueRequired\":true,\"valueName\":\"search_term_string\"}}],\"inLanguage\":\"de\"}]}<\/script>\n<!-- \/ Yoast SEO plugin. -->","yoast_head_json":{"title":"Gebet -","robots":{"index":"index","follow":"follow","max-snippet":"max-snippet:-1","max-image-preview":"max-image-preview:large","max-video-preview":"max-video-preview:-1"},"canonical":"https:\/\/www.lifebase.org\/wp1\/gebet\/","og_locale":"de_DE","og_type":"article","og_title":"Gebet -","og_description":"Gebet ist nicht nur ein wichtiges Element im Leben jedes einzelnen Gl\u00e4ubigen, sondern auch im Gemeindeleben. Im gemeinsamen Gebet loben und preisen wir Gott, sagen ihm unseren Dank und bringen unsere Bitten und F\u00fcrbitten vor ihn. Gott gibt uns diese gro\u00dfartige M\u00f6glichkeit, mit ihm zu reden. Das wollen wir gerne nutzen und auch Sie k\u00f6nnen &hellip; \u201eGebet\u201c weiterlesen","og_url":"https:\/\/www.lifebase.org\/wp1\/gebet\/","article_modified_time":"2024-12-06T09:00:55+00:00","og_image":[{"width":900,"height":564,"url":"https:\/\/www.lifebase.org\/wp1\/wp-content\/uploads\/2021\/01\/HP_Gebet_900.jpg","type":"image\/jpeg"}],"twitter_card":"summary_large_image","twitter_misc":{"Gesch\u00e4tzte Lesezeit":"2\u00a0Minuten"},"schema":{"@context":"https:\/\/schema.org","@graph":[{"@type":"WebPage","@id":"https:\/\/www.lifebase.org\/wp1\/gebet\/","url":"https:\/\/www.lifebase.org\/wp1\/gebet\/","name":"Gebet -","isPartOf":{"@id":"https:\/\/www.lifebase.org\/wp1\/#website"},"primaryImageOfPage":{"@id":"https:\/\/www.lifebase.org\/wp1\/gebet\/#primaryimage"},"image":{"@id":"https:\/\/www.lifebase.org\/wp1\/gebet\/#primaryimage"},"thumbnailUrl":"https:\/\/www.lifebase.org\/wp1\/wp-content\/uploads\/2021\/01\/HP_Gebet_900.jpg","datePublished":"2021-01-15T15:00:09+00:00","dateModified":"2024-12-06T09:00:55+00:00","breadcrumb":{"@id":"https:\/\/www.lifebase.org\/wp1\/gebet\/#breadcrumb"},"inLanguage":"de","potentialAction":[{"@type":"ReadAction","target":["https:\/\/www.lifebase.org\/wp1\/gebet\/"]}]},{"@type":"ImageObject","inLanguage":"de","@id":"https:\/\/www.lifebase.org\/wp1\/gebet\/#primaryimage","url":"https:\/\/www.lifebase.org\/wp1\/wp-content\/uploads\/2021\/01\/HP_Gebet_900.jpg","contentUrl":"https:\/\/www.lifebase.org\/wp1\/wp-content\/uploads\/2021\/01\/HP_Gebet_900.jpg","width":900,"height":564},{"@type":"BreadcrumbList","@id":"https:\/\/www.lifebase.org\/wp1\/gebet\/#breadcrumb","itemListElement":[{"@type":"ListItem","position":1,"name":"Startseite","item":"https:\/\/www.lifebase.org\/wp1\/"},{"@type":"ListItem","position":2,"name":"Gebet"}]},{"@type":"WebSite","@id":"https:\/\/www.lifebase.org\/wp1\/#website","url":"https:\/\/www.lifebase.org\/wp1\/","name":"","description":"Freie evangelische Gemeinde in Gerlingen","potentialAction":[{"@type":"SearchAction","target":{"@type":"EntryPoint","urlTemplate":"https:\/\/www.lifebase.org\/wp1\/?s={search_term_string}"},"query-input":{"@type":"PropertyValueSpecification","valueRequired":true,"valueName":"search_term_string"}}],"inLanguage":"de"}]}},"_links":{"self":[{"href":"https:\/\/www.lifebase.org\/wp1\/wp-json\/wp\/v2\/pages\/704","targetHints":{"allow":["GET"]}}],"collection":[{"href":"https:\/\/www.lifebase.org\/wp1\/wp-json\/wp\/v2\/pages"}],"about":[{"href":"https:\/\/www.lifebase.org\/wp1\/wp-json\/wp\/v2\/types\/page"}],"author":[{"embeddable":true,"href":"https:\/\/www.lifebase.org\/wp1\/wp-json\/wp\/v2\/users\/5"}],"replies":[{"embeddable":true,"href":"https:\/\/www.lifebase.org\/wp1\/wp-json\/wp\/v2\/comments?post=704"}],"version-history":[{"count":15,"href":"https:\/\/www.lifebase.org\/wp1\/wp-json\/wp\/v2\/pages\/704\/revisions"}],"predecessor-version":[{"id":1968,"href":"https:\/\/www.lifebase.org\/wp1\/wp-json\/wp\/v2\/pages\/704\/revisions\/1968"}],"wp:featuredmedia":[{"embeddable":true,"href":"https:\/\/www.lifebase.org\/wp1\/wp-json\/wp\/v2\/media\/697"}],"wp:attachment":[{"href":"https:\/\/www.lifebase.org\/wp1\/wp-json\/wp\/v2\/media?parent=704"}],"curies":[{"name":"wp","href":"https:\/\/api.w.org\/{rel}","templated":true}]}}