{"id":702,"date":"2021-01-15T15:58:29","date_gmt":"2021-01-15T14:58:29","guid":{"rendered":"http:\/\/lifebase.org.w0206e66.kasserver.com\/wp1\/?page_id=702"},"modified":"2021-01-18T17:57:14","modified_gmt":"2021-01-18T16:57:14","slug":"in-und-fuer-gerlingen","status":"publish","type":"page","link":"https:\/\/www.lifebase.org\/wp1\/in-und-fuer-gerlingen\/","title":{"rendered":"In und f\u00fcr Gerlingen"},"content":{"rendered":"\n<p>Lifebase ist eine Gemeinde in Gerlingen. Wir sind gerne in dieser Stadt und wollen auch in der Stadt pr\u00e4sent sein und ihr dienen. Schon seit vielen Jahren sind wir beim j\u00e4hrlichen Gerlinger Stra\u00dfenfest mit von der Partie. Mit unserem Stand vor der Stadthalle wollen wir Raum f\u00fcr Begegnung schaffen. Dabei \u00fcberlegen wir uns jedes Mal aufs Neue interessante Spiel- und Bastelaktionen und sorgen mit Waffeln, Softeis, Kaffee und anderen Getr\u00e4nken f\u00fcr eine angenehme Atmosph\u00e4re.  <\/p>\n\n\n\n<p>Dar\u00fcber hinaus beteiligen wir uns im Rahmen der evangelischen Allianz beim regelm\u00e4\u00dfigen Gebet f\u00fcr Gerlingen. Hier sind uns die Anliegen unserer Stadt wichtig und wir wollen diese gemeinsam mit unseren Glaubensgeschwistern aus verschiedenen Kirchengemeinden und dem CVJM vor Gott bringen und uns dar\u00fcber austauschen.<\/p>\n\n\n\n<figure class=\"wp-block-image size-large\"><img loading=\"lazy\" decoding=\"async\" width=\"900\" height=\"973\" src=\"http:\/\/lifebase.org.w0206e66.kasserver.com\/wp1\/wp-content\/uploads\/2021\/01\/HP_GfG_Bild.jpg\" alt=\"\" class=\"wp-image-699\" srcset=\"https:\/\/www.lifebase.org\/wp1\/wp-content\/uploads\/2021\/01\/HP_GfG_Bild.jpg 900w, https:\/\/www.lifebase.org\/wp1\/wp-content\/uploads\/2021\/01\/HP_GfG_Bild-277x300.jpg 277w, https:\/\/www.lifebase.org\/wp1\/wp-content\/uploads\/2021\/01\/HP_GfG_Bild-768x830.jpg 768w\" sizes=\"auto, (max-width: 767px) 89vw, (max-width: 1000px) 54vw, (max-width: 1071px) 543px, 580px\" \/><\/figure>\n","protected":false},"excerpt":{"rendered":"<p>Lifebase ist eine Gemeinde in Gerlingen. Wir sind gerne in dieser Stadt und wollen auch in der Stadt pr\u00e4sent sein und ihr dienen. Schon seit vielen Jahren sind wir beim j\u00e4hrlichen Gerlinger Stra\u00dfenfest mit von der Partie. Mit unserem Stand vor der Stadthalle wollen wir Raum f\u00fcr Begegnung schaffen. Dabei \u00fcberlegen wir uns jedes Mal &hellip; <\/p>\n<p class=\"link-more\"><a href=\"https:\/\/www.lifebase.org\/wp1\/in-und-fuer-gerlingen\/\" class=\"more-link\"><span class=\"screen-reader-text\">\u201eIn und f\u00fcr Gerlingen\u201c<\/span> weiterlesen<\/a><\/p>\n","protected":false},"author":5,"featured_media":711,"parent":0,"menu_order":0,"comment_status":"closed","ping_status":"closed","template":"","meta":{"footnotes":""},"class_list":["post-702","page","type-page","status-publish","has-post-thumbnail","hentry"],"yoast_head":"<!-- This site is optimized with the Yoast SEO plugin v27.4 - https:\/\/yoast.com\/product\/yoast-seo-wordpress\/ -->\n<title>In und f\u00fcr Gerlingen -<\/title>\n<meta name=\"robots\" content=\"index, follow, max-snippet:-1, max-image-preview:large, max-video-preview:-1\" \/>\n<link rel=\"canonical\" href=\"https:\/\/www.lifebase.org\/wp1\/in-und-fuer-gerlingen\/\" \/>\n<meta property=\"og:locale\" content=\"de_DE\" \/>\n<meta property=\"og:type\" content=\"article\" \/>\n<meta property=\"og:title\" content=\"In und f\u00fcr Gerlingen -\" \/>\n<meta property=\"og:description\" content=\"Lifebase ist eine Gemeinde in Gerlingen. Wir sind gerne in dieser Stadt und wollen auch in der Stadt pr\u00e4sent sein und ihr dienen. Schon seit vielen Jahren sind wir beim j\u00e4hrlichen Gerlinger Stra\u00dfenfest mit von der Partie. Mit unserem Stand vor der Stadthalle wollen wir Raum f\u00fcr Begegnung schaffen. Dabei \u00fcberlegen wir uns jedes Mal &hellip; \u201eIn und f\u00fcr Gerlingen\u201c weiterlesen\" \/>\n<meta property=\"og:url\" content=\"https:\/\/www.lifebase.org\/wp1\/in-und-fuer-gerlingen\/\" \/>\n<meta property=\"article:modified_time\" content=\"2021-01-18T16:57:14+00:00\" \/>\n<meta property=\"og:image\" content=\"https:\/\/www.lifebase.org\/wp1\/wp-content\/uploads\/2021\/01\/HP_Gerlingen_900.jpg\" \/>\n\t<meta property=\"og:image:width\" content=\"900\" \/>\n\t<meta property=\"og:image:height\" content=\"564\" \/>\n\t<meta property=\"og:image:type\" content=\"image\/jpeg\" \/>\n<meta name=\"twitter:card\" content=\"summary_large_image\" \/>\n<meta name=\"twitter:label1\" content=\"Gesch\u00e4tzte Lesezeit\" \/>\n\t<meta name=\"twitter:data1\" content=\"1\u00a0Minute\" \/>\n<script type=\"application\/ld+json\" class=\"yoast-schema-graph\">{\"@context\":\"https:\\\/\\\/schema.org\",\"@graph\":[{\"@type\":\"WebPage\",\"@id\":\"https:\\\/\\\/www.lifebase.org\\\/wp1\\\/in-und-fuer-gerlingen\\\/\",\"url\":\"https:\\\/\\\/www.lifebase.org\\\/wp1\\\/in-und-fuer-gerlingen\\\/\",\"name\":\"In und f\u00fcr Gerlingen -\",\"isPartOf\":{\"@id\":\"https:\\\/\\\/www.lifebase.org\\\/wp1\\\/#website\"},\"primaryImageOfPage\":{\"@id\":\"https:\\\/\\\/www.lifebase.org\\\/wp1\\\/in-und-fuer-gerlingen\\\/#primaryimage\"},\"image\":{\"@id\":\"https:\\\/\\\/www.lifebase.org\\\/wp1\\\/in-und-fuer-gerlingen\\\/#primaryimage\"},\"thumbnailUrl\":\"https:\\\/\\\/www.lifebase.org\\\/wp1\\\/wp-content\\\/uploads\\\/2021\\\/01\\\/HP_Gerlingen_900.jpg\",\"datePublished\":\"2021-01-15T14:58:29+00:00\",\"dateModified\":\"2021-01-18T16:57:14+00:00\",\"breadcrumb\":{\"@id\":\"https:\\\/\\\/www.lifebase.org\\\/wp1\\\/in-und-fuer-gerlingen\\\/#breadcrumb\"},\"inLanguage\":\"de\",\"potentialAction\":[{\"@type\":\"ReadAction\",\"target\":[\"https:\\\/\\\/www.lifebase.org\\\/wp1\\\/in-und-fuer-gerlingen\\\/\"]}]},{\"@type\":\"ImageObject\",\"inLanguage\":\"de\",\"@id\":\"https:\\\/\\\/www.lifebase.org\\\/wp1\\\/in-und-fuer-gerlingen\\\/#primaryimage\",\"url\":\"https:\\\/\\\/www.lifebase.org\\\/wp1\\\/wp-content\\\/uploads\\\/2021\\\/01\\\/HP_Gerlingen_900.jpg\",\"contentUrl\":\"https:\\\/\\\/www.lifebase.org\\\/wp1\\\/wp-content\\\/uploads\\\/2021\\\/01\\\/HP_Gerlingen_900.jpg\",\"width\":900,\"height\":564},{\"@type\":\"BreadcrumbList\",\"@id\":\"https:\\\/\\\/www.lifebase.org\\\/wp1\\\/in-und-fuer-gerlingen\\\/#breadcrumb\",\"itemListElement\":[{\"@type\":\"ListItem\",\"position\":1,\"name\":\"Startseite\",\"item\":\"https:\\\/\\\/www.lifebase.org\\\/wp1\\\/\"},{\"@type\":\"ListItem\",\"position\":2,\"name\":\"In und f\u00fcr Gerlingen\"}]},{\"@type\":\"WebSite\",\"@id\":\"https:\\\/\\\/www.lifebase.org\\\/wp1\\\/#website\",\"url\":\"https:\\\/\\\/www.lifebase.org\\\/wp1\\\/\",\"name\":\"\",\"description\":\"Freie evangelische Gemeinde in Gerlingen\",\"potentialAction\":[{\"@type\":\"SearchAction\",\"target\":{\"@type\":\"EntryPoint\",\"urlTemplate\":\"https:\\\/\\\/www.lifebase.org\\\/wp1\\\/?s={search_term_string}\"},\"query-input\":{\"@type\":\"PropertyValueSpecification\",\"valueRequired\":true,\"valueName\":\"search_term_string\"}}],\"inLanguage\":\"de\"}]}<\/script>\n<!-- \/ Yoast SEO plugin. -->","yoast_head_json":{"title":"In und f\u00fcr Gerlingen -","robots":{"index":"index","follow":"follow","max-snippet":"max-snippet:-1","max-image-preview":"max-image-preview:large","max-video-preview":"max-video-preview:-1"},"canonical":"https:\/\/www.lifebase.org\/wp1\/in-und-fuer-gerlingen\/","og_locale":"de_DE","og_type":"article","og_title":"In und f\u00fcr Gerlingen -","og_description":"Lifebase ist eine Gemeinde in Gerlingen. Wir sind gerne in dieser Stadt und wollen auch in der Stadt pr\u00e4sent sein und ihr dienen. Schon seit vielen Jahren sind wir beim j\u00e4hrlichen Gerlinger Stra\u00dfenfest mit von der Partie. Mit unserem Stand vor der Stadthalle wollen wir Raum f\u00fcr Begegnung schaffen. Dabei \u00fcberlegen wir uns jedes Mal &hellip; \u201eIn und f\u00fcr Gerlingen\u201c weiterlesen","og_url":"https:\/\/www.lifebase.org\/wp1\/in-und-fuer-gerlingen\/","article_modified_time":"2021-01-18T16:57:14+00:00","og_image":[{"width":900,"height":564,"url":"https:\/\/www.lifebase.org\/wp1\/wp-content\/uploads\/2021\/01\/HP_Gerlingen_900.jpg","type":"image\/jpeg"}],"twitter_card":"summary_large_image","twitter_misc":{"Gesch\u00e4tzte Lesezeit":"1\u00a0Minute"},"schema":{"@context":"https:\/\/schema.org","@graph":[{"@type":"WebPage","@id":"https:\/\/www.lifebase.org\/wp1\/in-und-fuer-gerlingen\/","url":"https:\/\/www.lifebase.org\/wp1\/in-und-fuer-gerlingen\/","name":"In und f\u00fcr Gerlingen -","isPartOf":{"@id":"https:\/\/www.lifebase.org\/wp1\/#website"},"primaryImageOfPage":{"@id":"https:\/\/www.lifebase.org\/wp1\/in-und-fuer-gerlingen\/#primaryimage"},"image":{"@id":"https:\/\/www.lifebase.org\/wp1\/in-und-fuer-gerlingen\/#primaryimage"},"thumbnailUrl":"https:\/\/www.lifebase.org\/wp1\/wp-content\/uploads\/2021\/01\/HP_Gerlingen_900.jpg","datePublished":"2021-01-15T14:58:29+00:00","dateModified":"2021-01-18T16:57:14+00:00","breadcrumb":{"@id":"https:\/\/www.lifebase.org\/wp1\/in-und-fuer-gerlingen\/#breadcrumb"},"inLanguage":"de","potentialAction":[{"@type":"ReadAction","target":["https:\/\/www.lifebase.org\/wp1\/in-und-fuer-gerlingen\/"]}]},{"@type":"ImageObject","inLanguage":"de","@id":"https:\/\/www.lifebase.org\/wp1\/in-und-fuer-gerlingen\/#primaryimage","url":"https:\/\/www.lifebase.org\/wp1\/wp-content\/uploads\/2021\/01\/HP_Gerlingen_900.jpg","contentUrl":"https:\/\/www.lifebase.org\/wp1\/wp-content\/uploads\/2021\/01\/HP_Gerlingen_900.jpg","width":900,"height":564},{"@type":"BreadcrumbList","@id":"https:\/\/www.lifebase.org\/wp1\/in-und-fuer-gerlingen\/#breadcrumb","itemListElement":[{"@type":"ListItem","position":1,"name":"Startseite","item":"https:\/\/www.lifebase.org\/wp1\/"},{"@type":"ListItem","position":2,"name":"In und f\u00fcr Gerlingen"}]},{"@type":"WebSite","@id":"https:\/\/www.lifebase.org\/wp1\/#website","url":"https:\/\/www.lifebase.org\/wp1\/","name":"","description":"Freie evangelische Gemeinde in Gerlingen","potentialAction":[{"@type":"SearchAction","target":{"@type":"EntryPoint","urlTemplate":"https:\/\/www.lifebase.org\/wp1\/?s={search_term_string}"},"query-input":{"@type":"PropertyValueSpecification","valueRequired":true,"valueName":"search_term_string"}}],"inLanguage":"de"}]}},"_links":{"self":[{"href":"https:\/\/www.lifebase.org\/wp1\/wp-json\/wp\/v2\/pages\/702","targetHints":{"allow":["GET"]}}],"collection":[{"href":"https:\/\/www.lifebase.org\/wp1\/wp-json\/wp\/v2\/pages"}],"about":[{"href":"https:\/\/www.lifebase.org\/wp1\/wp-json\/wp\/v2\/types\/page"}],"author":[{"embeddable":true,"href":"https:\/\/www.lifebase.org\/wp1\/wp-json\/wp\/v2\/users\/5"}],"replies":[{"embeddable":true,"href":"https:\/\/www.lifebase.org\/wp1\/wp-json\/wp\/v2\/comments?post=702"}],"version-history":[{"count":2,"href":"https:\/\/www.lifebase.org\/wp1\/wp-json\/wp\/v2\/pages\/702\/revisions"}],"predecessor-version":[{"id":734,"href":"https:\/\/www.lifebase.org\/wp1\/wp-json\/wp\/v2\/pages\/702\/revisions\/734"}],"wp:featuredmedia":[{"embeddable":true,"href":"https:\/\/www.lifebase.org\/wp1\/wp-json\/wp\/v2\/media\/711"}],"wp:attachment":[{"href":"https:\/\/www.lifebase.org\/wp1\/wp-json\/wp\/v2\/media?parent=702"}],"curies":[{"name":"wp","href":"https:\/\/api.w.org\/{rel}","templated":true}]}}