{"id":67,"date":"2020-04-16T20:03:21","date_gmt":"2020-04-16T18:03:21","guid":{"rendered":"http:\/\/lifebase.org.w0206e66.kasserver.com\/wp1\/?page_id=67"},"modified":"2023-09-07T21:48:58","modified_gmt":"2023-09-07T19:48:58","slug":"diakone","status":"publish","type":"page","link":"https:\/\/www.lifebase.org\/wp1\/das-sind-wir\/diakone\/","title":{"rendered":"Diakone"},"content":{"rendered":"\n<p>Die Diakone unterst\u00fctzen die \u00c4ltesten bei der <a href=\"http:\/\/lifebase.org.w0206e66.kasserver.com\/wp1\/das-sind-wir\/gemeindeleitung\/\">Gemeindeleitung<\/a>. Sie \u00fcbernehmen dabei verantwortlich einzelne Bereiche des Gemeindelebens.<\/p>\n\n\n\n<figure class=\"wp-block-image size-large is-style-default\"><img loading=\"lazy\" decoding=\"async\" width=\"1024\" height=\"642\" src=\"http:\/\/lifebase.org.w0206e66.kasserver.com\/wp1\/wp-content\/uploads\/2021\/01\/HP_Pic1200_Viktor-1024x642.jpg\" alt=\"\" class=\"wp-image-782\" srcset=\"https:\/\/www.lifebase.org\/wp1\/wp-content\/uploads\/2021\/01\/HP_Pic1200_Viktor-1024x642.jpg 1024w, https:\/\/www.lifebase.org\/wp1\/wp-content\/uploads\/2021\/01\/HP_Pic1200_Viktor-300x188.jpg 300w, https:\/\/www.lifebase.org\/wp1\/wp-content\/uploads\/2021\/01\/HP_Pic1200_Viktor-768x481.jpg 768w, https:\/\/www.lifebase.org\/wp1\/wp-content\/uploads\/2021\/01\/HP_Pic1200_Viktor.jpg 1200w\" sizes=\"auto, (max-width: 767px) 89vw, (max-width: 1000px) 54vw, (max-width: 1071px) 543px, 580px\" \/><\/figure>\n\n\n\n<p>Zusammen mit meiner Frau Reinhild und unseren drei Kindern habe ich das Anliegen, dass der Glaube an&nbsp;Jesus Christus unser Leben bestimmt. In der Familie, in meinem Beruf, in der Gemeinde und in unserer Freizeit wollen wir so leben, dass Gott geehrt wird. Mich begeistert besonders die Vielfalt und Tiefe der Bibel. Gott vergibt mir meine eigene Schuld und gibt mir Wert.<\/p>\n\n\n\n<p>Diese Geschenke, die Gott allen Menschen geben will, m\u00f6chte ich mit anderen teilen. Am liebsten mache ich das, indem ich meine handwerklichen F\u00e4higkeiten einsetze und Gott und Menschen damit diene.<\/p>\n\n\n\n<hr class=\"wp-block-separator has-css-opacity\"\/>\n\n\n\n<figure class=\"wp-block-image size-large is-style-default\"><img loading=\"lazy\" decoding=\"async\" width=\"1024\" height=\"642\" src=\"http:\/\/lifebase.org.w0206e66.kasserver.com\/wp1\/wp-content\/uploads\/2023\/06\/HP_Pic1200a_Jochen-1024x642.jpg\" alt=\"\" class=\"wp-image-1479\" srcset=\"https:\/\/www.lifebase.org\/wp1\/wp-content\/uploads\/2023\/06\/HP_Pic1200a_Jochen-1024x642.jpg 1024w, https:\/\/www.lifebase.org\/wp1\/wp-content\/uploads\/2023\/06\/HP_Pic1200a_Jochen-300x188.jpg 300w, https:\/\/www.lifebase.org\/wp1\/wp-content\/uploads\/2023\/06\/HP_Pic1200a_Jochen-768x481.jpg 768w, https:\/\/www.lifebase.org\/wp1\/wp-content\/uploads\/2023\/06\/HP_Pic1200a_Jochen.jpg 1200w\" sizes=\"auto, (max-width: 767px) 89vw, (max-width: 1000px) 54vw, (max-width: 1071px) 543px, 580px\" \/><\/figure>\n\n\n\n<p>Ich bin verheiratet mit Tanja und zusammen haben wir drei fast erwachsene Kinder. Seit 2006 sind wir bei Lifebase. Neben der Gemeindearbeit liebe ich Musik und spiele Gitarre in einer Band.<\/p>\n\n\n\n<p><strong><span style=\"color:#326e91\" class=\"has-inline-color\">Lifebase bedeutet f\u00fcr mich<\/span><\/strong> zusammen mit vielen verschiedenen Menschen aus unterschiedlichen Lebenshintergr\u00fcnden zu lernen, die eigene Lebensbasis auf den Glauben an Jesus zu setzen. Das bedeutet Gemeinschaft zu haben, seine eigenen Gaben einzusetzen und zu erfahren, dass Gott auch heute noch in unseren Leben erlebbar ist.<\/p>\n\n\n\n<hr class=\"wp-block-separator has-css-opacity\"\/>\n","protected":false},"excerpt":{"rendered":"<p>Die Diakone unterst\u00fctzen die \u00c4ltesten bei der Gemeindeleitung. Sie \u00fcbernehmen dabei verantwortlich einzelne Bereiche des Gemeindelebens. Zusammen mit meiner Frau Reinhild und unseren drei Kindern habe ich das Anliegen, dass der Glaube an&nbsp;Jesus Christus unser Leben bestimmt. In der Familie, in meinem Beruf, in der Gemeinde und in unserer Freizeit wollen wir so leben, dass &hellip; <\/p>\n<p class=\"link-more\"><a href=\"https:\/\/www.lifebase.org\/wp1\/das-sind-wir\/diakone\/\" class=\"more-link\"><span class=\"screen-reader-text\">\u201eDiakone\u201c<\/span> weiterlesen<\/a><\/p>\n","protected":false},"author":6,"featured_media":0,"parent":234,"menu_order":0,"comment_status":"closed","ping_status":"closed","template":"","meta":{"footnotes":""},"class_list":["post-67","page","type-page","status-publish","hentry"],"yoast_head":"<!-- This site is optimized with the Yoast SEO plugin v27.4 - https:\/\/yoast.com\/product\/yoast-seo-wordpress\/ -->\n<title>Diakone -<\/title>\n<meta name=\"robots\" content=\"index, follow, max-snippet:-1, max-image-preview:large, max-video-preview:-1\" \/>\n<link rel=\"canonical\" href=\"https:\/\/www.lifebase.org\/wp1\/das-sind-wir\/diakone\/\" \/>\n<meta property=\"og:locale\" content=\"de_DE\" \/>\n<meta property=\"og:type\" content=\"article\" \/>\n<meta property=\"og:title\" content=\"Diakone -\" \/>\n<meta property=\"og:description\" content=\"Die Diakone unterst\u00fctzen die \u00c4ltesten bei der Gemeindeleitung. Sie \u00fcbernehmen dabei verantwortlich einzelne Bereiche des Gemeindelebens. Zusammen mit meiner Frau Reinhild und unseren drei Kindern habe ich das Anliegen, dass der Glaube an&nbsp;Jesus Christus unser Leben bestimmt. In der Familie, in meinem Beruf, in der Gemeinde und in unserer Freizeit wollen wir so leben, dass &hellip; \u201eDiakone\u201c weiterlesen\" \/>\n<meta property=\"og:url\" content=\"https:\/\/www.lifebase.org\/wp1\/das-sind-wir\/diakone\/\" \/>\n<meta property=\"article:modified_time\" content=\"2023-09-07T19:48:58+00:00\" \/>\n<meta property=\"og:image\" content=\"http:\/\/lifebase.org.w0206e66.kasserver.com\/wp1\/wp-content\/uploads\/2021\/01\/HP_Pic1200_Viktor-1024x642.jpg\" \/>\n<meta name=\"twitter:card\" content=\"summary_large_image\" \/>\n<meta name=\"twitter:label1\" content=\"Gesch\u00e4tzte Lesezeit\" \/>\n\t<meta name=\"twitter:data1\" content=\"2\u00a0Minuten\" \/>\n<script type=\"application\/ld+json\" class=\"yoast-schema-graph\">{\"@context\":\"https:\\\/\\\/schema.org\",\"@graph\":[{\"@type\":\"WebPage\",\"@id\":\"https:\\\/\\\/www.lifebase.org\\\/wp1\\\/das-sind-wir\\\/diakone\\\/\",\"url\":\"https:\\\/\\\/www.lifebase.org\\\/wp1\\\/das-sind-wir\\\/diakone\\\/\",\"name\":\"Diakone -\",\"isPartOf\":{\"@id\":\"https:\\\/\\\/www.lifebase.org\\\/wp1\\\/#website\"},\"primaryImageOfPage\":{\"@id\":\"https:\\\/\\\/www.lifebase.org\\\/wp1\\\/das-sind-wir\\\/diakone\\\/#primaryimage\"},\"image\":{\"@id\":\"https:\\\/\\\/www.lifebase.org\\\/wp1\\\/das-sind-wir\\\/diakone\\\/#primaryimage\"},\"thumbnailUrl\":\"http:\\\/\\\/lifebase.org.w0206e66.kasserver.com\\\/wp1\\\/wp-content\\\/uploads\\\/2021\\\/01\\\/HP_Pic1200_Viktor-1024x642.jpg\",\"datePublished\":\"2020-04-16T18:03:21+00:00\",\"dateModified\":\"2023-09-07T19:48:58+00:00\",\"breadcrumb\":{\"@id\":\"https:\\\/\\\/www.lifebase.org\\\/wp1\\\/das-sind-wir\\\/diakone\\\/#breadcrumb\"},\"inLanguage\":\"de\",\"potentialAction\":[{\"@type\":\"ReadAction\",\"target\":[\"https:\\\/\\\/www.lifebase.org\\\/wp1\\\/das-sind-wir\\\/diakone\\\/\"]}]},{\"@type\":\"ImageObject\",\"inLanguage\":\"de\",\"@id\":\"https:\\\/\\\/www.lifebase.org\\\/wp1\\\/das-sind-wir\\\/diakone\\\/#primaryimage\",\"url\":\"http:\\\/\\\/lifebase.org.w0206e66.kasserver.com\\\/wp1\\\/wp-content\\\/uploads\\\/2021\\\/01\\\/HP_Pic1200_Viktor-1024x642.jpg\",\"contentUrl\":\"http:\\\/\\\/lifebase.org.w0206e66.kasserver.com\\\/wp1\\\/wp-content\\\/uploads\\\/2021\\\/01\\\/HP_Pic1200_Viktor-1024x642.jpg\"},{\"@type\":\"BreadcrumbList\",\"@id\":\"https:\\\/\\\/www.lifebase.org\\\/wp1\\\/das-sind-wir\\\/diakone\\\/#breadcrumb\",\"itemListElement\":[{\"@type\":\"ListItem\",\"position\":1,\"name\":\"Startseite\",\"item\":\"https:\\\/\\\/www.lifebase.org\\\/wp1\\\/\"},{\"@type\":\"ListItem\",\"position\":2,\"name\":\"Das sind wir\",\"item\":\"https:\\\/\\\/www.lifebase.org\\\/wp1\\\/das-sind-wir\\\/\"},{\"@type\":\"ListItem\",\"position\":3,\"name\":\"Diakone\"}]},{\"@type\":\"WebSite\",\"@id\":\"https:\\\/\\\/www.lifebase.org\\\/wp1\\\/#website\",\"url\":\"https:\\\/\\\/www.lifebase.org\\\/wp1\\\/\",\"name\":\"\",\"description\":\"Freie evangelische Gemeinde in Gerlingen\",\"potentialAction\":[{\"@type\":\"SearchAction\",\"target\":{\"@type\":\"EntryPoint\",\"urlTemplate\":\"https:\\\/\\\/www.lifebase.org\\\/wp1\\\/?s={search_term_string}\"},\"query-input\":{\"@type\":\"PropertyValueSpecification\",\"valueRequired\":true,\"valueName\":\"search_term_string\"}}],\"inLanguage\":\"de\"}]}<\/script>\n<!-- \/ Yoast SEO plugin. -->","yoast_head_json":{"title":"Diakone -","robots":{"index":"index","follow":"follow","max-snippet":"max-snippet:-1","max-image-preview":"max-image-preview:large","max-video-preview":"max-video-preview:-1"},"canonical":"https:\/\/www.lifebase.org\/wp1\/das-sind-wir\/diakone\/","og_locale":"de_DE","og_type":"article","og_title":"Diakone -","og_description":"Die Diakone unterst\u00fctzen die \u00c4ltesten bei der Gemeindeleitung. Sie \u00fcbernehmen dabei verantwortlich einzelne Bereiche des Gemeindelebens. Zusammen mit meiner Frau Reinhild und unseren drei Kindern habe ich das Anliegen, dass der Glaube an&nbsp;Jesus Christus unser Leben bestimmt. In der Familie, in meinem Beruf, in der Gemeinde und in unserer Freizeit wollen wir so leben, dass &hellip; \u201eDiakone\u201c weiterlesen","og_url":"https:\/\/www.lifebase.org\/wp1\/das-sind-wir\/diakone\/","article_modified_time":"2023-09-07T19:48:58+00:00","og_image":[{"url":"http:\/\/lifebase.org.w0206e66.kasserver.com\/wp1\/wp-content\/uploads\/2021\/01\/HP_Pic1200_Viktor-1024x642.jpg","type":"","width":"","height":""}],"twitter_card":"summary_large_image","twitter_misc":{"Gesch\u00e4tzte Lesezeit":"2\u00a0Minuten"},"schema":{"@context":"https:\/\/schema.org","@graph":[{"@type":"WebPage","@id":"https:\/\/www.lifebase.org\/wp1\/das-sind-wir\/diakone\/","url":"https:\/\/www.lifebase.org\/wp1\/das-sind-wir\/diakone\/","name":"Diakone -","isPartOf":{"@id":"https:\/\/www.lifebase.org\/wp1\/#website"},"primaryImageOfPage":{"@id":"https:\/\/www.lifebase.org\/wp1\/das-sind-wir\/diakone\/#primaryimage"},"image":{"@id":"https:\/\/www.lifebase.org\/wp1\/das-sind-wir\/diakone\/#primaryimage"},"thumbnailUrl":"http:\/\/lifebase.org.w0206e66.kasserver.com\/wp1\/wp-content\/uploads\/2021\/01\/HP_Pic1200_Viktor-1024x642.jpg","datePublished":"2020-04-16T18:03:21+00:00","dateModified":"2023-09-07T19:48:58+00:00","breadcrumb":{"@id":"https:\/\/www.lifebase.org\/wp1\/das-sind-wir\/diakone\/#breadcrumb"},"inLanguage":"de","potentialAction":[{"@type":"ReadAction","target":["https:\/\/www.lifebase.org\/wp1\/das-sind-wir\/diakone\/"]}]},{"@type":"ImageObject","inLanguage":"de","@id":"https:\/\/www.lifebase.org\/wp1\/das-sind-wir\/diakone\/#primaryimage","url":"http:\/\/lifebase.org.w0206e66.kasserver.com\/wp1\/wp-content\/uploads\/2021\/01\/HP_Pic1200_Viktor-1024x642.jpg","contentUrl":"http:\/\/lifebase.org.w0206e66.kasserver.com\/wp1\/wp-content\/uploads\/2021\/01\/HP_Pic1200_Viktor-1024x642.jpg"},{"@type":"BreadcrumbList","@id":"https:\/\/www.lifebase.org\/wp1\/das-sind-wir\/diakone\/#breadcrumb","itemListElement":[{"@type":"ListItem","position":1,"name":"Startseite","item":"https:\/\/www.lifebase.org\/wp1\/"},{"@type":"ListItem","position":2,"name":"Das sind wir","item":"https:\/\/www.lifebase.org\/wp1\/das-sind-wir\/"},{"@type":"ListItem","position":3,"name":"Diakone"}]},{"@type":"WebSite","@id":"https:\/\/www.lifebase.org\/wp1\/#website","url":"https:\/\/www.lifebase.org\/wp1\/","name":"","description":"Freie evangelische Gemeinde in Gerlingen","potentialAction":[{"@type":"SearchAction","target":{"@type":"EntryPoint","urlTemplate":"https:\/\/www.lifebase.org\/wp1\/?s={search_term_string}"},"query-input":{"@type":"PropertyValueSpecification","valueRequired":true,"valueName":"search_term_string"}}],"inLanguage":"de"}]}},"_links":{"self":[{"href":"https:\/\/www.lifebase.org\/wp1\/wp-json\/wp\/v2\/pages\/67","targetHints":{"allow":["GET"]}}],"collection":[{"href":"https:\/\/www.lifebase.org\/wp1\/wp-json\/wp\/v2\/pages"}],"about":[{"href":"https:\/\/www.lifebase.org\/wp1\/wp-json\/wp\/v2\/types\/page"}],"author":[{"embeddable":true,"href":"https:\/\/www.lifebase.org\/wp1\/wp-json\/wp\/v2\/users\/6"}],"replies":[{"embeddable":true,"href":"https:\/\/www.lifebase.org\/wp1\/wp-json\/wp\/v2\/comments?post=67"}],"version-history":[{"count":23,"href":"https:\/\/www.lifebase.org\/wp1\/wp-json\/wp\/v2\/pages\/67\/revisions"}],"predecessor-version":[{"id":1480,"href":"https:\/\/www.lifebase.org\/wp1\/wp-json\/wp\/v2\/pages\/67\/revisions\/1480"}],"up":[{"embeddable":true,"href":"https:\/\/www.lifebase.org\/wp1\/wp-json\/wp\/v2\/pages\/234"}],"wp:attachment":[{"href":"https:\/\/www.lifebase.org\/wp1\/wp-json\/wp\/v2\/media?parent=67"}],"curies":[{"name":"wp","href":"https:\/\/api.w.org\/{rel}","templated":true}]}}