{"id":66,"date":"2020-04-16T20:03:21","date_gmt":"2020-04-16T18:03:21","guid":{"rendered":"http:\/\/lifebase.org.w0206e66.kasserver.com\/wp1\/?page_id=66"},"modified":"2024-03-05T10:32:44","modified_gmt":"2024-03-05T09:32:44","slug":"gemeindeleitung","status":"publish","type":"page","link":"https:\/\/www.lifebase.org\/wp1\/das-sind-wir\/gemeindeleitung\/","title":{"rendered":"Gemeindeleitung"},"content":{"rendered":"\n<p>Die Gemeinde wird von den \u00c4ltesten geleitet, welche von den <a href=\"http:\/\/lifebase.org.w0206e66.kasserver.com\/wp1\/das-sind-wir\/diakone\/\">Diakone<\/a> beratend und in ihrem jeweiligen Aufgabenfeld verantwortlich unterst\u00fctzt werden.<\/p>\n\n\n\n<figure class=\"wp-block-image size-large\"><img loading=\"lazy\" decoding=\"async\" width=\"1024\" height=\"642\" src=\"http:\/\/lifebase.org.w0206e66.kasserver.com\/wp1\/wp-content\/uploads\/2021\/01\/HP_Pic1200_Peter-1024x642.jpg\" alt=\"\" class=\"wp-image-784\" srcset=\"https:\/\/www.lifebase.org\/wp1\/wp-content\/uploads\/2021\/01\/HP_Pic1200_Peter-1024x642.jpg 1024w, https:\/\/www.lifebase.org\/wp1\/wp-content\/uploads\/2021\/01\/HP_Pic1200_Peter-300x188.jpg 300w, https:\/\/www.lifebase.org\/wp1\/wp-content\/uploads\/2021\/01\/HP_Pic1200_Peter-768x481.jpg 768w, https:\/\/www.lifebase.org\/wp1\/wp-content\/uploads\/2021\/01\/HP_Pic1200_Peter.jpg 1200w\" sizes=\"auto, (max-width: 767px) 89vw, (max-width: 1000px) 54vw, (max-width: 1071px) 543px, 580px\" \/><\/figure>\n\n\n\n<p>Meine Frau Olesia und ich wollen mit Gott in unserem Alltag leben und ihn erleben. Christus soll sich in unserem Leben wiederspiegeln, damit die Menschen um uns herum erfahren, wer und wie er ist.<\/p>\n\n\n\n<p><mark style=\"background-color:rgba(0, 0, 0, 0);color:#326e91\" class=\"has-inline-color\"><strong>Lifebase bedeutet f\u00fcr mich: <\/strong><\/mark>in Gemeinschaft mit Menschen zu leben, die trotz verschiedener Lebensumst\u00e4nde alle dasselbe Ziel verfolgen. Wir alle wollen werden wie Christus, er ist unser gro\u00dfes Vorbild. Und echte Ver\u00e4nderung geschieht nur in der pers\u00f6nlichen Begegnung mit meinem N\u00e4chsten, in der wir uns gegenseitig \u201esch\u00e4rfen\u201c, wie Eisen durch Eisen gesch\u00e4rft wird. So wachsen wir gemeinsam im Glauben und helfen einander als Glaubensgeschwister, unserem Ziel St\u00fcck um St\u00fcck n\u00e4herzukommen.<\/p>\n\n\n\n<hr class=\"wp-block-separator has-css-opacity\"\/>\n\n\n\n<hr class=\"wp-block-separator has-css-opacity\"\/>\n\n\n\n<figure class=\"wp-block-image size-large\"><img loading=\"lazy\" decoding=\"async\" width=\"1024\" height=\"642\" src=\"http:\/\/lifebase.org.w0206e66.kasserver.com\/wp1\/wp-content\/uploads\/2023\/08\/HP_Pic1200_Andi_Blank-1024x642.jpg\" alt=\"\" class=\"wp-image-1569\" srcset=\"https:\/\/www.lifebase.org\/wp1\/wp-content\/uploads\/2023\/08\/HP_Pic1200_Andi_Blank-1024x642.jpg 1024w, https:\/\/www.lifebase.org\/wp1\/wp-content\/uploads\/2023\/08\/HP_Pic1200_Andi_Blank-300x188.jpg 300w, https:\/\/www.lifebase.org\/wp1\/wp-content\/uploads\/2023\/08\/HP_Pic1200_Andi_Blank-768x481.jpg 768w, https:\/\/www.lifebase.org\/wp1\/wp-content\/uploads\/2023\/08\/HP_Pic1200_Andi_Blank.jpg 1200w\" sizes=\"auto, (max-width: 767px) 89vw, (max-width: 1000px) 54vw, (max-width: 1071px) 543px, 580px\" \/><\/figure>\n\n\n\n<p>Das gr\u00f6\u00dfte Geschenk \u201e\u00fcberhaupt\u201c ist f\u00fcr mich Jesus Christus. Er ver\u00e4ndert mich, schenkt mir Frieden und Freude und gibt meinem Leben einen wirklichen Sinn. Ihn versuche ich mit meinem Leben zu ehren.<\/p>\n\n\n\n<p><strong><mark style=\"background-color:rgba(0, 0, 0, 0);color:#326e91\" class=\"has-inline-color\">Lifebase bedeutet f\u00fcr mich:<\/mark><\/strong> Menschen zu kennen, die Jesus ebenfalls lieben und damit das gleiche Fundament in ihrem Leben haben. Es bedeutet f\u00fcr mich, einander zu helfen, Gott und seinen Sohn Jesus Christus durch die Bibel besser kennen und mehr lieben zu lernen, um letztendlich \u201ealles zu Gottes Ehre zu tun\u201c, wie es in 1. Korinther 10,31 hei\u00dft.<\/p>\n","protected":false},"excerpt":{"rendered":"<p>Die Gemeinde wird von den \u00c4ltesten geleitet, welche von den Diakone beratend und in ihrem jeweiligen Aufgabenfeld verantwortlich unterst\u00fctzt werden. Meine Frau Olesia und ich wollen mit Gott in unserem Alltag leben und ihn erleben. Christus soll sich in unserem Leben wiederspiegeln, damit die Menschen um uns herum erfahren, wer und wie er ist. Lifebase &hellip; <\/p>\n<p class=\"link-more\"><a href=\"https:\/\/www.lifebase.org\/wp1\/das-sind-wir\/gemeindeleitung\/\" class=\"more-link\"><span class=\"screen-reader-text\">\u201eGemeindeleitung\u201c<\/span> weiterlesen<\/a><\/p>\n","protected":false},"author":6,"featured_media":0,"parent":234,"menu_order":0,"comment_status":"closed","ping_status":"closed","template":"","meta":{"footnotes":""},"class_list":["post-66","page","type-page","status-publish","hentry"],"yoast_head":"<!-- This site is optimized with the Yoast SEO plugin v27.4 - https:\/\/yoast.com\/product\/yoast-seo-wordpress\/ -->\n<title>Gemeindeleitung -<\/title>\n<meta name=\"robots\" content=\"index, follow, max-snippet:-1, max-image-preview:large, max-video-preview:-1\" \/>\n<link rel=\"canonical\" href=\"https:\/\/www.lifebase.org\/wp1\/das-sind-wir\/gemeindeleitung\/\" \/>\n<meta property=\"og:locale\" content=\"de_DE\" \/>\n<meta property=\"og:type\" content=\"article\" \/>\n<meta property=\"og:title\" content=\"Gemeindeleitung -\" \/>\n<meta property=\"og:description\" content=\"Die Gemeinde wird von den \u00c4ltesten geleitet, welche von den Diakone beratend und in ihrem jeweiligen Aufgabenfeld verantwortlich unterst\u00fctzt werden. Meine Frau Olesia und ich wollen mit Gott in unserem Alltag leben und ihn erleben. Christus soll sich in unserem Leben wiederspiegeln, damit die Menschen um uns herum erfahren, wer und wie er ist. Lifebase &hellip; \u201eGemeindeleitung\u201c weiterlesen\" \/>\n<meta property=\"og:url\" content=\"https:\/\/www.lifebase.org\/wp1\/das-sind-wir\/gemeindeleitung\/\" \/>\n<meta property=\"article:modified_time\" content=\"2024-03-05T09:32:44+00:00\" \/>\n<meta property=\"og:image\" content=\"http:\/\/lifebase.org.w0206e66.kasserver.com\/wp1\/wp-content\/uploads\/2021\/01\/HP_Pic1200_Peter-1024x642.jpg\" \/>\n<meta name=\"twitter:card\" content=\"summary_large_image\" \/>\n<meta name=\"twitter:label1\" content=\"Gesch\u00e4tzte Lesezeit\" \/>\n\t<meta name=\"twitter:data1\" content=\"2\u00a0Minuten\" \/>\n<script type=\"application\/ld+json\" class=\"yoast-schema-graph\">{\"@context\":\"https:\\\/\\\/schema.org\",\"@graph\":[{\"@type\":\"WebPage\",\"@id\":\"https:\\\/\\\/www.lifebase.org\\\/wp1\\\/das-sind-wir\\\/gemeindeleitung\\\/\",\"url\":\"https:\\\/\\\/www.lifebase.org\\\/wp1\\\/das-sind-wir\\\/gemeindeleitung\\\/\",\"name\":\"Gemeindeleitung -\",\"isPartOf\":{\"@id\":\"https:\\\/\\\/www.lifebase.org\\\/wp1\\\/#website\"},\"primaryImageOfPage\":{\"@id\":\"https:\\\/\\\/www.lifebase.org\\\/wp1\\\/das-sind-wir\\\/gemeindeleitung\\\/#primaryimage\"},\"image\":{\"@id\":\"https:\\\/\\\/www.lifebase.org\\\/wp1\\\/das-sind-wir\\\/gemeindeleitung\\\/#primaryimage\"},\"thumbnailUrl\":\"http:\\\/\\\/lifebase.org.w0206e66.kasserver.com\\\/wp1\\\/wp-content\\\/uploads\\\/2021\\\/01\\\/HP_Pic1200_Peter-1024x642.jpg\",\"datePublished\":\"2020-04-16T18:03:21+00:00\",\"dateModified\":\"2024-03-05T09:32:44+00:00\",\"breadcrumb\":{\"@id\":\"https:\\\/\\\/www.lifebase.org\\\/wp1\\\/das-sind-wir\\\/gemeindeleitung\\\/#breadcrumb\"},\"inLanguage\":\"de\",\"potentialAction\":[{\"@type\":\"ReadAction\",\"target\":[\"https:\\\/\\\/www.lifebase.org\\\/wp1\\\/das-sind-wir\\\/gemeindeleitung\\\/\"]}]},{\"@type\":\"ImageObject\",\"inLanguage\":\"de\",\"@id\":\"https:\\\/\\\/www.lifebase.org\\\/wp1\\\/das-sind-wir\\\/gemeindeleitung\\\/#primaryimage\",\"url\":\"http:\\\/\\\/lifebase.org.w0206e66.kasserver.com\\\/wp1\\\/wp-content\\\/uploads\\\/2021\\\/01\\\/HP_Pic1200_Peter-1024x642.jpg\",\"contentUrl\":\"http:\\\/\\\/lifebase.org.w0206e66.kasserver.com\\\/wp1\\\/wp-content\\\/uploads\\\/2021\\\/01\\\/HP_Pic1200_Peter-1024x642.jpg\"},{\"@type\":\"BreadcrumbList\",\"@id\":\"https:\\\/\\\/www.lifebase.org\\\/wp1\\\/das-sind-wir\\\/gemeindeleitung\\\/#breadcrumb\",\"itemListElement\":[{\"@type\":\"ListItem\",\"position\":1,\"name\":\"Startseite\",\"item\":\"https:\\\/\\\/www.lifebase.org\\\/wp1\\\/\"},{\"@type\":\"ListItem\",\"position\":2,\"name\":\"Das sind wir\",\"item\":\"https:\\\/\\\/www.lifebase.org\\\/wp1\\\/das-sind-wir\\\/\"},{\"@type\":\"ListItem\",\"position\":3,\"name\":\"Gemeindeleitung\"}]},{\"@type\":\"WebSite\",\"@id\":\"https:\\\/\\\/www.lifebase.org\\\/wp1\\\/#website\",\"url\":\"https:\\\/\\\/www.lifebase.org\\\/wp1\\\/\",\"name\":\"\",\"description\":\"Freie evangelische Gemeinde in Gerlingen\",\"potentialAction\":[{\"@type\":\"SearchAction\",\"target\":{\"@type\":\"EntryPoint\",\"urlTemplate\":\"https:\\\/\\\/www.lifebase.org\\\/wp1\\\/?s={search_term_string}\"},\"query-input\":{\"@type\":\"PropertyValueSpecification\",\"valueRequired\":true,\"valueName\":\"search_term_string\"}}],\"inLanguage\":\"de\"}]}<\/script>\n<!-- \/ Yoast SEO plugin. -->","yoast_head_json":{"title":"Gemeindeleitung -","robots":{"index":"index","follow":"follow","max-snippet":"max-snippet:-1","max-image-preview":"max-image-preview:large","max-video-preview":"max-video-preview:-1"},"canonical":"https:\/\/www.lifebase.org\/wp1\/das-sind-wir\/gemeindeleitung\/","og_locale":"de_DE","og_type":"article","og_title":"Gemeindeleitung -","og_description":"Die Gemeinde wird von den \u00c4ltesten geleitet, welche von den Diakone beratend und in ihrem jeweiligen Aufgabenfeld verantwortlich unterst\u00fctzt werden. Meine Frau Olesia und ich wollen mit Gott in unserem Alltag leben und ihn erleben. Christus soll sich in unserem Leben wiederspiegeln, damit die Menschen um uns herum erfahren, wer und wie er ist. Lifebase &hellip; \u201eGemeindeleitung\u201c weiterlesen","og_url":"https:\/\/www.lifebase.org\/wp1\/das-sind-wir\/gemeindeleitung\/","article_modified_time":"2024-03-05T09:32:44+00:00","og_image":[{"url":"http:\/\/lifebase.org.w0206e66.kasserver.com\/wp1\/wp-content\/uploads\/2021\/01\/HP_Pic1200_Peter-1024x642.jpg","type":"","width":"","height":""}],"twitter_card":"summary_large_image","twitter_misc":{"Gesch\u00e4tzte Lesezeit":"2\u00a0Minuten"},"schema":{"@context":"https:\/\/schema.org","@graph":[{"@type":"WebPage","@id":"https:\/\/www.lifebase.org\/wp1\/das-sind-wir\/gemeindeleitung\/","url":"https:\/\/www.lifebase.org\/wp1\/das-sind-wir\/gemeindeleitung\/","name":"Gemeindeleitung -","isPartOf":{"@id":"https:\/\/www.lifebase.org\/wp1\/#website"},"primaryImageOfPage":{"@id":"https:\/\/www.lifebase.org\/wp1\/das-sind-wir\/gemeindeleitung\/#primaryimage"},"image":{"@id":"https:\/\/www.lifebase.org\/wp1\/das-sind-wir\/gemeindeleitung\/#primaryimage"},"thumbnailUrl":"http:\/\/lifebase.org.w0206e66.kasserver.com\/wp1\/wp-content\/uploads\/2021\/01\/HP_Pic1200_Peter-1024x642.jpg","datePublished":"2020-04-16T18:03:21+00:00","dateModified":"2024-03-05T09:32:44+00:00","breadcrumb":{"@id":"https:\/\/www.lifebase.org\/wp1\/das-sind-wir\/gemeindeleitung\/#breadcrumb"},"inLanguage":"de","potentialAction":[{"@type":"ReadAction","target":["https:\/\/www.lifebase.org\/wp1\/das-sind-wir\/gemeindeleitung\/"]}]},{"@type":"ImageObject","inLanguage":"de","@id":"https:\/\/www.lifebase.org\/wp1\/das-sind-wir\/gemeindeleitung\/#primaryimage","url":"http:\/\/lifebase.org.w0206e66.kasserver.com\/wp1\/wp-content\/uploads\/2021\/01\/HP_Pic1200_Peter-1024x642.jpg","contentUrl":"http:\/\/lifebase.org.w0206e66.kasserver.com\/wp1\/wp-content\/uploads\/2021\/01\/HP_Pic1200_Peter-1024x642.jpg"},{"@type":"BreadcrumbList","@id":"https:\/\/www.lifebase.org\/wp1\/das-sind-wir\/gemeindeleitung\/#breadcrumb","itemListElement":[{"@type":"ListItem","position":1,"name":"Startseite","item":"https:\/\/www.lifebase.org\/wp1\/"},{"@type":"ListItem","position":2,"name":"Das sind wir","item":"https:\/\/www.lifebase.org\/wp1\/das-sind-wir\/"},{"@type":"ListItem","position":3,"name":"Gemeindeleitung"}]},{"@type":"WebSite","@id":"https:\/\/www.lifebase.org\/wp1\/#website","url":"https:\/\/www.lifebase.org\/wp1\/","name":"","description":"Freie evangelische Gemeinde in Gerlingen","potentialAction":[{"@type":"SearchAction","target":{"@type":"EntryPoint","urlTemplate":"https:\/\/www.lifebase.org\/wp1\/?s={search_term_string}"},"query-input":{"@type":"PropertyValueSpecification","valueRequired":true,"valueName":"search_term_string"}}],"inLanguage":"de"}]}},"_links":{"self":[{"href":"https:\/\/www.lifebase.org\/wp1\/wp-json\/wp\/v2\/pages\/66","targetHints":{"allow":["GET"]}}],"collection":[{"href":"https:\/\/www.lifebase.org\/wp1\/wp-json\/wp\/v2\/pages"}],"about":[{"href":"https:\/\/www.lifebase.org\/wp1\/wp-json\/wp\/v2\/types\/page"}],"author":[{"embeddable":true,"href":"https:\/\/www.lifebase.org\/wp1\/wp-json\/wp\/v2\/users\/6"}],"replies":[{"embeddable":true,"href":"https:\/\/www.lifebase.org\/wp1\/wp-json\/wp\/v2\/comments?post=66"}],"version-history":[{"count":22,"href":"https:\/\/www.lifebase.org\/wp1\/wp-json\/wp\/v2\/pages\/66\/revisions"}],"predecessor-version":[{"id":1775,"href":"https:\/\/www.lifebase.org\/wp1\/wp-json\/wp\/v2\/pages\/66\/revisions\/1775"}],"up":[{"embeddable":true,"href":"https:\/\/www.lifebase.org\/wp1\/wp-json\/wp\/v2\/pages\/234"}],"wp:attachment":[{"href":"https:\/\/www.lifebase.org\/wp1\/wp-json\/wp\/v2\/media?parent=66"}],"curies":[{"name":"wp","href":"https:\/\/api.w.org\/{rel}","templated":true}]}}