{"id":585,"date":"2021-01-13T20:19:41","date_gmt":"2021-01-13T19:19:41","guid":{"rendered":"http:\/\/lifebase.org.w0206e66.kasserver.com\/wp1\/?page_id=585"},"modified":"2024-12-06T10:10:23","modified_gmt":"2024-12-06T09:10:23","slug":"teentreff","status":"publish","type":"page","link":"https:\/\/www.lifebase.org\/wp1\/teentreff\/","title":{"rendered":"Teentreff"},"content":{"rendered":"\n<p class=\"has-text-align-right\"><em><span style=\"color:#326e91\" class=\"has-inline-color\">Samstag, 17:00 Uhr (14-t\u00e4gig)<\/span><\/em><\/p>\n\n\n\n<p>Wir lieben unsere Samstagnachmittage mit jeder Menge Spiel, Spa\u00df und leckerem Essen. Dich erwarten aber auch Momente, in denen wir \u00fcber spannende Lebensthemen reden. Dabei geht es sowohl um biblische als auch um andere aktuelle Themen. Gemeinsam suchen wir nach Antworten auf Fragen wie : Wie sieht eine Beziehung zu Gott aus? Wie geht man miteinander um? Wie sieht eine gute Freundschaft aus und was hat es mit der Liebe auf sich? Wie gehe ich mit Herausforderungen in Schule und Alltag um? \u2026<\/p>\n\n\n\n<p>Nat\u00fcrlich wollen wir uns auch einfach mit einander am\u00fcsieren \u2013 ob beim Spielen, gemeinsamen Ausfl\u00fcgen, Kochen, Backen oder auch sonstigen sportlichen und unsportlichen Aktivit\u00e4ten &#8230; Spa\u00df ist auf jeden Fall immer dabei \u2013 sei du auch dabei!&nbsp;<\/p>\n","protected":false},"excerpt":{"rendered":"<p>Samstag, 17:00 Uhr (14-t\u00e4gig) Wir lieben unsere Samstagnachmittage mit jeder Menge Spiel, Spa\u00df und leckerem Essen. Dich erwarten aber auch Momente, in denen wir \u00fcber spannende Lebensthemen reden. Dabei geht es sowohl um biblische als auch um andere aktuelle Themen. Gemeinsam suchen wir nach Antworten auf Fragen wie : Wie sieht eine Beziehung zu Gott &hellip; <\/p>\n<p class=\"link-more\"><a href=\"https:\/\/www.lifebase.org\/wp1\/teentreff\/\" class=\"more-link\"><span class=\"screen-reader-text\">\u201eTeentreff\u201c<\/span> weiterlesen<\/a><\/p>\n","protected":false},"author":5,"featured_media":630,"parent":0,"menu_order":0,"comment_status":"closed","ping_status":"closed","template":"","meta":{"footnotes":""},"class_list":["post-585","page","type-page","status-publish","has-post-thumbnail","hentry"],"yoast_head":"<!-- This site is optimized with the Yoast SEO plugin v27.6 - https:\/\/yoast.com\/product\/yoast-seo-wordpress\/ -->\n<title>Teentreff -<\/title>\n<meta name=\"robots\" content=\"index, follow, max-snippet:-1, max-image-preview:large, max-video-preview:-1\" \/>\n<link rel=\"canonical\" href=\"https:\/\/www.lifebase.org\/wp1\/teentreff\/\" \/>\n<meta property=\"og:locale\" content=\"de_DE\" \/>\n<meta property=\"og:type\" content=\"article\" \/>\n<meta property=\"og:title\" content=\"Teentreff -\" \/>\n<meta property=\"og:description\" content=\"Samstag, 17:00 Uhr (14-t\u00e4gig) Wir lieben unsere Samstagnachmittage mit jeder Menge Spiel, Spa\u00df und leckerem Essen. Dich erwarten aber auch Momente, in denen wir \u00fcber spannende Lebensthemen reden. Dabei geht es sowohl um biblische als auch um andere aktuelle Themen. Gemeinsam suchen wir nach Antworten auf Fragen wie : Wie sieht eine Beziehung zu Gott &hellip; \u201eTeentreff\u201c weiterlesen\" \/>\n<meta property=\"og:url\" content=\"https:\/\/www.lifebase.org\/wp1\/teentreff\/\" \/>\n<meta property=\"article:modified_time\" content=\"2024-12-06T09:10:23+00:00\" \/>\n<meta property=\"og:image\" content=\"https:\/\/www.lifebase.org\/wp1\/wp-content\/uploads\/2021\/01\/HP_teens_900.jpg\" \/>\n\t<meta property=\"og:image:width\" content=\"900\" \/>\n\t<meta property=\"og:image:height\" content=\"564\" \/>\n\t<meta property=\"og:image:type\" content=\"image\/jpeg\" \/>\n<meta name=\"twitter:card\" content=\"summary_large_image\" \/>\n<meta name=\"twitter:label1\" content=\"Gesch\u00e4tzte Lesezeit\" \/>\n\t<meta name=\"twitter:data1\" content=\"1\u00a0Minute\" \/>\n<script type=\"application\/ld+json\" class=\"yoast-schema-graph\">{\"@context\":\"https:\\\/\\\/schema.org\",\"@graph\":[{\"@type\":\"WebPage\",\"@id\":\"https:\\\/\\\/www.lifebase.org\\\/wp1\\\/teentreff\\\/\",\"url\":\"https:\\\/\\\/www.lifebase.org\\\/wp1\\\/teentreff\\\/\",\"name\":\"Teentreff -\",\"isPartOf\":{\"@id\":\"https:\\\/\\\/www.lifebase.org\\\/wp1\\\/#website\"},\"primaryImageOfPage\":{\"@id\":\"https:\\\/\\\/www.lifebase.org\\\/wp1\\\/teentreff\\\/#primaryimage\"},\"image\":{\"@id\":\"https:\\\/\\\/www.lifebase.org\\\/wp1\\\/teentreff\\\/#primaryimage\"},\"thumbnailUrl\":\"https:\\\/\\\/www.lifebase.org\\\/wp1\\\/wp-content\\\/uploads\\\/2021\\\/01\\\/HP_teens_900.jpg\",\"datePublished\":\"2021-01-13T19:19:41+00:00\",\"dateModified\":\"2024-12-06T09:10:23+00:00\",\"breadcrumb\":{\"@id\":\"https:\\\/\\\/www.lifebase.org\\\/wp1\\\/teentreff\\\/#breadcrumb\"},\"inLanguage\":\"de\",\"potentialAction\":[{\"@type\":\"ReadAction\",\"target\":[\"https:\\\/\\\/www.lifebase.org\\\/wp1\\\/teentreff\\\/\"]}]},{\"@type\":\"ImageObject\",\"inLanguage\":\"de\",\"@id\":\"https:\\\/\\\/www.lifebase.org\\\/wp1\\\/teentreff\\\/#primaryimage\",\"url\":\"https:\\\/\\\/www.lifebase.org\\\/wp1\\\/wp-content\\\/uploads\\\/2021\\\/01\\\/HP_teens_900.jpg\",\"contentUrl\":\"https:\\\/\\\/www.lifebase.org\\\/wp1\\\/wp-content\\\/uploads\\\/2021\\\/01\\\/HP_teens_900.jpg\",\"width\":900,\"height\":564},{\"@type\":\"BreadcrumbList\",\"@id\":\"https:\\\/\\\/www.lifebase.org\\\/wp1\\\/teentreff\\\/#breadcrumb\",\"itemListElement\":[{\"@type\":\"ListItem\",\"position\":1,\"name\":\"Startseite\",\"item\":\"https:\\\/\\\/www.lifebase.org\\\/wp1\\\/\"},{\"@type\":\"ListItem\",\"position\":2,\"name\":\"Teentreff\"}]},{\"@type\":\"WebSite\",\"@id\":\"https:\\\/\\\/www.lifebase.org\\\/wp1\\\/#website\",\"url\":\"https:\\\/\\\/www.lifebase.org\\\/wp1\\\/\",\"name\":\"\",\"description\":\"Freie evangelische Gemeinde in Gerlingen\",\"potentialAction\":[{\"@type\":\"SearchAction\",\"target\":{\"@type\":\"EntryPoint\",\"urlTemplate\":\"https:\\\/\\\/www.lifebase.org\\\/wp1\\\/?s={search_term_string}\"},\"query-input\":{\"@type\":\"PropertyValueSpecification\",\"valueRequired\":true,\"valueName\":\"search_term_string\"}}],\"inLanguage\":\"de\"}]}<\/script>\n<!-- \/ Yoast SEO plugin. -->","yoast_head_json":{"title":"Teentreff -","robots":{"index":"index","follow":"follow","max-snippet":"max-snippet:-1","max-image-preview":"max-image-preview:large","max-video-preview":"max-video-preview:-1"},"canonical":"https:\/\/www.lifebase.org\/wp1\/teentreff\/","og_locale":"de_DE","og_type":"article","og_title":"Teentreff -","og_description":"Samstag, 17:00 Uhr (14-t\u00e4gig) Wir lieben unsere Samstagnachmittage mit jeder Menge Spiel, Spa\u00df und leckerem Essen. Dich erwarten aber auch Momente, in denen wir \u00fcber spannende Lebensthemen reden. Dabei geht es sowohl um biblische als auch um andere aktuelle Themen. Gemeinsam suchen wir nach Antworten auf Fragen wie : Wie sieht eine Beziehung zu Gott &hellip; \u201eTeentreff\u201c weiterlesen","og_url":"https:\/\/www.lifebase.org\/wp1\/teentreff\/","article_modified_time":"2024-12-06T09:10:23+00:00","og_image":[{"width":900,"height":564,"url":"https:\/\/www.lifebase.org\/wp1\/wp-content\/uploads\/2021\/01\/HP_teens_900.jpg","type":"image\/jpeg"}],"twitter_card":"summary_large_image","twitter_misc":{"Gesch\u00e4tzte Lesezeit":"1\u00a0Minute"},"schema":{"@context":"https:\/\/schema.org","@graph":[{"@type":"WebPage","@id":"https:\/\/www.lifebase.org\/wp1\/teentreff\/","url":"https:\/\/www.lifebase.org\/wp1\/teentreff\/","name":"Teentreff -","isPartOf":{"@id":"https:\/\/www.lifebase.org\/wp1\/#website"},"primaryImageOfPage":{"@id":"https:\/\/www.lifebase.org\/wp1\/teentreff\/#primaryimage"},"image":{"@id":"https:\/\/www.lifebase.org\/wp1\/teentreff\/#primaryimage"},"thumbnailUrl":"https:\/\/www.lifebase.org\/wp1\/wp-content\/uploads\/2021\/01\/HP_teens_900.jpg","datePublished":"2021-01-13T19:19:41+00:00","dateModified":"2024-12-06T09:10:23+00:00","breadcrumb":{"@id":"https:\/\/www.lifebase.org\/wp1\/teentreff\/#breadcrumb"},"inLanguage":"de","potentialAction":[{"@type":"ReadAction","target":["https:\/\/www.lifebase.org\/wp1\/teentreff\/"]}]},{"@type":"ImageObject","inLanguage":"de","@id":"https:\/\/www.lifebase.org\/wp1\/teentreff\/#primaryimage","url":"https:\/\/www.lifebase.org\/wp1\/wp-content\/uploads\/2021\/01\/HP_teens_900.jpg","contentUrl":"https:\/\/www.lifebase.org\/wp1\/wp-content\/uploads\/2021\/01\/HP_teens_900.jpg","width":900,"height":564},{"@type":"BreadcrumbList","@id":"https:\/\/www.lifebase.org\/wp1\/teentreff\/#breadcrumb","itemListElement":[{"@type":"ListItem","position":1,"name":"Startseite","item":"https:\/\/www.lifebase.org\/wp1\/"},{"@type":"ListItem","position":2,"name":"Teentreff"}]},{"@type":"WebSite","@id":"https:\/\/www.lifebase.org\/wp1\/#website","url":"https:\/\/www.lifebase.org\/wp1\/","name":"","description":"Freie evangelische Gemeinde in Gerlingen","potentialAction":[{"@type":"SearchAction","target":{"@type":"EntryPoint","urlTemplate":"https:\/\/www.lifebase.org\/wp1\/?s={search_term_string}"},"query-input":{"@type":"PropertyValueSpecification","valueRequired":true,"valueName":"search_term_string"}}],"inLanguage":"de"}]}},"_links":{"self":[{"href":"https:\/\/www.lifebase.org\/wp1\/wp-json\/wp\/v2\/pages\/585","targetHints":{"allow":["GET"]}}],"collection":[{"href":"https:\/\/www.lifebase.org\/wp1\/wp-json\/wp\/v2\/pages"}],"about":[{"href":"https:\/\/www.lifebase.org\/wp1\/wp-json\/wp\/v2\/types\/page"}],"author":[{"embeddable":true,"href":"https:\/\/www.lifebase.org\/wp1\/wp-json\/wp\/v2\/users\/5"}],"replies":[{"embeddable":true,"href":"https:\/\/www.lifebase.org\/wp1\/wp-json\/wp\/v2\/comments?post=585"}],"version-history":[{"count":4,"href":"https:\/\/www.lifebase.org\/wp1\/wp-json\/wp\/v2\/pages\/585\/revisions"}],"predecessor-version":[{"id":1973,"href":"https:\/\/www.lifebase.org\/wp1\/wp-json\/wp\/v2\/pages\/585\/revisions\/1973"}],"wp:featuredmedia":[{"embeddable":true,"href":"https:\/\/www.lifebase.org\/wp1\/wp-json\/wp\/v2\/media\/630"}],"wp:attachment":[{"href":"https:\/\/www.lifebase.org\/wp1\/wp-json\/wp\/v2\/media?parent=585"}],"curies":[{"name":"wp","href":"https:\/\/api.w.org\/{rel}","templated":true}]}}