{"id":495,"date":"2021-01-04T21:44:50","date_gmt":"2021-01-04T20:44:50","guid":{"rendered":"http:\/\/lifebase.org.w0206e66.kasserver.com\/wp1\/?page_id=495"},"modified":"2021-01-15T11:02:26","modified_gmt":"2021-01-15T10:02:26","slug":"wie-alles-begann","status":"publish","type":"page","link":"https:\/\/www.lifebase.org\/wp1\/das-sind-wir\/wie-alles-begann\/","title":{"rendered":"Wie alles begann"},"content":{"rendered":"\n<p>Die Geschichte von Lifebase begann Anfang dieses Jahrtausends, als sich ein paar Ehepaare regelm\u00e4\u00dfig trafen und sich die Frage stellten, was Gott mit ihnen vorhat. Es war die gemeinsame Sehnsucht vorhanden, eine missionarische Arbeit zu starten und zu sehen, ob Gott die Gelegenheit f\u00fcr eine Gemeindegr\u00fcndung schenkt. Ins Auge gefasst war ein Start in Hausen oder Gerlingen \u2013 leider waren dort aber zun\u00e4chst keine entsprechenden R\u00e4ume zur Miete zu finden. Im Jahr 2002 ging es dann aber los: der gemeinn\u00fctzige Verein Lifebase e.V. konnte gegr\u00fcndet und eine Halle in der Gutenbergstra\u00dfe in Gerlingen angemietet werden. Es folgten Informationsgespr\u00e4che mit den Kirchen in Gerlingen und die ausgiebige Renovierung der bisher industriell genutzten R\u00e4ume. Schlie\u00dflich konnte Anfang Dezember 2002 der erste Gottesdienst gefeiert werden.<\/p>\n\n\n\n<p>Die ersten Jahre gab es sonntagabends Veranstaltungen wie Gottesdienste, internationale Abende, Special-Guest-Abende, Bikergottesdienste, Konzerte, \u2026 Die Teilnehmerzahlen stiegen an und schlie\u00dflich wurde der Hauptgottesdienst auf den Sonntagmorgen verlegt und auch parallel zu den Gottesdiensten ein Kinderprogramm angeboten. Nach und nach entstand eine Kinderarbeit (kleine Feger, Spurensuchertage, K\u00fckennest \u2026), eine Jugendarbeit (CheckIn), eine regelm\u00e4\u00dfige Bibelstunde und \u00fcber die Jahre hinweg viele weitere Angebote wie beispielsweise ein Kunstkurs, Sportangebote, Pfadfindergruppen, Hauskreise, Gebetsgruppen, Sprachkurse, Frauenfr\u00fchst\u00fcckstreffen, Konzerte und vieles mehr.<\/p>\n\n\n\n<p>Nachdem die kleine Gemeinde \u00fcber die ersten Jahre gewachsen war, wurden die begrenzten r\u00e4umlichen M\u00f6glichkeiten in der Gutenbergstra\u00dfe sp\u00fcrbar und \u00dcberlegungen f\u00fcr eine neue Bleibe entstanden. W\u00e4hrend die Nachbarfirma Interesse am Geb\u00e4ude zeigte wurde ein gr\u00f6\u00dferes Geb\u00e4ude in Gerlingen auf dem Immobilienmarkt angeboten und so konnte Lifebase Ende 2007 in neu angemietete R\u00e4ume in der Ringstra\u00dfe umziehen. Anstatt 250 m\u00b2 standen nun 750 m\u00b2 f\u00fcr die Gruppen- und Gemeindearbeit zur Verf\u00fcgung. In einer Gro\u00dfaktion mit vielen Beteiligten konnten die R\u00e4ume innerhalb von nur drei Monaten renoviert und eingerichtet werden.<\/p>\n\n\n\n<p>Seit Oktober 2016 geh\u00f6rt die Lifebase-Gemeinde dem Bund der Freien evangelischen Gemeinden Deutschlands (FeG) an.<\/p>\n","protected":false},"excerpt":{"rendered":"<p>Die Geschichte von Lifebase begann Anfang dieses Jahrtausends, als sich ein paar Ehepaare regelm\u00e4\u00dfig trafen und sich die Frage stellten, was Gott mit ihnen vorhat. Es war die gemeinsame Sehnsucht vorhanden, eine missionarische Arbeit zu starten und zu sehen, ob Gott die Gelegenheit f\u00fcr eine Gemeindegr\u00fcndung schenkt. Ins Auge gefasst war ein Start in Hausen &hellip; <\/p>\n<p class=\"link-more\"><a href=\"https:\/\/www.lifebase.org\/wp1\/das-sind-wir\/wie-alles-begann\/\" class=\"more-link\"><span class=\"screen-reader-text\">\u201eWie alles begann\u201c<\/span> weiterlesen<\/a><\/p>\n","protected":false},"author":1,"featured_media":612,"parent":234,"menu_order":0,"comment_status":"closed","ping_status":"closed","template":"","meta":{"footnotes":""},"class_list":["post-495","page","type-page","status-publish","has-post-thumbnail","hentry"],"yoast_head":"<!-- This site is optimized with the Yoast SEO plugin v27.5 - https:\/\/yoast.com\/product\/yoast-seo-wordpress\/ -->\n<title>Wie alles begann -<\/title>\n<meta name=\"robots\" content=\"index, follow, max-snippet:-1, max-image-preview:large, max-video-preview:-1\" \/>\n<link rel=\"canonical\" href=\"https:\/\/www.lifebase.org\/wp1\/das-sind-wir\/wie-alles-begann\/\" \/>\n<meta property=\"og:locale\" content=\"de_DE\" \/>\n<meta property=\"og:type\" content=\"article\" \/>\n<meta property=\"og:title\" content=\"Wie alles begann -\" \/>\n<meta property=\"og:description\" content=\"Die Geschichte von Lifebase begann Anfang dieses Jahrtausends, als sich ein paar Ehepaare regelm\u00e4\u00dfig trafen und sich die Frage stellten, was Gott mit ihnen vorhat. Es war die gemeinsame Sehnsucht vorhanden, eine missionarische Arbeit zu starten und zu sehen, ob Gott die Gelegenheit f\u00fcr eine Gemeindegr\u00fcndung schenkt. Ins Auge gefasst war ein Start in Hausen &hellip; \u201eWie alles begann\u201c weiterlesen\" \/>\n<meta property=\"og:url\" content=\"https:\/\/www.lifebase.org\/wp1\/das-sind-wir\/wie-alles-begann\/\" \/>\n<meta property=\"article:modified_time\" content=\"2021-01-15T10:02:26+00:00\" \/>\n<meta property=\"og:image\" content=\"https:\/\/www.lifebase.org\/wp1\/wp-content\/uploads\/2021\/01\/HP_history_900.jpg\" \/>\n\t<meta property=\"og:image:width\" content=\"900\" \/>\n\t<meta property=\"og:image:height\" content=\"564\" \/>\n\t<meta property=\"og:image:type\" content=\"image\/jpeg\" \/>\n<meta name=\"twitter:card\" content=\"summary_large_image\" \/>\n<meta name=\"twitter:label1\" content=\"Gesch\u00e4tzte Lesezeit\" \/>\n\t<meta name=\"twitter:data1\" content=\"2\u00a0Minuten\" \/>\n<script type=\"application\/ld+json\" class=\"yoast-schema-graph\">{\"@context\":\"https:\\\/\\\/schema.org\",\"@graph\":[{\"@type\":\"WebPage\",\"@id\":\"https:\\\/\\\/www.lifebase.org\\\/wp1\\\/das-sind-wir\\\/wie-alles-begann\\\/\",\"url\":\"https:\\\/\\\/www.lifebase.org\\\/wp1\\\/das-sind-wir\\\/wie-alles-begann\\\/\",\"name\":\"Wie alles begann -\",\"isPartOf\":{\"@id\":\"https:\\\/\\\/www.lifebase.org\\\/wp1\\\/#website\"},\"primaryImageOfPage\":{\"@id\":\"https:\\\/\\\/www.lifebase.org\\\/wp1\\\/das-sind-wir\\\/wie-alles-begann\\\/#primaryimage\"},\"image\":{\"@id\":\"https:\\\/\\\/www.lifebase.org\\\/wp1\\\/das-sind-wir\\\/wie-alles-begann\\\/#primaryimage\"},\"thumbnailUrl\":\"https:\\\/\\\/www.lifebase.org\\\/wp1\\\/wp-content\\\/uploads\\\/2021\\\/01\\\/HP_history_900.jpg\",\"datePublished\":\"2021-01-04T20:44:50+00:00\",\"dateModified\":\"2021-01-15T10:02:26+00:00\",\"breadcrumb\":{\"@id\":\"https:\\\/\\\/www.lifebase.org\\\/wp1\\\/das-sind-wir\\\/wie-alles-begann\\\/#breadcrumb\"},\"inLanguage\":\"de\",\"potentialAction\":[{\"@type\":\"ReadAction\",\"target\":[\"https:\\\/\\\/www.lifebase.org\\\/wp1\\\/das-sind-wir\\\/wie-alles-begann\\\/\"]}]},{\"@type\":\"ImageObject\",\"inLanguage\":\"de\",\"@id\":\"https:\\\/\\\/www.lifebase.org\\\/wp1\\\/das-sind-wir\\\/wie-alles-begann\\\/#primaryimage\",\"url\":\"https:\\\/\\\/www.lifebase.org\\\/wp1\\\/wp-content\\\/uploads\\\/2021\\\/01\\\/HP_history_900.jpg\",\"contentUrl\":\"https:\\\/\\\/www.lifebase.org\\\/wp1\\\/wp-content\\\/uploads\\\/2021\\\/01\\\/HP_history_900.jpg\",\"width\":900,\"height\":564},{\"@type\":\"BreadcrumbList\",\"@id\":\"https:\\\/\\\/www.lifebase.org\\\/wp1\\\/das-sind-wir\\\/wie-alles-begann\\\/#breadcrumb\",\"itemListElement\":[{\"@type\":\"ListItem\",\"position\":1,\"name\":\"Startseite\",\"item\":\"https:\\\/\\\/www.lifebase.org\\\/wp1\\\/\"},{\"@type\":\"ListItem\",\"position\":2,\"name\":\"Das sind wir\",\"item\":\"https:\\\/\\\/www.lifebase.org\\\/wp1\\\/das-sind-wir\\\/\"},{\"@type\":\"ListItem\",\"position\":3,\"name\":\"Wie alles begann\"}]},{\"@type\":\"WebSite\",\"@id\":\"https:\\\/\\\/www.lifebase.org\\\/wp1\\\/#website\",\"url\":\"https:\\\/\\\/www.lifebase.org\\\/wp1\\\/\",\"name\":\"\",\"description\":\"Freie evangelische Gemeinde in Gerlingen\",\"potentialAction\":[{\"@type\":\"SearchAction\",\"target\":{\"@type\":\"EntryPoint\",\"urlTemplate\":\"https:\\\/\\\/www.lifebase.org\\\/wp1\\\/?s={search_term_string}\"},\"query-input\":{\"@type\":\"PropertyValueSpecification\",\"valueRequired\":true,\"valueName\":\"search_term_string\"}}],\"inLanguage\":\"de\"}]}<\/script>\n<!-- \/ Yoast SEO plugin. -->","yoast_head_json":{"title":"Wie alles begann -","robots":{"index":"index","follow":"follow","max-snippet":"max-snippet:-1","max-image-preview":"max-image-preview:large","max-video-preview":"max-video-preview:-1"},"canonical":"https:\/\/www.lifebase.org\/wp1\/das-sind-wir\/wie-alles-begann\/","og_locale":"de_DE","og_type":"article","og_title":"Wie alles begann -","og_description":"Die Geschichte von Lifebase begann Anfang dieses Jahrtausends, als sich ein paar Ehepaare regelm\u00e4\u00dfig trafen und sich die Frage stellten, was Gott mit ihnen vorhat. Es war die gemeinsame Sehnsucht vorhanden, eine missionarische Arbeit zu starten und zu sehen, ob Gott die Gelegenheit f\u00fcr eine Gemeindegr\u00fcndung schenkt. Ins Auge gefasst war ein Start in Hausen &hellip; \u201eWie alles begann\u201c weiterlesen","og_url":"https:\/\/www.lifebase.org\/wp1\/das-sind-wir\/wie-alles-begann\/","article_modified_time":"2021-01-15T10:02:26+00:00","og_image":[{"width":900,"height":564,"url":"https:\/\/www.lifebase.org\/wp1\/wp-content\/uploads\/2021\/01\/HP_history_900.jpg","type":"image\/jpeg"}],"twitter_card":"summary_large_image","twitter_misc":{"Gesch\u00e4tzte Lesezeit":"2\u00a0Minuten"},"schema":{"@context":"https:\/\/schema.org","@graph":[{"@type":"WebPage","@id":"https:\/\/www.lifebase.org\/wp1\/das-sind-wir\/wie-alles-begann\/","url":"https:\/\/www.lifebase.org\/wp1\/das-sind-wir\/wie-alles-begann\/","name":"Wie alles begann -","isPartOf":{"@id":"https:\/\/www.lifebase.org\/wp1\/#website"},"primaryImageOfPage":{"@id":"https:\/\/www.lifebase.org\/wp1\/das-sind-wir\/wie-alles-begann\/#primaryimage"},"image":{"@id":"https:\/\/www.lifebase.org\/wp1\/das-sind-wir\/wie-alles-begann\/#primaryimage"},"thumbnailUrl":"https:\/\/www.lifebase.org\/wp1\/wp-content\/uploads\/2021\/01\/HP_history_900.jpg","datePublished":"2021-01-04T20:44:50+00:00","dateModified":"2021-01-15T10:02:26+00:00","breadcrumb":{"@id":"https:\/\/www.lifebase.org\/wp1\/das-sind-wir\/wie-alles-begann\/#breadcrumb"},"inLanguage":"de","potentialAction":[{"@type":"ReadAction","target":["https:\/\/www.lifebase.org\/wp1\/das-sind-wir\/wie-alles-begann\/"]}]},{"@type":"ImageObject","inLanguage":"de","@id":"https:\/\/www.lifebase.org\/wp1\/das-sind-wir\/wie-alles-begann\/#primaryimage","url":"https:\/\/www.lifebase.org\/wp1\/wp-content\/uploads\/2021\/01\/HP_history_900.jpg","contentUrl":"https:\/\/www.lifebase.org\/wp1\/wp-content\/uploads\/2021\/01\/HP_history_900.jpg","width":900,"height":564},{"@type":"BreadcrumbList","@id":"https:\/\/www.lifebase.org\/wp1\/das-sind-wir\/wie-alles-begann\/#breadcrumb","itemListElement":[{"@type":"ListItem","position":1,"name":"Startseite","item":"https:\/\/www.lifebase.org\/wp1\/"},{"@type":"ListItem","position":2,"name":"Das sind wir","item":"https:\/\/www.lifebase.org\/wp1\/das-sind-wir\/"},{"@type":"ListItem","position":3,"name":"Wie alles begann"}]},{"@type":"WebSite","@id":"https:\/\/www.lifebase.org\/wp1\/#website","url":"https:\/\/www.lifebase.org\/wp1\/","name":"","description":"Freie evangelische Gemeinde in Gerlingen","potentialAction":[{"@type":"SearchAction","target":{"@type":"EntryPoint","urlTemplate":"https:\/\/www.lifebase.org\/wp1\/?s={search_term_string}"},"query-input":{"@type":"PropertyValueSpecification","valueRequired":true,"valueName":"search_term_string"}}],"inLanguage":"de"}]}},"_links":{"self":[{"href":"https:\/\/www.lifebase.org\/wp1\/wp-json\/wp\/v2\/pages\/495","targetHints":{"allow":["GET"]}}],"collection":[{"href":"https:\/\/www.lifebase.org\/wp1\/wp-json\/wp\/v2\/pages"}],"about":[{"href":"https:\/\/www.lifebase.org\/wp1\/wp-json\/wp\/v2\/types\/page"}],"author":[{"embeddable":true,"href":"https:\/\/www.lifebase.org\/wp1\/wp-json\/wp\/v2\/users\/1"}],"replies":[{"embeddable":true,"href":"https:\/\/www.lifebase.org\/wp1\/wp-json\/wp\/v2\/comments?post=495"}],"version-history":[{"count":3,"href":"https:\/\/www.lifebase.org\/wp1\/wp-json\/wp\/v2\/pages\/495\/revisions"}],"predecessor-version":[{"id":665,"href":"https:\/\/www.lifebase.org\/wp1\/wp-json\/wp\/v2\/pages\/495\/revisions\/665"}],"up":[{"embeddable":true,"href":"https:\/\/www.lifebase.org\/wp1\/wp-json\/wp\/v2\/pages\/234"}],"wp:featuredmedia":[{"embeddable":true,"href":"https:\/\/www.lifebase.org\/wp1\/wp-json\/wp\/v2\/media\/612"}],"wp:attachment":[{"href":"https:\/\/www.lifebase.org\/wp1\/wp-json\/wp\/v2\/media?parent=495"}],"curies":[{"name":"wp","href":"https:\/\/api.w.org\/{rel}","templated":true}]}}