{"id":327,"date":"2020-09-29T16:21:06","date_gmt":"2020-09-29T14:21:06","guid":{"rendered":"http:\/\/lifebase.org.w0206e66.kasserver.com\/wp1\/?page_id=327"},"modified":"2021-01-19T20:30:57","modified_gmt":"2021-01-19T19:30:57","slug":"anfahrt","status":"publish","type":"page","link":"https:\/\/www.lifebase.org\/wp1\/kontakt\/anfahrt\/","title":{"rendered":"Anfahrt"},"content":{"rendered":"\n<p>So finden Sie uns in der <strong>Ringstra\u00dfe 126<\/strong> in <strong>70839 Gerlingen<\/strong>:<\/p>\n\n\n\n<figure class=\"wp-block-image size-large is-style-default\"><img loading=\"lazy\" decoding=\"async\" width=\"1024\" height=\"782\" src=\"http:\/\/lifebase.org.w0206e66.kasserver.com\/wp1\/wp-content\/uploads\/2021\/01\/Map_Gerlingen_2021-1024x782.jpg\" alt=\"\" class=\"wp-image-563\" srcset=\"https:\/\/www.lifebase.org\/wp1\/wp-content\/uploads\/2021\/01\/Map_Gerlingen_2021-1024x782.jpg 1024w, https:\/\/www.lifebase.org\/wp1\/wp-content\/uploads\/2021\/01\/Map_Gerlingen_2021-300x229.jpg 300w, https:\/\/www.lifebase.org\/wp1\/wp-content\/uploads\/2021\/01\/Map_Gerlingen_2021-768x586.jpg 768w, https:\/\/www.lifebase.org\/wp1\/wp-content\/uploads\/2021\/01\/Map_Gerlingen_2021-1536x1173.jpg 1536w, https:\/\/www.lifebase.org\/wp1\/wp-content\/uploads\/2021\/01\/Map_Gerlingen_2021.jpg 2000w\" sizes=\"auto, (max-width: 767px) 89vw, (max-width: 1000px) 54vw, (max-width: 1071px) 543px, 580px\" \/><\/figure>\n\n\n\n<p><strong>mit dem Auto:<\/strong><\/p>\n\n\n\n<p>Bitte folgen Sie der Leonberger Stra\u00dfe ortsausw\u00e4rts Richtung Leonberg. Kurz nach der Bushaltestelle &#8222;Ringstra\u00dfe&#8220; (Busline 635) biegen Sie links in die Ringstra\u00dfe ein. Nach ca. 100 m finden Sie uns auf der linken Seite. Parkpl\u00e4tze an der Stra\u00dfe sind gew\u00f6hnlich in ausreichendem Ma\u00df vorhanden.<\/p>\n\n\n\n<p><strong>mit dem Bus:<\/strong><\/p>\n\n\n\n<p>Die Busline 635 bringt Sie direkt zur Haltestelle &#8222;Ringstra\u00dfe&#8220;. Von dort aus sind es nur noch wenige Gehminuten bis zu Lifebase. Bitte folgen Sie der Leonberger Stra\u00dfe zun\u00e4chst ortsausw\u00e4rts und biegen Sie dann links in die Ringstra\u00dfe ein. Nach ca. 100 m finden Sie uns auf der linken Seite.<\/p>\n\n\n\n<p><strong>mit der U-Bahn:<\/strong><\/p>\n\n\n\n<p>Die U-Bahn-Linie U6 bringt Sie bis zur Endhaltestelle Gerlingen. Von dort aus nehmen Sie bitte die Buslinie 635 Richtung Leonberg. Die Busline 635 bringt Sie direkt zur Haltestelle &#8222;Ringstra\u00dfe&#8220;. Von dort aus sind es nur noch wenige Gehminuten bis zu Lifebase. Bitte folgen Sie der Leonberger Stra\u00dfe zun\u00e4chst ortsausw\u00e4rts und biegen Sie dann links in die Ringstra\u00dfe ein. Nach ca. 100 m finden Sie uns auf der linken Seite.<\/p>\n\n\n\n<p>Die Fahrpl\u00e4ne der \u00f6ffentlichen Verkehrsmittel sind unter<em> <a href=\"http:\/\/www.vvs.de\" target=\"_blank\" rel=\"noreferrer noopener\">www.vvs.de<\/a><\/em> abrufbar.<\/p>\n","protected":false},"excerpt":{"rendered":"<p>So finden Sie uns in der Ringstra\u00dfe 126 in 70839 Gerlingen: mit dem Auto: Bitte folgen Sie der Leonberger Stra\u00dfe ortsausw\u00e4rts Richtung Leonberg. Kurz nach der Bushaltestelle &#8222;Ringstra\u00dfe&#8220; (Busline 635) biegen Sie links in die Ringstra\u00dfe ein. Nach ca. 100 m finden Sie uns auf der linken Seite. Parkpl\u00e4tze an der Stra\u00dfe sind gew\u00f6hnlich in &hellip; <\/p>\n<p class=\"link-more\"><a href=\"https:\/\/www.lifebase.org\/wp1\/kontakt\/anfahrt\/\" class=\"more-link\"><span class=\"screen-reader-text\">\u201eAnfahrt\u201c<\/span> weiterlesen<\/a><\/p>\n","protected":false},"author":1,"featured_media":0,"parent":10,"menu_order":0,"comment_status":"closed","ping_status":"closed","template":"","meta":{"footnotes":""},"class_list":["post-327","page","type-page","status-publish","hentry"],"yoast_head":"<!-- This site is optimized with the Yoast SEO plugin v27.4 - https:\/\/yoast.com\/product\/yoast-seo-wordpress\/ -->\n<title>Anfahrt -<\/title>\n<meta name=\"robots\" content=\"index, follow, max-snippet:-1, max-image-preview:large, max-video-preview:-1\" \/>\n<link rel=\"canonical\" href=\"https:\/\/www.lifebase.org\/wp1\/kontakt\/anfahrt\/\" \/>\n<meta property=\"og:locale\" content=\"de_DE\" \/>\n<meta property=\"og:type\" content=\"article\" \/>\n<meta property=\"og:title\" content=\"Anfahrt -\" \/>\n<meta property=\"og:description\" content=\"So finden Sie uns in der Ringstra\u00dfe 126 in 70839 Gerlingen: mit dem Auto: Bitte folgen Sie der Leonberger Stra\u00dfe ortsausw\u00e4rts Richtung Leonberg. Kurz nach der Bushaltestelle &#8222;Ringstra\u00dfe&#8220; (Busline 635) biegen Sie links in die Ringstra\u00dfe ein. Nach ca. 100 m finden Sie uns auf der linken Seite. Parkpl\u00e4tze an der Stra\u00dfe sind gew\u00f6hnlich in &hellip; \u201eAnfahrt\u201c weiterlesen\" \/>\n<meta property=\"og:url\" content=\"https:\/\/www.lifebase.org\/wp1\/kontakt\/anfahrt\/\" \/>\n<meta property=\"article:modified_time\" content=\"2021-01-19T19:30:57+00:00\" \/>\n<meta property=\"og:image\" content=\"http:\/\/lifebase.org.w0206e66.kasserver.com\/wp1\/wp-content\/uploads\/2021\/01\/Map_Gerlingen_2021-1024x782.jpg\" \/>\n<meta name=\"twitter:card\" content=\"summary_large_image\" \/>\n<meta name=\"twitter:label1\" content=\"Gesch\u00e4tzte Lesezeit\" \/>\n\t<meta name=\"twitter:data1\" content=\"2\u00a0Minuten\" \/>\n<script type=\"application\/ld+json\" class=\"yoast-schema-graph\">{\"@context\":\"https:\\\/\\\/schema.org\",\"@graph\":[{\"@type\":\"WebPage\",\"@id\":\"https:\\\/\\\/www.lifebase.org\\\/wp1\\\/kontakt\\\/anfahrt\\\/\",\"url\":\"https:\\\/\\\/www.lifebase.org\\\/wp1\\\/kontakt\\\/anfahrt\\\/\",\"name\":\"Anfahrt -\",\"isPartOf\":{\"@id\":\"https:\\\/\\\/www.lifebase.org\\\/wp1\\\/#website\"},\"primaryImageOfPage\":{\"@id\":\"https:\\\/\\\/www.lifebase.org\\\/wp1\\\/kontakt\\\/anfahrt\\\/#primaryimage\"},\"image\":{\"@id\":\"https:\\\/\\\/www.lifebase.org\\\/wp1\\\/kontakt\\\/anfahrt\\\/#primaryimage\"},\"thumbnailUrl\":\"http:\\\/\\\/lifebase.org.w0206e66.kasserver.com\\\/wp1\\\/wp-content\\\/uploads\\\/2021\\\/01\\\/Map_Gerlingen_2021-1024x782.jpg\",\"datePublished\":\"2020-09-29T14:21:06+00:00\",\"dateModified\":\"2021-01-19T19:30:57+00:00\",\"breadcrumb\":{\"@id\":\"https:\\\/\\\/www.lifebase.org\\\/wp1\\\/kontakt\\\/anfahrt\\\/#breadcrumb\"},\"inLanguage\":\"de\",\"potentialAction\":[{\"@type\":\"ReadAction\",\"target\":[\"https:\\\/\\\/www.lifebase.org\\\/wp1\\\/kontakt\\\/anfahrt\\\/\"]}]},{\"@type\":\"ImageObject\",\"inLanguage\":\"de\",\"@id\":\"https:\\\/\\\/www.lifebase.org\\\/wp1\\\/kontakt\\\/anfahrt\\\/#primaryimage\",\"url\":\"http:\\\/\\\/lifebase.org.w0206e66.kasserver.com\\\/wp1\\\/wp-content\\\/uploads\\\/2021\\\/01\\\/Map_Gerlingen_2021-1024x782.jpg\",\"contentUrl\":\"http:\\\/\\\/lifebase.org.w0206e66.kasserver.com\\\/wp1\\\/wp-content\\\/uploads\\\/2021\\\/01\\\/Map_Gerlingen_2021-1024x782.jpg\"},{\"@type\":\"BreadcrumbList\",\"@id\":\"https:\\\/\\\/www.lifebase.org\\\/wp1\\\/kontakt\\\/anfahrt\\\/#breadcrumb\",\"itemListElement\":[{\"@type\":\"ListItem\",\"position\":1,\"name\":\"Startseite\",\"item\":\"https:\\\/\\\/www.lifebase.org\\\/wp1\\\/\"},{\"@type\":\"ListItem\",\"position\":2,\"name\":\"Kontakt\",\"item\":\"https:\\\/\\\/www.lifebase.org\\\/wp1\\\/kontakt\\\/\"},{\"@type\":\"ListItem\",\"position\":3,\"name\":\"Anfahrt\"}]},{\"@type\":\"WebSite\",\"@id\":\"https:\\\/\\\/www.lifebase.org\\\/wp1\\\/#website\",\"url\":\"https:\\\/\\\/www.lifebase.org\\\/wp1\\\/\",\"name\":\"\",\"description\":\"Freie evangelische Gemeinde in Gerlingen\",\"potentialAction\":[{\"@type\":\"SearchAction\",\"target\":{\"@type\":\"EntryPoint\",\"urlTemplate\":\"https:\\\/\\\/www.lifebase.org\\\/wp1\\\/?s={search_term_string}\"},\"query-input\":{\"@type\":\"PropertyValueSpecification\",\"valueRequired\":true,\"valueName\":\"search_term_string\"}}],\"inLanguage\":\"de\"}]}<\/script>\n<!-- \/ Yoast SEO plugin. -->","yoast_head_json":{"title":"Anfahrt -","robots":{"index":"index","follow":"follow","max-snippet":"max-snippet:-1","max-image-preview":"max-image-preview:large","max-video-preview":"max-video-preview:-1"},"canonical":"https:\/\/www.lifebase.org\/wp1\/kontakt\/anfahrt\/","og_locale":"de_DE","og_type":"article","og_title":"Anfahrt -","og_description":"So finden Sie uns in der Ringstra\u00dfe 126 in 70839 Gerlingen: mit dem Auto: Bitte folgen Sie der Leonberger Stra\u00dfe ortsausw\u00e4rts Richtung Leonberg. Kurz nach der Bushaltestelle &#8222;Ringstra\u00dfe&#8220; (Busline 635) biegen Sie links in die Ringstra\u00dfe ein. Nach ca. 100 m finden Sie uns auf der linken Seite. Parkpl\u00e4tze an der Stra\u00dfe sind gew\u00f6hnlich in &hellip; \u201eAnfahrt\u201c weiterlesen","og_url":"https:\/\/www.lifebase.org\/wp1\/kontakt\/anfahrt\/","article_modified_time":"2021-01-19T19:30:57+00:00","og_image":[{"url":"http:\/\/lifebase.org.w0206e66.kasserver.com\/wp1\/wp-content\/uploads\/2021\/01\/Map_Gerlingen_2021-1024x782.jpg","type":"","width":"","height":""}],"twitter_card":"summary_large_image","twitter_misc":{"Gesch\u00e4tzte Lesezeit":"2\u00a0Minuten"},"schema":{"@context":"https:\/\/schema.org","@graph":[{"@type":"WebPage","@id":"https:\/\/www.lifebase.org\/wp1\/kontakt\/anfahrt\/","url":"https:\/\/www.lifebase.org\/wp1\/kontakt\/anfahrt\/","name":"Anfahrt -","isPartOf":{"@id":"https:\/\/www.lifebase.org\/wp1\/#website"},"primaryImageOfPage":{"@id":"https:\/\/www.lifebase.org\/wp1\/kontakt\/anfahrt\/#primaryimage"},"image":{"@id":"https:\/\/www.lifebase.org\/wp1\/kontakt\/anfahrt\/#primaryimage"},"thumbnailUrl":"http:\/\/lifebase.org.w0206e66.kasserver.com\/wp1\/wp-content\/uploads\/2021\/01\/Map_Gerlingen_2021-1024x782.jpg","datePublished":"2020-09-29T14:21:06+00:00","dateModified":"2021-01-19T19:30:57+00:00","breadcrumb":{"@id":"https:\/\/www.lifebase.org\/wp1\/kontakt\/anfahrt\/#breadcrumb"},"inLanguage":"de","potentialAction":[{"@type":"ReadAction","target":["https:\/\/www.lifebase.org\/wp1\/kontakt\/anfahrt\/"]}]},{"@type":"ImageObject","inLanguage":"de","@id":"https:\/\/www.lifebase.org\/wp1\/kontakt\/anfahrt\/#primaryimage","url":"http:\/\/lifebase.org.w0206e66.kasserver.com\/wp1\/wp-content\/uploads\/2021\/01\/Map_Gerlingen_2021-1024x782.jpg","contentUrl":"http:\/\/lifebase.org.w0206e66.kasserver.com\/wp1\/wp-content\/uploads\/2021\/01\/Map_Gerlingen_2021-1024x782.jpg"},{"@type":"BreadcrumbList","@id":"https:\/\/www.lifebase.org\/wp1\/kontakt\/anfahrt\/#breadcrumb","itemListElement":[{"@type":"ListItem","position":1,"name":"Startseite","item":"https:\/\/www.lifebase.org\/wp1\/"},{"@type":"ListItem","position":2,"name":"Kontakt","item":"https:\/\/www.lifebase.org\/wp1\/kontakt\/"},{"@type":"ListItem","position":3,"name":"Anfahrt"}]},{"@type":"WebSite","@id":"https:\/\/www.lifebase.org\/wp1\/#website","url":"https:\/\/www.lifebase.org\/wp1\/","name":"","description":"Freie evangelische Gemeinde in Gerlingen","potentialAction":[{"@type":"SearchAction","target":{"@type":"EntryPoint","urlTemplate":"https:\/\/www.lifebase.org\/wp1\/?s={search_term_string}"},"query-input":{"@type":"PropertyValueSpecification","valueRequired":true,"valueName":"search_term_string"}}],"inLanguage":"de"}]}},"_links":{"self":[{"href":"https:\/\/www.lifebase.org\/wp1\/wp-json\/wp\/v2\/pages\/327","targetHints":{"allow":["GET"]}}],"collection":[{"href":"https:\/\/www.lifebase.org\/wp1\/wp-json\/wp\/v2\/pages"}],"about":[{"href":"https:\/\/www.lifebase.org\/wp1\/wp-json\/wp\/v2\/types\/page"}],"author":[{"embeddable":true,"href":"https:\/\/www.lifebase.org\/wp1\/wp-json\/wp\/v2\/users\/1"}],"replies":[{"embeddable":true,"href":"https:\/\/www.lifebase.org\/wp1\/wp-json\/wp\/v2\/comments?post=327"}],"version-history":[{"count":5,"href":"https:\/\/www.lifebase.org\/wp1\/wp-json\/wp\/v2\/pages\/327\/revisions"}],"predecessor-version":[{"id":775,"href":"https:\/\/www.lifebase.org\/wp1\/wp-json\/wp\/v2\/pages\/327\/revisions\/775"}],"up":[{"embeddable":true,"href":"https:\/\/www.lifebase.org\/wp1\/wp-json\/wp\/v2\/pages\/10"}],"wp:attachment":[{"href":"https:\/\/www.lifebase.org\/wp1\/wp-json\/wp\/v2\/media?parent=327"}],"curies":[{"name":"wp","href":"https:\/\/api.w.org\/{rel}","templated":true}]}}