{"id":174,"date":"2020-04-23T20:32:46","date_gmt":"2020-04-23T18:32:46","guid":{"rendered":"http:\/\/lifebase.org.w0206e66.kasserver.com\/wp1\/?page_id=174"},"modified":"2026-03-05T17:49:39","modified_gmt":"2026-03-05T16:49:39","slug":"hauskreise","status":"publish","type":"page","link":"https:\/\/www.lifebase.org\/wp1\/programm\/hauskreise\/","title":{"rendered":"Hauskreise"},"content":{"rendered":"\n<p class=\"has-text-align-right\"><em><span style=\"color:#326e91\" class=\"has-inline-color\">an unterschiedlichen Abenden\/Orten<\/span><\/em><\/p>\n\n\n\n<p>Was ist ein Hauskreis? Eine Gruppe von besonders frommen Menschen? Nein! Ein Hauskreis ist eine offene Kleingruppe, die sich regelm\u00e4\u00dfig in einer Wohnung trifft, um pers\u00f6nliche Erfahrungen auszutauschen, Fragen zu stellen, Freude und Leid zu teilen, die Bedeutung der Bibel f\u00fcr den Alltag zu entdecken, gemeinsam zu singen, f\u00fcreinander zu beten und einander praktisch zu helfen. Sie sind ein wichtiger Bestandteil unseres Gemeindelebens mit dem Ziel, pers\u00f6nlich im Glauben zu wachsen. <\/p>\n\n\n\n<p>Jeder Hauskreis freut sich auf neue G\u00e4ste und hat seinen eigenen Charakter. Wenn Sie Interesse haben, mehr von Gottes Wort zu h\u00f6ren und den pers\u00f6nlichen Kontakt zu gl\u00e4ubigen Christen suchen, dann sind Sie in einem unserer Hauskreise genau richtig. \u00dcber&nbsp;<a>kontakt@lifebase.org<\/a> k\u00f6nnen Sie einen Hauskreis in Ihrer N\u00e4he erfragen.<\/p>\n\n\n\n<hr class=\"wp-block-separator has-text-color has-css-opacity has-background\" style=\"background-color:#5b5b5b;color:#5b5b5b\"\/>\n\n\n\n<p><\/p>\n","protected":false},"excerpt":{"rendered":"<p>an unterschiedlichen Abenden\/Orten Was ist ein Hauskreis? Eine Gruppe von besonders frommen Menschen? Nein! Ein Hauskreis ist eine offene Kleingruppe, die sich regelm\u00e4\u00dfig in einer Wohnung trifft, um pers\u00f6nliche Erfahrungen auszutauschen, Fragen zu stellen, Freude und Leid zu teilen, die Bedeutung der Bibel f\u00fcr den Alltag zu entdecken, gemeinsam zu singen, f\u00fcreinander zu beten und &hellip; <\/p>\n<p class=\"link-more\"><a href=\"https:\/\/www.lifebase.org\/wp1\/programm\/hauskreise\/\" class=\"more-link\"><span class=\"screen-reader-text\">\u201eHauskreise\u201c<\/span> weiterlesen<\/a><\/p>\n","protected":false},"author":6,"featured_media":627,"parent":94,"menu_order":0,"comment_status":"closed","ping_status":"closed","template":"","meta":{"footnotes":""},"class_list":["post-174","page","type-page","status-publish","has-post-thumbnail","hentry"],"yoast_head":"<!-- This site is optimized with the Yoast SEO plugin v27.4 - https:\/\/yoast.com\/product\/yoast-seo-wordpress\/ -->\n<title>Hauskreise -<\/title>\n<meta name=\"robots\" content=\"index, follow, max-snippet:-1, max-image-preview:large, max-video-preview:-1\" \/>\n<link rel=\"canonical\" href=\"https:\/\/www.lifebase.org\/wp1\/programm\/hauskreise\/\" \/>\n<meta property=\"og:locale\" content=\"de_DE\" \/>\n<meta property=\"og:type\" content=\"article\" \/>\n<meta property=\"og:title\" content=\"Hauskreise -\" \/>\n<meta property=\"og:description\" content=\"an unterschiedlichen Abenden\/Orten Was ist ein Hauskreis? Eine Gruppe von besonders frommen Menschen? Nein! Ein Hauskreis ist eine offene Kleingruppe, die sich regelm\u00e4\u00dfig in einer Wohnung trifft, um pers\u00f6nliche Erfahrungen auszutauschen, Fragen zu stellen, Freude und Leid zu teilen, die Bedeutung der Bibel f\u00fcr den Alltag zu entdecken, gemeinsam zu singen, f\u00fcreinander zu beten und &hellip; \u201eHauskreise\u201c weiterlesen\" \/>\n<meta property=\"og:url\" content=\"https:\/\/www.lifebase.org\/wp1\/programm\/hauskreise\/\" \/>\n<meta property=\"article:modified_time\" content=\"2026-03-05T16:49:39+00:00\" \/>\n<meta property=\"og:image\" content=\"https:\/\/www.lifebase.org\/wp1\/wp-content\/uploads\/2021\/01\/HP_hauskreise_900.jpg\" \/>\n\t<meta property=\"og:image:width\" content=\"900\" \/>\n\t<meta property=\"og:image:height\" content=\"564\" \/>\n\t<meta property=\"og:image:type\" content=\"image\/jpeg\" \/>\n<meta name=\"twitter:card\" content=\"summary_large_image\" \/>\n<meta name=\"twitter:label1\" content=\"Gesch\u00e4tzte Lesezeit\" \/>\n\t<meta name=\"twitter:data1\" content=\"1\u00a0Minute\" \/>\n<script type=\"application\/ld+json\" class=\"yoast-schema-graph\">{\"@context\":\"https:\\\/\\\/schema.org\",\"@graph\":[{\"@type\":\"WebPage\",\"@id\":\"https:\\\/\\\/www.lifebase.org\\\/wp1\\\/programm\\\/hauskreise\\\/\",\"url\":\"https:\\\/\\\/www.lifebase.org\\\/wp1\\\/programm\\\/hauskreise\\\/\",\"name\":\"Hauskreise -\",\"isPartOf\":{\"@id\":\"https:\\\/\\\/www.lifebase.org\\\/wp1\\\/#website\"},\"primaryImageOfPage\":{\"@id\":\"https:\\\/\\\/www.lifebase.org\\\/wp1\\\/programm\\\/hauskreise\\\/#primaryimage\"},\"image\":{\"@id\":\"https:\\\/\\\/www.lifebase.org\\\/wp1\\\/programm\\\/hauskreise\\\/#primaryimage\"},\"thumbnailUrl\":\"https:\\\/\\\/www.lifebase.org\\\/wp1\\\/wp-content\\\/uploads\\\/2021\\\/01\\\/HP_hauskreise_900.jpg\",\"datePublished\":\"2020-04-23T18:32:46+00:00\",\"dateModified\":\"2026-03-05T16:49:39+00:00\",\"breadcrumb\":{\"@id\":\"https:\\\/\\\/www.lifebase.org\\\/wp1\\\/programm\\\/hauskreise\\\/#breadcrumb\"},\"inLanguage\":\"de\",\"potentialAction\":[{\"@type\":\"ReadAction\",\"target\":[\"https:\\\/\\\/www.lifebase.org\\\/wp1\\\/programm\\\/hauskreise\\\/\"]}]},{\"@type\":\"ImageObject\",\"inLanguage\":\"de\",\"@id\":\"https:\\\/\\\/www.lifebase.org\\\/wp1\\\/programm\\\/hauskreise\\\/#primaryimage\",\"url\":\"https:\\\/\\\/www.lifebase.org\\\/wp1\\\/wp-content\\\/uploads\\\/2021\\\/01\\\/HP_hauskreise_900.jpg\",\"contentUrl\":\"https:\\\/\\\/www.lifebase.org\\\/wp1\\\/wp-content\\\/uploads\\\/2021\\\/01\\\/HP_hauskreise_900.jpg\",\"width\":900,\"height\":564},{\"@type\":\"BreadcrumbList\",\"@id\":\"https:\\\/\\\/www.lifebase.org\\\/wp1\\\/programm\\\/hauskreise\\\/#breadcrumb\",\"itemListElement\":[{\"@type\":\"ListItem\",\"position\":1,\"name\":\"Startseite\",\"item\":\"https:\\\/\\\/www.lifebase.org\\\/wp1\\\/\"},{\"@type\":\"ListItem\",\"position\":2,\"name\":\"Programm\",\"item\":\"https:\\\/\\\/www.lifebase.org\\\/wp1\\\/programm\\\/\"},{\"@type\":\"ListItem\",\"position\":3,\"name\":\"Hauskreise\"}]},{\"@type\":\"WebSite\",\"@id\":\"https:\\\/\\\/www.lifebase.org\\\/wp1\\\/#website\",\"url\":\"https:\\\/\\\/www.lifebase.org\\\/wp1\\\/\",\"name\":\"\",\"description\":\"Freie evangelische Gemeinde in Gerlingen\",\"potentialAction\":[{\"@type\":\"SearchAction\",\"target\":{\"@type\":\"EntryPoint\",\"urlTemplate\":\"https:\\\/\\\/www.lifebase.org\\\/wp1\\\/?s={search_term_string}\"},\"query-input\":{\"@type\":\"PropertyValueSpecification\",\"valueRequired\":true,\"valueName\":\"search_term_string\"}}],\"inLanguage\":\"de\"}]}<\/script>\n<!-- \/ Yoast SEO plugin. -->","yoast_head_json":{"title":"Hauskreise -","robots":{"index":"index","follow":"follow","max-snippet":"max-snippet:-1","max-image-preview":"max-image-preview:large","max-video-preview":"max-video-preview:-1"},"canonical":"https:\/\/www.lifebase.org\/wp1\/programm\/hauskreise\/","og_locale":"de_DE","og_type":"article","og_title":"Hauskreise -","og_description":"an unterschiedlichen Abenden\/Orten Was ist ein Hauskreis? Eine Gruppe von besonders frommen Menschen? Nein! Ein Hauskreis ist eine offene Kleingruppe, die sich regelm\u00e4\u00dfig in einer Wohnung trifft, um pers\u00f6nliche Erfahrungen auszutauschen, Fragen zu stellen, Freude und Leid zu teilen, die Bedeutung der Bibel f\u00fcr den Alltag zu entdecken, gemeinsam zu singen, f\u00fcreinander zu beten und &hellip; \u201eHauskreise\u201c weiterlesen","og_url":"https:\/\/www.lifebase.org\/wp1\/programm\/hauskreise\/","article_modified_time":"2026-03-05T16:49:39+00:00","og_image":[{"width":900,"height":564,"url":"https:\/\/www.lifebase.org\/wp1\/wp-content\/uploads\/2021\/01\/HP_hauskreise_900.jpg","type":"image\/jpeg"}],"twitter_card":"summary_large_image","twitter_misc":{"Gesch\u00e4tzte Lesezeit":"1\u00a0Minute"},"schema":{"@context":"https:\/\/schema.org","@graph":[{"@type":"WebPage","@id":"https:\/\/www.lifebase.org\/wp1\/programm\/hauskreise\/","url":"https:\/\/www.lifebase.org\/wp1\/programm\/hauskreise\/","name":"Hauskreise -","isPartOf":{"@id":"https:\/\/www.lifebase.org\/wp1\/#website"},"primaryImageOfPage":{"@id":"https:\/\/www.lifebase.org\/wp1\/programm\/hauskreise\/#primaryimage"},"image":{"@id":"https:\/\/www.lifebase.org\/wp1\/programm\/hauskreise\/#primaryimage"},"thumbnailUrl":"https:\/\/www.lifebase.org\/wp1\/wp-content\/uploads\/2021\/01\/HP_hauskreise_900.jpg","datePublished":"2020-04-23T18:32:46+00:00","dateModified":"2026-03-05T16:49:39+00:00","breadcrumb":{"@id":"https:\/\/www.lifebase.org\/wp1\/programm\/hauskreise\/#breadcrumb"},"inLanguage":"de","potentialAction":[{"@type":"ReadAction","target":["https:\/\/www.lifebase.org\/wp1\/programm\/hauskreise\/"]}]},{"@type":"ImageObject","inLanguage":"de","@id":"https:\/\/www.lifebase.org\/wp1\/programm\/hauskreise\/#primaryimage","url":"https:\/\/www.lifebase.org\/wp1\/wp-content\/uploads\/2021\/01\/HP_hauskreise_900.jpg","contentUrl":"https:\/\/www.lifebase.org\/wp1\/wp-content\/uploads\/2021\/01\/HP_hauskreise_900.jpg","width":900,"height":564},{"@type":"BreadcrumbList","@id":"https:\/\/www.lifebase.org\/wp1\/programm\/hauskreise\/#breadcrumb","itemListElement":[{"@type":"ListItem","position":1,"name":"Startseite","item":"https:\/\/www.lifebase.org\/wp1\/"},{"@type":"ListItem","position":2,"name":"Programm","item":"https:\/\/www.lifebase.org\/wp1\/programm\/"},{"@type":"ListItem","position":3,"name":"Hauskreise"}]},{"@type":"WebSite","@id":"https:\/\/www.lifebase.org\/wp1\/#website","url":"https:\/\/www.lifebase.org\/wp1\/","name":"","description":"Freie evangelische Gemeinde in Gerlingen","potentialAction":[{"@type":"SearchAction","target":{"@type":"EntryPoint","urlTemplate":"https:\/\/www.lifebase.org\/wp1\/?s={search_term_string}"},"query-input":{"@type":"PropertyValueSpecification","valueRequired":true,"valueName":"search_term_string"}}],"inLanguage":"de"}]}},"_links":{"self":[{"href":"https:\/\/www.lifebase.org\/wp1\/wp-json\/wp\/v2\/pages\/174","targetHints":{"allow":["GET"]}}],"collection":[{"href":"https:\/\/www.lifebase.org\/wp1\/wp-json\/wp\/v2\/pages"}],"about":[{"href":"https:\/\/www.lifebase.org\/wp1\/wp-json\/wp\/v2\/types\/page"}],"author":[{"embeddable":true,"href":"https:\/\/www.lifebase.org\/wp1\/wp-json\/wp\/v2\/users\/6"}],"replies":[{"embeddable":true,"href":"https:\/\/www.lifebase.org\/wp1\/wp-json\/wp\/v2\/comments?post=174"}],"version-history":[{"count":15,"href":"https:\/\/www.lifebase.org\/wp1\/wp-json\/wp\/v2\/pages\/174\/revisions"}],"predecessor-version":[{"id":2281,"href":"https:\/\/www.lifebase.org\/wp1\/wp-json\/wp\/v2\/pages\/174\/revisions\/2281"}],"up":[{"embeddable":true,"href":"https:\/\/www.lifebase.org\/wp1\/wp-json\/wp\/v2\/pages\/94"}],"wp:featuredmedia":[{"embeddable":true,"href":"https:\/\/www.lifebase.org\/wp1\/wp-json\/wp\/v2\/media\/627"}],"wp:attachment":[{"href":"https:\/\/www.lifebase.org\/wp1\/wp-json\/wp\/v2\/media?parent=174"}],"curies":[{"name":"wp","href":"https:\/\/api.w.org\/{rel}","templated":true}]}}