{"id":172,"date":"2020-04-23T20:32:24","date_gmt":"2020-04-23T18:32:24","guid":{"rendered":"http:\/\/lifebase.org.w0206e66.kasserver.com\/wp1\/?page_id=172"},"modified":"2021-01-20T13:55:20","modified_gmt":"2021-01-20T12:55:20","slug":"fur-frauen","status":"publish","type":"page","link":"https:\/\/www.lifebase.org\/wp1\/programm\/fur-frauen\/","title":{"rendered":"f\u00fcr Frauen"},"content":{"rendered":"\n<p><a href=\"http:\/\/lifebase.org.w0206e66.kasserver.com\/wp1\/frauengebetstreff\/\">Frauengebetstreff<\/a><\/p>\n\n\n\n<p><a href=\"http:\/\/lifebase.org.w0206e66.kasserver.com\/wp1\/frauenfruehstueck\/\">Frauenfr\u00fchst\u00fcck<\/a><\/p>\n\n\n\n<p><a href=\"http:\/\/lifebase.org.w0206e66.kasserver.com\/wp1\/krea-tief\/\">krea.tief<\/a><\/p>\n\n\n\n<p><a href=\"http:\/\/lifebase.org.w0206e66.kasserver.com\/wp1\/topfenstrudel\/\">Topfenstrudel<\/a><\/p>\n","protected":false},"excerpt":{"rendered":"<p>Frauengebetstreff Frauenfr\u00fchst\u00fcck krea.tief Topfenstrudel<\/p>\n","protected":false},"author":6,"featured_media":760,"parent":94,"menu_order":0,"comment_status":"closed","ping_status":"closed","template":"","meta":{"footnotes":""},"class_list":["post-172","page","type-page","status-publish","has-post-thumbnail","hentry"],"yoast_head":"<!-- This site is optimized with the Yoast SEO plugin v27.4 - https:\/\/yoast.com\/product\/yoast-seo-wordpress\/ -->\n<title>f\u00fcr Frauen -<\/title>\n<meta name=\"robots\" content=\"index, follow, max-snippet:-1, max-image-preview:large, max-video-preview:-1\" \/>\n<link rel=\"canonical\" href=\"https:\/\/www.lifebase.org\/wp1\/programm\/fur-frauen\/\" \/>\n<meta property=\"og:locale\" content=\"de_DE\" \/>\n<meta property=\"og:type\" content=\"article\" \/>\n<meta property=\"og:title\" content=\"f\u00fcr Frauen -\" \/>\n<meta property=\"og:description\" content=\"Frauengebetstreff Frauenfr\u00fchst\u00fcck krea.tief Topfenstrudel\" \/>\n<meta property=\"og:url\" content=\"https:\/\/www.lifebase.org\/wp1\/programm\/fur-frauen\/\" \/>\n<meta property=\"article:modified_time\" content=\"2021-01-20T12:55:20+00:00\" \/>\n<meta property=\"og:image\" content=\"https:\/\/www.lifebase.org\/wp1\/wp-content\/uploads\/2021\/01\/HP_fuer_frauen_900.jpg\" \/>\n\t<meta property=\"og:image:width\" content=\"900\" \/>\n\t<meta property=\"og:image:height\" content=\"564\" \/>\n\t<meta property=\"og:image:type\" content=\"image\/jpeg\" \/>\n<meta name=\"twitter:card\" content=\"summary_large_image\" \/>\n<meta name=\"twitter:label1\" content=\"Gesch\u00e4tzte Lesezeit\" \/>\n\t<meta name=\"twitter:data1\" content=\"1\u00a0Minute\" \/>\n<script type=\"application\/ld+json\" class=\"yoast-schema-graph\">{\"@context\":\"https:\\\/\\\/schema.org\",\"@graph\":[{\"@type\":\"WebPage\",\"@id\":\"https:\\\/\\\/www.lifebase.org\\\/wp1\\\/programm\\\/fur-frauen\\\/\",\"url\":\"https:\\\/\\\/www.lifebase.org\\\/wp1\\\/programm\\\/fur-frauen\\\/\",\"name\":\"f\u00fcr Frauen -\",\"isPartOf\":{\"@id\":\"https:\\\/\\\/www.lifebase.org\\\/wp1\\\/#website\"},\"primaryImageOfPage\":{\"@id\":\"https:\\\/\\\/www.lifebase.org\\\/wp1\\\/programm\\\/fur-frauen\\\/#primaryimage\"},\"image\":{\"@id\":\"https:\\\/\\\/www.lifebase.org\\\/wp1\\\/programm\\\/fur-frauen\\\/#primaryimage\"},\"thumbnailUrl\":\"https:\\\/\\\/www.lifebase.org\\\/wp1\\\/wp-content\\\/uploads\\\/2021\\\/01\\\/HP_fuer_frauen_900.jpg\",\"datePublished\":\"2020-04-23T18:32:24+00:00\",\"dateModified\":\"2021-01-20T12:55:20+00:00\",\"breadcrumb\":{\"@id\":\"https:\\\/\\\/www.lifebase.org\\\/wp1\\\/programm\\\/fur-frauen\\\/#breadcrumb\"},\"inLanguage\":\"de\",\"potentialAction\":[{\"@type\":\"ReadAction\",\"target\":[\"https:\\\/\\\/www.lifebase.org\\\/wp1\\\/programm\\\/fur-frauen\\\/\"]}]},{\"@type\":\"ImageObject\",\"inLanguage\":\"de\",\"@id\":\"https:\\\/\\\/www.lifebase.org\\\/wp1\\\/programm\\\/fur-frauen\\\/#primaryimage\",\"url\":\"https:\\\/\\\/www.lifebase.org\\\/wp1\\\/wp-content\\\/uploads\\\/2021\\\/01\\\/HP_fuer_frauen_900.jpg\",\"contentUrl\":\"https:\\\/\\\/www.lifebase.org\\\/wp1\\\/wp-content\\\/uploads\\\/2021\\\/01\\\/HP_fuer_frauen_900.jpg\",\"width\":900,\"height\":564},{\"@type\":\"BreadcrumbList\",\"@id\":\"https:\\\/\\\/www.lifebase.org\\\/wp1\\\/programm\\\/fur-frauen\\\/#breadcrumb\",\"itemListElement\":[{\"@type\":\"ListItem\",\"position\":1,\"name\":\"Startseite\",\"item\":\"https:\\\/\\\/www.lifebase.org\\\/wp1\\\/\"},{\"@type\":\"ListItem\",\"position\":2,\"name\":\"Programm\",\"item\":\"https:\\\/\\\/www.lifebase.org\\\/wp1\\\/programm\\\/\"},{\"@type\":\"ListItem\",\"position\":3,\"name\":\"f\u00fcr Frauen\"}]},{\"@type\":\"WebSite\",\"@id\":\"https:\\\/\\\/www.lifebase.org\\\/wp1\\\/#website\",\"url\":\"https:\\\/\\\/www.lifebase.org\\\/wp1\\\/\",\"name\":\"\",\"description\":\"Freie evangelische Gemeinde in Gerlingen\",\"potentialAction\":[{\"@type\":\"SearchAction\",\"target\":{\"@type\":\"EntryPoint\",\"urlTemplate\":\"https:\\\/\\\/www.lifebase.org\\\/wp1\\\/?s={search_term_string}\"},\"query-input\":{\"@type\":\"PropertyValueSpecification\",\"valueRequired\":true,\"valueName\":\"search_term_string\"}}],\"inLanguage\":\"de\"}]}<\/script>\n<!-- \/ Yoast SEO plugin. -->","yoast_head_json":{"title":"f\u00fcr Frauen -","robots":{"index":"index","follow":"follow","max-snippet":"max-snippet:-1","max-image-preview":"max-image-preview:large","max-video-preview":"max-video-preview:-1"},"canonical":"https:\/\/www.lifebase.org\/wp1\/programm\/fur-frauen\/","og_locale":"de_DE","og_type":"article","og_title":"f\u00fcr Frauen -","og_description":"Frauengebetstreff Frauenfr\u00fchst\u00fcck krea.tief Topfenstrudel","og_url":"https:\/\/www.lifebase.org\/wp1\/programm\/fur-frauen\/","article_modified_time":"2021-01-20T12:55:20+00:00","og_image":[{"width":900,"height":564,"url":"https:\/\/www.lifebase.org\/wp1\/wp-content\/uploads\/2021\/01\/HP_fuer_frauen_900.jpg","type":"image\/jpeg"}],"twitter_card":"summary_large_image","twitter_misc":{"Gesch\u00e4tzte Lesezeit":"1\u00a0Minute"},"schema":{"@context":"https:\/\/schema.org","@graph":[{"@type":"WebPage","@id":"https:\/\/www.lifebase.org\/wp1\/programm\/fur-frauen\/","url":"https:\/\/www.lifebase.org\/wp1\/programm\/fur-frauen\/","name":"f\u00fcr Frauen -","isPartOf":{"@id":"https:\/\/www.lifebase.org\/wp1\/#website"},"primaryImageOfPage":{"@id":"https:\/\/www.lifebase.org\/wp1\/programm\/fur-frauen\/#primaryimage"},"image":{"@id":"https:\/\/www.lifebase.org\/wp1\/programm\/fur-frauen\/#primaryimage"},"thumbnailUrl":"https:\/\/www.lifebase.org\/wp1\/wp-content\/uploads\/2021\/01\/HP_fuer_frauen_900.jpg","datePublished":"2020-04-23T18:32:24+00:00","dateModified":"2021-01-20T12:55:20+00:00","breadcrumb":{"@id":"https:\/\/www.lifebase.org\/wp1\/programm\/fur-frauen\/#breadcrumb"},"inLanguage":"de","potentialAction":[{"@type":"ReadAction","target":["https:\/\/www.lifebase.org\/wp1\/programm\/fur-frauen\/"]}]},{"@type":"ImageObject","inLanguage":"de","@id":"https:\/\/www.lifebase.org\/wp1\/programm\/fur-frauen\/#primaryimage","url":"https:\/\/www.lifebase.org\/wp1\/wp-content\/uploads\/2021\/01\/HP_fuer_frauen_900.jpg","contentUrl":"https:\/\/www.lifebase.org\/wp1\/wp-content\/uploads\/2021\/01\/HP_fuer_frauen_900.jpg","width":900,"height":564},{"@type":"BreadcrumbList","@id":"https:\/\/www.lifebase.org\/wp1\/programm\/fur-frauen\/#breadcrumb","itemListElement":[{"@type":"ListItem","position":1,"name":"Startseite","item":"https:\/\/www.lifebase.org\/wp1\/"},{"@type":"ListItem","position":2,"name":"Programm","item":"https:\/\/www.lifebase.org\/wp1\/programm\/"},{"@type":"ListItem","position":3,"name":"f\u00fcr Frauen"}]},{"@type":"WebSite","@id":"https:\/\/www.lifebase.org\/wp1\/#website","url":"https:\/\/www.lifebase.org\/wp1\/","name":"","description":"Freie evangelische Gemeinde in Gerlingen","potentialAction":[{"@type":"SearchAction","target":{"@type":"EntryPoint","urlTemplate":"https:\/\/www.lifebase.org\/wp1\/?s={search_term_string}"},"query-input":{"@type":"PropertyValueSpecification","valueRequired":true,"valueName":"search_term_string"}}],"inLanguage":"de"}]}},"_links":{"self":[{"href":"https:\/\/www.lifebase.org\/wp1\/wp-json\/wp\/v2\/pages\/172","targetHints":{"allow":["GET"]}}],"collection":[{"href":"https:\/\/www.lifebase.org\/wp1\/wp-json\/wp\/v2\/pages"}],"about":[{"href":"https:\/\/www.lifebase.org\/wp1\/wp-json\/wp\/v2\/types\/page"}],"author":[{"embeddable":true,"href":"https:\/\/www.lifebase.org\/wp1\/wp-json\/wp\/v2\/users\/6"}],"replies":[{"embeddable":true,"href":"https:\/\/www.lifebase.org\/wp1\/wp-json\/wp\/v2\/comments?post=172"}],"version-history":[{"count":12,"href":"https:\/\/www.lifebase.org\/wp1\/wp-json\/wp\/v2\/pages\/172\/revisions"}],"predecessor-version":[{"id":791,"href":"https:\/\/www.lifebase.org\/wp1\/wp-json\/wp\/v2\/pages\/172\/revisions\/791"}],"up":[{"embeddable":true,"href":"https:\/\/www.lifebase.org\/wp1\/wp-json\/wp\/v2\/pages\/94"}],"wp:featuredmedia":[{"embeddable":true,"href":"https:\/\/www.lifebase.org\/wp1\/wp-json\/wp\/v2\/media\/760"}],"wp:attachment":[{"href":"https:\/\/www.lifebase.org\/wp1\/wp-json\/wp\/v2\/media?parent=172"}],"curies":[{"name":"wp","href":"https:\/\/api.w.org\/{rel}","templated":true}]}}