{"id":170,"date":"2020-04-23T20:31:51","date_gmt":"2020-04-23T18:31:51","guid":{"rendered":"http:\/\/lifebase.org.w0206e66.kasserver.com\/wp1\/?page_id=170"},"modified":"2021-01-26T15:19:08","modified_gmt":"2021-01-26T14:19:08","slug":"start-up","status":"publish","type":"page","link":"https:\/\/www.lifebase.org\/wp1\/programm\/start-up\/","title":{"rendered":"Start Up"},"content":{"rendered":"\n<p class=\"has-text-align-right\"><em><span style=\"color:#326e91\" class=\"has-inline-color\">jeden Sonntag, 19:00 Uhr<\/span><\/em><\/p>\n\n\n\n<p>Sonntagabend ist unsere Zeit: alle ab 20 Jahren treffen sich, um Gemeinschaft zu haben, zusammen und f\u00fcreinander zu beten, zu singen, in der Bibel zu lesen, Freude und Spa\u00df miteinander zu haben. Auf dem Programm stehen auch Spieleabende, Konzerte, christliche Filme, Ausfl\u00fcge und vieles mehr. Schau doch mal vorbei \u2013 wir w\u00fcrden dich gerne kennenlernen!<\/p>\n\n\n\n<p>Da wir keinen festen Treffpunkt haben erf\u00e4hrst du alle weiteren Infos per Mail \u00fcber&nbsp;<a href=\"mailto: startup@lifebase.org\">startup@lifebase.org<\/a> oder unter 0152 32 09 26 32.<\/p>\n","protected":false},"excerpt":{"rendered":"<p>jeden Sonntag, 19:00 Uhr Sonntagabend ist unsere Zeit: alle ab 20 Jahren treffen sich, um Gemeinschaft zu haben, zusammen und f\u00fcreinander zu beten, zu singen, in der Bibel zu lesen, Freude und Spa\u00df miteinander zu haben. Auf dem Programm stehen auch Spieleabende, Konzerte, christliche Filme, Ausfl\u00fcge und vieles mehr. Schau doch mal vorbei \u2013 wir &hellip; <\/p>\n<p class=\"link-more\"><a href=\"https:\/\/www.lifebase.org\/wp1\/programm\/start-up\/\" class=\"more-link\"><span class=\"screen-reader-text\">\u201eStart Up\u201c<\/span> weiterlesen<\/a><\/p>\n","protected":false},"author":6,"featured_media":629,"parent":94,"menu_order":0,"comment_status":"closed","ping_status":"closed","template":"","meta":{"footnotes":""},"class_list":["post-170","page","type-page","status-publish","has-post-thumbnail","hentry"],"yoast_head":"<!-- This site is optimized with the Yoast SEO plugin v27.4 - https:\/\/yoast.com\/product\/yoast-seo-wordpress\/ -->\n<title>Start Up -<\/title>\n<meta name=\"robots\" content=\"index, follow, max-snippet:-1, max-image-preview:large, max-video-preview:-1\" \/>\n<link rel=\"canonical\" href=\"https:\/\/www.lifebase.org\/wp1\/programm\/start-up\/\" \/>\n<meta property=\"og:locale\" content=\"de_DE\" \/>\n<meta property=\"og:type\" content=\"article\" \/>\n<meta property=\"og:title\" content=\"Start Up -\" \/>\n<meta property=\"og:description\" content=\"jeden Sonntag, 19:00 Uhr Sonntagabend ist unsere Zeit: alle ab 20 Jahren treffen sich, um Gemeinschaft zu haben, zusammen und f\u00fcreinander zu beten, zu singen, in der Bibel zu lesen, Freude und Spa\u00df miteinander zu haben. Auf dem Programm stehen auch Spieleabende, Konzerte, christliche Filme, Ausfl\u00fcge und vieles mehr. Schau doch mal vorbei \u2013 wir &hellip; \u201eStart Up\u201c weiterlesen\" \/>\n<meta property=\"og:url\" content=\"https:\/\/www.lifebase.org\/wp1\/programm\/start-up\/\" \/>\n<meta property=\"article:modified_time\" content=\"2021-01-26T14:19:08+00:00\" \/>\n<meta property=\"og:image\" content=\"https:\/\/www.lifebase.org\/wp1\/wp-content\/uploads\/2021\/01\/HP_startup_900.jpg\" \/>\n\t<meta property=\"og:image:width\" content=\"900\" \/>\n\t<meta property=\"og:image:height\" content=\"564\" \/>\n\t<meta property=\"og:image:type\" content=\"image\/jpeg\" \/>\n<meta name=\"twitter:card\" content=\"summary_large_image\" \/>\n<meta name=\"twitter:label1\" content=\"Gesch\u00e4tzte Lesezeit\" \/>\n\t<meta name=\"twitter:data1\" content=\"1\u00a0Minute\" \/>\n<script type=\"application\/ld+json\" class=\"yoast-schema-graph\">{\"@context\":\"https:\\\/\\\/schema.org\",\"@graph\":[{\"@type\":\"WebPage\",\"@id\":\"https:\\\/\\\/www.lifebase.org\\\/wp1\\\/programm\\\/start-up\\\/\",\"url\":\"https:\\\/\\\/www.lifebase.org\\\/wp1\\\/programm\\\/start-up\\\/\",\"name\":\"Start Up -\",\"isPartOf\":{\"@id\":\"https:\\\/\\\/www.lifebase.org\\\/wp1\\\/#website\"},\"primaryImageOfPage\":{\"@id\":\"https:\\\/\\\/www.lifebase.org\\\/wp1\\\/programm\\\/start-up\\\/#primaryimage\"},\"image\":{\"@id\":\"https:\\\/\\\/www.lifebase.org\\\/wp1\\\/programm\\\/start-up\\\/#primaryimage\"},\"thumbnailUrl\":\"https:\\\/\\\/www.lifebase.org\\\/wp1\\\/wp-content\\\/uploads\\\/2021\\\/01\\\/HP_startup_900.jpg\",\"datePublished\":\"2020-04-23T18:31:51+00:00\",\"dateModified\":\"2021-01-26T14:19:08+00:00\",\"breadcrumb\":{\"@id\":\"https:\\\/\\\/www.lifebase.org\\\/wp1\\\/programm\\\/start-up\\\/#breadcrumb\"},\"inLanguage\":\"de\",\"potentialAction\":[{\"@type\":\"ReadAction\",\"target\":[\"https:\\\/\\\/www.lifebase.org\\\/wp1\\\/programm\\\/start-up\\\/\"]}]},{\"@type\":\"ImageObject\",\"inLanguage\":\"de\",\"@id\":\"https:\\\/\\\/www.lifebase.org\\\/wp1\\\/programm\\\/start-up\\\/#primaryimage\",\"url\":\"https:\\\/\\\/www.lifebase.org\\\/wp1\\\/wp-content\\\/uploads\\\/2021\\\/01\\\/HP_startup_900.jpg\",\"contentUrl\":\"https:\\\/\\\/www.lifebase.org\\\/wp1\\\/wp-content\\\/uploads\\\/2021\\\/01\\\/HP_startup_900.jpg\",\"width\":900,\"height\":564},{\"@type\":\"BreadcrumbList\",\"@id\":\"https:\\\/\\\/www.lifebase.org\\\/wp1\\\/programm\\\/start-up\\\/#breadcrumb\",\"itemListElement\":[{\"@type\":\"ListItem\",\"position\":1,\"name\":\"Startseite\",\"item\":\"https:\\\/\\\/www.lifebase.org\\\/wp1\\\/\"},{\"@type\":\"ListItem\",\"position\":2,\"name\":\"Programm\",\"item\":\"https:\\\/\\\/www.lifebase.org\\\/wp1\\\/programm\\\/\"},{\"@type\":\"ListItem\",\"position\":3,\"name\":\"Start Up\"}]},{\"@type\":\"WebSite\",\"@id\":\"https:\\\/\\\/www.lifebase.org\\\/wp1\\\/#website\",\"url\":\"https:\\\/\\\/www.lifebase.org\\\/wp1\\\/\",\"name\":\"\",\"description\":\"Freie evangelische Gemeinde in Gerlingen\",\"potentialAction\":[{\"@type\":\"SearchAction\",\"target\":{\"@type\":\"EntryPoint\",\"urlTemplate\":\"https:\\\/\\\/www.lifebase.org\\\/wp1\\\/?s={search_term_string}\"},\"query-input\":{\"@type\":\"PropertyValueSpecification\",\"valueRequired\":true,\"valueName\":\"search_term_string\"}}],\"inLanguage\":\"de\"}]}<\/script>\n<!-- \/ Yoast SEO plugin. -->","yoast_head_json":{"title":"Start Up -","robots":{"index":"index","follow":"follow","max-snippet":"max-snippet:-1","max-image-preview":"max-image-preview:large","max-video-preview":"max-video-preview:-1"},"canonical":"https:\/\/www.lifebase.org\/wp1\/programm\/start-up\/","og_locale":"de_DE","og_type":"article","og_title":"Start Up -","og_description":"jeden Sonntag, 19:00 Uhr Sonntagabend ist unsere Zeit: alle ab 20 Jahren treffen sich, um Gemeinschaft zu haben, zusammen und f\u00fcreinander zu beten, zu singen, in der Bibel zu lesen, Freude und Spa\u00df miteinander zu haben. Auf dem Programm stehen auch Spieleabende, Konzerte, christliche Filme, Ausfl\u00fcge und vieles mehr. Schau doch mal vorbei \u2013 wir &hellip; \u201eStart Up\u201c weiterlesen","og_url":"https:\/\/www.lifebase.org\/wp1\/programm\/start-up\/","article_modified_time":"2021-01-26T14:19:08+00:00","og_image":[{"width":900,"height":564,"url":"https:\/\/www.lifebase.org\/wp1\/wp-content\/uploads\/2021\/01\/HP_startup_900.jpg","type":"image\/jpeg"}],"twitter_card":"summary_large_image","twitter_misc":{"Gesch\u00e4tzte Lesezeit":"1\u00a0Minute"},"schema":{"@context":"https:\/\/schema.org","@graph":[{"@type":"WebPage","@id":"https:\/\/www.lifebase.org\/wp1\/programm\/start-up\/","url":"https:\/\/www.lifebase.org\/wp1\/programm\/start-up\/","name":"Start Up -","isPartOf":{"@id":"https:\/\/www.lifebase.org\/wp1\/#website"},"primaryImageOfPage":{"@id":"https:\/\/www.lifebase.org\/wp1\/programm\/start-up\/#primaryimage"},"image":{"@id":"https:\/\/www.lifebase.org\/wp1\/programm\/start-up\/#primaryimage"},"thumbnailUrl":"https:\/\/www.lifebase.org\/wp1\/wp-content\/uploads\/2021\/01\/HP_startup_900.jpg","datePublished":"2020-04-23T18:31:51+00:00","dateModified":"2021-01-26T14:19:08+00:00","breadcrumb":{"@id":"https:\/\/www.lifebase.org\/wp1\/programm\/start-up\/#breadcrumb"},"inLanguage":"de","potentialAction":[{"@type":"ReadAction","target":["https:\/\/www.lifebase.org\/wp1\/programm\/start-up\/"]}]},{"@type":"ImageObject","inLanguage":"de","@id":"https:\/\/www.lifebase.org\/wp1\/programm\/start-up\/#primaryimage","url":"https:\/\/www.lifebase.org\/wp1\/wp-content\/uploads\/2021\/01\/HP_startup_900.jpg","contentUrl":"https:\/\/www.lifebase.org\/wp1\/wp-content\/uploads\/2021\/01\/HP_startup_900.jpg","width":900,"height":564},{"@type":"BreadcrumbList","@id":"https:\/\/www.lifebase.org\/wp1\/programm\/start-up\/#breadcrumb","itemListElement":[{"@type":"ListItem","position":1,"name":"Startseite","item":"https:\/\/www.lifebase.org\/wp1\/"},{"@type":"ListItem","position":2,"name":"Programm","item":"https:\/\/www.lifebase.org\/wp1\/programm\/"},{"@type":"ListItem","position":3,"name":"Start Up"}]},{"@type":"WebSite","@id":"https:\/\/www.lifebase.org\/wp1\/#website","url":"https:\/\/www.lifebase.org\/wp1\/","name":"","description":"Freie evangelische Gemeinde in Gerlingen","potentialAction":[{"@type":"SearchAction","target":{"@type":"EntryPoint","urlTemplate":"https:\/\/www.lifebase.org\/wp1\/?s={search_term_string}"},"query-input":{"@type":"PropertyValueSpecification","valueRequired":true,"valueName":"search_term_string"}}],"inLanguage":"de"}]}},"_links":{"self":[{"href":"https:\/\/www.lifebase.org\/wp1\/wp-json\/wp\/v2\/pages\/170","targetHints":{"allow":["GET"]}}],"collection":[{"href":"https:\/\/www.lifebase.org\/wp1\/wp-json\/wp\/v2\/pages"}],"about":[{"href":"https:\/\/www.lifebase.org\/wp1\/wp-json\/wp\/v2\/types\/page"}],"author":[{"embeddable":true,"href":"https:\/\/www.lifebase.org\/wp1\/wp-json\/wp\/v2\/users\/6"}],"replies":[{"embeddable":true,"href":"https:\/\/www.lifebase.org\/wp1\/wp-json\/wp\/v2\/comments?post=170"}],"version-history":[{"count":8,"href":"https:\/\/www.lifebase.org\/wp1\/wp-json\/wp\/v2\/pages\/170\/revisions"}],"predecessor-version":[{"id":857,"href":"https:\/\/www.lifebase.org\/wp1\/wp-json\/wp\/v2\/pages\/170\/revisions\/857"}],"up":[{"embeddable":true,"href":"https:\/\/www.lifebase.org\/wp1\/wp-json\/wp\/v2\/pages\/94"}],"wp:featuredmedia":[{"embeddable":true,"href":"https:\/\/www.lifebase.org\/wp1\/wp-json\/wp\/v2\/media\/629"}],"wp:attachment":[{"href":"https:\/\/www.lifebase.org\/wp1\/wp-json\/wp\/v2\/media?parent=170"}],"curies":[{"name":"wp","href":"https:\/\/api.w.org\/{rel}","templated":true}]}}