{"id":168,"date":"2020-04-23T20:31:32","date_gmt":"2020-04-23T18:31:32","guid":{"rendered":"http:\/\/lifebase.org.w0206e66.kasserver.com\/wp1\/?page_id=168"},"modified":"2024-12-06T10:09:08","modified_gmt":"2024-12-06T09:09:08","slug":"kindergottesdienst","status":"publish","type":"page","link":"https:\/\/www.lifebase.org\/wp1\/programm\/kindergottesdienst\/","title":{"rendered":"Kindergottesdienst"},"content":{"rendered":"\n<p class=\"has-text-align-right\"><em><mark style=\"background-color:rgba(0, 0, 0, 0);color:#326e91\" class=\"has-inline-color\">jeden Sonntag, 10:00 Uhr, von 3 bis 14 Jahre<\/mark><\/em><\/p>\n\n\n\n<p>Jesus sagt: <strong>\u201eLasst die Kinder zu mir kommen!\u201c<\/strong><\/p>\n\n\n\n<p>Auch uns liegen die Kinder sehr am Herzen. Wenn die \u201eGro\u00dfen\u201c Gottesdienst feiern, sind wir mit dabei. Kurz vor der Predigt werden wir mit Gebet verabschiedet und gehen zum gemeinsamen Singen in die Arche:<\/p>\n\n\n\n<p>Dort starten unsere Gruppen des Kindergottesdienstes f\u00fcr die Minis ab drei Jahren und f\u00fcr die Midis von 6-11 Jahren mit spannenden Geschichten aus der Bibel, Spielen und Basteln. F\u00fcr die Maxis findet abwechselnd biblischer Unterricht oder Predigt-Dialog statt. Beim Predigt-Dialog bleiben die Maxis im Gottesdienst und treffen sich nach der Predigt mit einem Mitarbeiter zum Austausch \u00fcber das Geh\u00f6rte. <\/p>\n\n\n\n<p>F\u00fcr Eltern mit Babies und Krabbelkindern steht ein separater Raum mit Bild- und Ton\u00fcbertragung zur Verf\u00fcgung.&nbsp;<\/p>\n\n\n\n<p>Ich hoffe, du kommst mal vorbei!<\/p>\n","protected":false},"excerpt":{"rendered":"<p>jeden Sonntag, 10:00 Uhr, von 3 bis 14 Jahre Jesus sagt: \u201eLasst die Kinder zu mir kommen!\u201c Auch uns liegen die Kinder sehr am Herzen. Wenn die \u201eGro\u00dfen\u201c Gottesdienst feiern, sind wir mit dabei. Kurz vor der Predigt werden wir mit Gebet verabschiedet und gehen zum gemeinsamen Singen in die Arche: Dort starten unsere Gruppen &hellip; <\/p>\n<p class=\"link-more\"><a href=\"https:\/\/www.lifebase.org\/wp1\/programm\/kindergottesdienst\/\" class=\"more-link\"><span class=\"screen-reader-text\">\u201eKindergottesdienst\u201c<\/span> weiterlesen<\/a><\/p>\n","protected":false},"author":6,"featured_media":613,"parent":94,"menu_order":0,"comment_status":"closed","ping_status":"closed","template":"","meta":{"footnotes":""},"class_list":["post-168","page","type-page","status-publish","has-post-thumbnail","hentry"],"yoast_head":"<!-- This site is optimized with the Yoast SEO plugin v27.4 - https:\/\/yoast.com\/product\/yoast-seo-wordpress\/ -->\n<title>Kindergottesdienst -<\/title>\n<meta name=\"robots\" content=\"index, follow, max-snippet:-1, max-image-preview:large, max-video-preview:-1\" \/>\n<link rel=\"canonical\" href=\"https:\/\/www.lifebase.org\/wp1\/programm\/kindergottesdienst\/\" \/>\n<meta property=\"og:locale\" content=\"de_DE\" \/>\n<meta property=\"og:type\" content=\"article\" \/>\n<meta property=\"og:title\" content=\"Kindergottesdienst -\" \/>\n<meta property=\"og:description\" content=\"jeden Sonntag, 10:00 Uhr, von 3 bis 14 Jahre Jesus sagt: \u201eLasst die Kinder zu mir kommen!\u201c Auch uns liegen die Kinder sehr am Herzen. Wenn die \u201eGro\u00dfen\u201c Gottesdienst feiern, sind wir mit dabei. Kurz vor der Predigt werden wir mit Gebet verabschiedet und gehen zum gemeinsamen Singen in die Arche: Dort starten unsere Gruppen &hellip; \u201eKindergottesdienst\u201c weiterlesen\" \/>\n<meta property=\"og:url\" content=\"https:\/\/www.lifebase.org\/wp1\/programm\/kindergottesdienst\/\" \/>\n<meta property=\"article:modified_time\" content=\"2024-12-06T09:09:08+00:00\" \/>\n<meta property=\"og:image\" content=\"https:\/\/www.lifebase.org\/wp1\/wp-content\/uploads\/2021\/01\/HP_kigo_900.jpg\" \/>\n\t<meta property=\"og:image:width\" content=\"900\" \/>\n\t<meta property=\"og:image:height\" content=\"564\" \/>\n\t<meta property=\"og:image:type\" content=\"image\/jpeg\" \/>\n<meta name=\"twitter:card\" content=\"summary_large_image\" \/>\n<meta name=\"twitter:label1\" content=\"Gesch\u00e4tzte Lesezeit\" \/>\n\t<meta name=\"twitter:data1\" content=\"1\u00a0Minute\" \/>\n<script type=\"application\/ld+json\" class=\"yoast-schema-graph\">{\"@context\":\"https:\\\/\\\/schema.org\",\"@graph\":[{\"@type\":\"WebPage\",\"@id\":\"https:\\\/\\\/www.lifebase.org\\\/wp1\\\/programm\\\/kindergottesdienst\\\/\",\"url\":\"https:\\\/\\\/www.lifebase.org\\\/wp1\\\/programm\\\/kindergottesdienst\\\/\",\"name\":\"Kindergottesdienst -\",\"isPartOf\":{\"@id\":\"https:\\\/\\\/www.lifebase.org\\\/wp1\\\/#website\"},\"primaryImageOfPage\":{\"@id\":\"https:\\\/\\\/www.lifebase.org\\\/wp1\\\/programm\\\/kindergottesdienst\\\/#primaryimage\"},\"image\":{\"@id\":\"https:\\\/\\\/www.lifebase.org\\\/wp1\\\/programm\\\/kindergottesdienst\\\/#primaryimage\"},\"thumbnailUrl\":\"https:\\\/\\\/www.lifebase.org\\\/wp1\\\/wp-content\\\/uploads\\\/2021\\\/01\\\/HP_kigo_900.jpg\",\"datePublished\":\"2020-04-23T18:31:32+00:00\",\"dateModified\":\"2024-12-06T09:09:08+00:00\",\"breadcrumb\":{\"@id\":\"https:\\\/\\\/www.lifebase.org\\\/wp1\\\/programm\\\/kindergottesdienst\\\/#breadcrumb\"},\"inLanguage\":\"de\",\"potentialAction\":[{\"@type\":\"ReadAction\",\"target\":[\"https:\\\/\\\/www.lifebase.org\\\/wp1\\\/programm\\\/kindergottesdienst\\\/\"]}]},{\"@type\":\"ImageObject\",\"inLanguage\":\"de\",\"@id\":\"https:\\\/\\\/www.lifebase.org\\\/wp1\\\/programm\\\/kindergottesdienst\\\/#primaryimage\",\"url\":\"https:\\\/\\\/www.lifebase.org\\\/wp1\\\/wp-content\\\/uploads\\\/2021\\\/01\\\/HP_kigo_900.jpg\",\"contentUrl\":\"https:\\\/\\\/www.lifebase.org\\\/wp1\\\/wp-content\\\/uploads\\\/2021\\\/01\\\/HP_kigo_900.jpg\",\"width\":900,\"height\":564},{\"@type\":\"BreadcrumbList\",\"@id\":\"https:\\\/\\\/www.lifebase.org\\\/wp1\\\/programm\\\/kindergottesdienst\\\/#breadcrumb\",\"itemListElement\":[{\"@type\":\"ListItem\",\"position\":1,\"name\":\"Startseite\",\"item\":\"https:\\\/\\\/www.lifebase.org\\\/wp1\\\/\"},{\"@type\":\"ListItem\",\"position\":2,\"name\":\"Programm\",\"item\":\"https:\\\/\\\/www.lifebase.org\\\/wp1\\\/programm\\\/\"},{\"@type\":\"ListItem\",\"position\":3,\"name\":\"Kindergottesdienst\"}]},{\"@type\":\"WebSite\",\"@id\":\"https:\\\/\\\/www.lifebase.org\\\/wp1\\\/#website\",\"url\":\"https:\\\/\\\/www.lifebase.org\\\/wp1\\\/\",\"name\":\"\",\"description\":\"Freie evangelische Gemeinde in Gerlingen\",\"potentialAction\":[{\"@type\":\"SearchAction\",\"target\":{\"@type\":\"EntryPoint\",\"urlTemplate\":\"https:\\\/\\\/www.lifebase.org\\\/wp1\\\/?s={search_term_string}\"},\"query-input\":{\"@type\":\"PropertyValueSpecification\",\"valueRequired\":true,\"valueName\":\"search_term_string\"}}],\"inLanguage\":\"de\"}]}<\/script>\n<!-- \/ Yoast SEO plugin. -->","yoast_head_json":{"title":"Kindergottesdienst -","robots":{"index":"index","follow":"follow","max-snippet":"max-snippet:-1","max-image-preview":"max-image-preview:large","max-video-preview":"max-video-preview:-1"},"canonical":"https:\/\/www.lifebase.org\/wp1\/programm\/kindergottesdienst\/","og_locale":"de_DE","og_type":"article","og_title":"Kindergottesdienst -","og_description":"jeden Sonntag, 10:00 Uhr, von 3 bis 14 Jahre Jesus sagt: \u201eLasst die Kinder zu mir kommen!\u201c Auch uns liegen die Kinder sehr am Herzen. Wenn die \u201eGro\u00dfen\u201c Gottesdienst feiern, sind wir mit dabei. Kurz vor der Predigt werden wir mit Gebet verabschiedet und gehen zum gemeinsamen Singen in die Arche: Dort starten unsere Gruppen &hellip; \u201eKindergottesdienst\u201c weiterlesen","og_url":"https:\/\/www.lifebase.org\/wp1\/programm\/kindergottesdienst\/","article_modified_time":"2024-12-06T09:09:08+00:00","og_image":[{"width":900,"height":564,"url":"https:\/\/www.lifebase.org\/wp1\/wp-content\/uploads\/2021\/01\/HP_kigo_900.jpg","type":"image\/jpeg"}],"twitter_card":"summary_large_image","twitter_misc":{"Gesch\u00e4tzte Lesezeit":"1\u00a0Minute"},"schema":{"@context":"https:\/\/schema.org","@graph":[{"@type":"WebPage","@id":"https:\/\/www.lifebase.org\/wp1\/programm\/kindergottesdienst\/","url":"https:\/\/www.lifebase.org\/wp1\/programm\/kindergottesdienst\/","name":"Kindergottesdienst -","isPartOf":{"@id":"https:\/\/www.lifebase.org\/wp1\/#website"},"primaryImageOfPage":{"@id":"https:\/\/www.lifebase.org\/wp1\/programm\/kindergottesdienst\/#primaryimage"},"image":{"@id":"https:\/\/www.lifebase.org\/wp1\/programm\/kindergottesdienst\/#primaryimage"},"thumbnailUrl":"https:\/\/www.lifebase.org\/wp1\/wp-content\/uploads\/2021\/01\/HP_kigo_900.jpg","datePublished":"2020-04-23T18:31:32+00:00","dateModified":"2024-12-06T09:09:08+00:00","breadcrumb":{"@id":"https:\/\/www.lifebase.org\/wp1\/programm\/kindergottesdienst\/#breadcrumb"},"inLanguage":"de","potentialAction":[{"@type":"ReadAction","target":["https:\/\/www.lifebase.org\/wp1\/programm\/kindergottesdienst\/"]}]},{"@type":"ImageObject","inLanguage":"de","@id":"https:\/\/www.lifebase.org\/wp1\/programm\/kindergottesdienst\/#primaryimage","url":"https:\/\/www.lifebase.org\/wp1\/wp-content\/uploads\/2021\/01\/HP_kigo_900.jpg","contentUrl":"https:\/\/www.lifebase.org\/wp1\/wp-content\/uploads\/2021\/01\/HP_kigo_900.jpg","width":900,"height":564},{"@type":"BreadcrumbList","@id":"https:\/\/www.lifebase.org\/wp1\/programm\/kindergottesdienst\/#breadcrumb","itemListElement":[{"@type":"ListItem","position":1,"name":"Startseite","item":"https:\/\/www.lifebase.org\/wp1\/"},{"@type":"ListItem","position":2,"name":"Programm","item":"https:\/\/www.lifebase.org\/wp1\/programm\/"},{"@type":"ListItem","position":3,"name":"Kindergottesdienst"}]},{"@type":"WebSite","@id":"https:\/\/www.lifebase.org\/wp1\/#website","url":"https:\/\/www.lifebase.org\/wp1\/","name":"","description":"Freie evangelische Gemeinde in Gerlingen","potentialAction":[{"@type":"SearchAction","target":{"@type":"EntryPoint","urlTemplate":"https:\/\/www.lifebase.org\/wp1\/?s={search_term_string}"},"query-input":{"@type":"PropertyValueSpecification","valueRequired":true,"valueName":"search_term_string"}}],"inLanguage":"de"}]}},"_links":{"self":[{"href":"https:\/\/www.lifebase.org\/wp1\/wp-json\/wp\/v2\/pages\/168","targetHints":{"allow":["GET"]}}],"collection":[{"href":"https:\/\/www.lifebase.org\/wp1\/wp-json\/wp\/v2\/pages"}],"about":[{"href":"https:\/\/www.lifebase.org\/wp1\/wp-json\/wp\/v2\/types\/page"}],"author":[{"embeddable":true,"href":"https:\/\/www.lifebase.org\/wp1\/wp-json\/wp\/v2\/users\/6"}],"replies":[{"embeddable":true,"href":"https:\/\/www.lifebase.org\/wp1\/wp-json\/wp\/v2\/comments?post=168"}],"version-history":[{"count":7,"href":"https:\/\/www.lifebase.org\/wp1\/wp-json\/wp\/v2\/pages\/168\/revisions"}],"predecessor-version":[{"id":1971,"href":"https:\/\/www.lifebase.org\/wp1\/wp-json\/wp\/v2\/pages\/168\/revisions\/1971"}],"up":[{"embeddable":true,"href":"https:\/\/www.lifebase.org\/wp1\/wp-json\/wp\/v2\/pages\/94"}],"wp:featuredmedia":[{"embeddable":true,"href":"https:\/\/www.lifebase.org\/wp1\/wp-json\/wp\/v2\/media\/613"}],"wp:attachment":[{"href":"https:\/\/www.lifebase.org\/wp1\/wp-json\/wp\/v2\/media?parent=168"}],"curies":[{"name":"wp","href":"https:\/\/api.w.org\/{rel}","templated":true}]}}