{"id":166,"date":"2020-04-23T20:31:11","date_gmt":"2020-04-23T18:31:11","guid":{"rendered":"http:\/\/lifebase.org.w0206e66.kasserver.com\/wp1\/?page_id=166"},"modified":"2024-12-06T10:09:49","modified_gmt":"2024-12-06T09:09:49","slug":"now","status":"publish","type":"page","link":"https:\/\/www.lifebase.org\/wp1\/programm\/now\/","title":{"rendered":"Connect"},"content":{"rendered":"\n<p class=\"has-text-align-right\"><em><mark style=\"background-color:rgba(0, 0, 0, 0);color:#326e91\" class=\"has-inline-color\">jeden Freitag, 19:30 Uhr<\/mark><\/em><\/p>\n\n\n\n<p>Bei Connect haben wir Jugendlichen eine lockere Zeit mit Kicker, Tischtennis und Chillen auf den Sofas. Ein alltagsrelevanter Impuls zu unterschiedlichen Themen des christlichen Glaubens geh\u00f6rt ebenso dazu wie Gespr\u00e4che, Spiel und Spa\u00df in gem\u00fctlicher Runde. Ab und zu besuchen wir andere Jugendkreise, gehen auf Konzerte oder Jugendgottesdienste oder nehmen sp\u00e4tabends einen Imbiss in den umliegenden Fastfood-Ketten ein.&nbsp;<\/p>\n\n\n\n<p>Schau doch mal rein! Jeder zwischen 15 und 25 Jahren ist willkommen.<\/p>\n","protected":false},"excerpt":{"rendered":"<p>jeden Freitag, 19:30 Uhr Bei Connect haben wir Jugendlichen eine lockere Zeit mit Kicker, Tischtennis und Chillen auf den Sofas. Ein alltagsrelevanter Impuls zu unterschiedlichen Themen des christlichen Glaubens geh\u00f6rt ebenso dazu wie Gespr\u00e4che, Spiel und Spa\u00df in gem\u00fctlicher Runde. Ab und zu besuchen wir andere Jugendkreise, gehen auf Konzerte oder Jugendgottesdienste oder nehmen sp\u00e4tabends &hellip; <\/p>\n<p class=\"link-more\"><a href=\"https:\/\/www.lifebase.org\/wp1\/programm\/now\/\" class=\"more-link\"><span class=\"screen-reader-text\">\u201eConnect\u201c<\/span> weiterlesen<\/a><\/p>\n","protected":false},"author":6,"featured_media":1418,"parent":94,"menu_order":0,"comment_status":"closed","ping_status":"closed","template":"","meta":{"footnotes":""},"class_list":["post-166","page","type-page","status-publish","has-post-thumbnail","hentry"],"yoast_head":"<!-- This site is optimized with the Yoast SEO plugin v27.4 - https:\/\/yoast.com\/product\/yoast-seo-wordpress\/ -->\n<title>Connect -<\/title>\n<meta name=\"robots\" content=\"index, follow, max-snippet:-1, max-image-preview:large, max-video-preview:-1\" \/>\n<link rel=\"canonical\" href=\"https:\/\/www.lifebase.org\/wp1\/programm\/now\/\" \/>\n<meta property=\"og:locale\" content=\"de_DE\" \/>\n<meta property=\"og:type\" content=\"article\" \/>\n<meta property=\"og:title\" content=\"Connect -\" \/>\n<meta property=\"og:description\" content=\"jeden Freitag, 19:30 Uhr Bei Connect haben wir Jugendlichen eine lockere Zeit mit Kicker, Tischtennis und Chillen auf den Sofas. Ein alltagsrelevanter Impuls zu unterschiedlichen Themen des christlichen Glaubens geh\u00f6rt ebenso dazu wie Gespr\u00e4che, Spiel und Spa\u00df in gem\u00fctlicher Runde. Ab und zu besuchen wir andere Jugendkreise, gehen auf Konzerte oder Jugendgottesdienste oder nehmen sp\u00e4tabends &hellip; \u201eConnect\u201c weiterlesen\" \/>\n<meta property=\"og:url\" content=\"https:\/\/www.lifebase.org\/wp1\/programm\/now\/\" \/>\n<meta property=\"article:modified_time\" content=\"2024-12-06T09:09:49+00:00\" \/>\n<meta property=\"og:image\" content=\"https:\/\/www.lifebase.org\/wp1\/wp-content\/uploads\/2023\/04\/HP_connect_900.jpg\" \/>\n\t<meta property=\"og:image:width\" content=\"900\" \/>\n\t<meta property=\"og:image:height\" content=\"564\" \/>\n\t<meta property=\"og:image:type\" content=\"image\/jpeg\" \/>\n<meta name=\"twitter:card\" content=\"summary_large_image\" \/>\n<meta name=\"twitter:label1\" content=\"Gesch\u00e4tzte Lesezeit\" \/>\n\t<meta name=\"twitter:data1\" content=\"1\u00a0Minute\" \/>\n<script type=\"application\/ld+json\" class=\"yoast-schema-graph\">{\"@context\":\"https:\\\/\\\/schema.org\",\"@graph\":[{\"@type\":\"WebPage\",\"@id\":\"https:\\\/\\\/www.lifebase.org\\\/wp1\\\/programm\\\/now\\\/\",\"url\":\"https:\\\/\\\/www.lifebase.org\\\/wp1\\\/programm\\\/now\\\/\",\"name\":\"Connect -\",\"isPartOf\":{\"@id\":\"https:\\\/\\\/www.lifebase.org\\\/wp1\\\/#website\"},\"primaryImageOfPage\":{\"@id\":\"https:\\\/\\\/www.lifebase.org\\\/wp1\\\/programm\\\/now\\\/#primaryimage\"},\"image\":{\"@id\":\"https:\\\/\\\/www.lifebase.org\\\/wp1\\\/programm\\\/now\\\/#primaryimage\"},\"thumbnailUrl\":\"https:\\\/\\\/www.lifebase.org\\\/wp1\\\/wp-content\\\/uploads\\\/2023\\\/04\\\/HP_connect_900.jpg\",\"datePublished\":\"2020-04-23T18:31:11+00:00\",\"dateModified\":\"2024-12-06T09:09:49+00:00\",\"breadcrumb\":{\"@id\":\"https:\\\/\\\/www.lifebase.org\\\/wp1\\\/programm\\\/now\\\/#breadcrumb\"},\"inLanguage\":\"de\",\"potentialAction\":[{\"@type\":\"ReadAction\",\"target\":[\"https:\\\/\\\/www.lifebase.org\\\/wp1\\\/programm\\\/now\\\/\"]}]},{\"@type\":\"ImageObject\",\"inLanguage\":\"de\",\"@id\":\"https:\\\/\\\/www.lifebase.org\\\/wp1\\\/programm\\\/now\\\/#primaryimage\",\"url\":\"https:\\\/\\\/www.lifebase.org\\\/wp1\\\/wp-content\\\/uploads\\\/2023\\\/04\\\/HP_connect_900.jpg\",\"contentUrl\":\"https:\\\/\\\/www.lifebase.org\\\/wp1\\\/wp-content\\\/uploads\\\/2023\\\/04\\\/HP_connect_900.jpg\",\"width\":900,\"height\":564},{\"@type\":\"BreadcrumbList\",\"@id\":\"https:\\\/\\\/www.lifebase.org\\\/wp1\\\/programm\\\/now\\\/#breadcrumb\",\"itemListElement\":[{\"@type\":\"ListItem\",\"position\":1,\"name\":\"Startseite\",\"item\":\"https:\\\/\\\/www.lifebase.org\\\/wp1\\\/\"},{\"@type\":\"ListItem\",\"position\":2,\"name\":\"Programm\",\"item\":\"https:\\\/\\\/www.lifebase.org\\\/wp1\\\/programm\\\/\"},{\"@type\":\"ListItem\",\"position\":3,\"name\":\"Connect\"}]},{\"@type\":\"WebSite\",\"@id\":\"https:\\\/\\\/www.lifebase.org\\\/wp1\\\/#website\",\"url\":\"https:\\\/\\\/www.lifebase.org\\\/wp1\\\/\",\"name\":\"\",\"description\":\"Freie evangelische Gemeinde in Gerlingen\",\"potentialAction\":[{\"@type\":\"SearchAction\",\"target\":{\"@type\":\"EntryPoint\",\"urlTemplate\":\"https:\\\/\\\/www.lifebase.org\\\/wp1\\\/?s={search_term_string}\"},\"query-input\":{\"@type\":\"PropertyValueSpecification\",\"valueRequired\":true,\"valueName\":\"search_term_string\"}}],\"inLanguage\":\"de\"}]}<\/script>\n<!-- \/ Yoast SEO plugin. -->","yoast_head_json":{"title":"Connect -","robots":{"index":"index","follow":"follow","max-snippet":"max-snippet:-1","max-image-preview":"max-image-preview:large","max-video-preview":"max-video-preview:-1"},"canonical":"https:\/\/www.lifebase.org\/wp1\/programm\/now\/","og_locale":"de_DE","og_type":"article","og_title":"Connect -","og_description":"jeden Freitag, 19:30 Uhr Bei Connect haben wir Jugendlichen eine lockere Zeit mit Kicker, Tischtennis und Chillen auf den Sofas. Ein alltagsrelevanter Impuls zu unterschiedlichen Themen des christlichen Glaubens geh\u00f6rt ebenso dazu wie Gespr\u00e4che, Spiel und Spa\u00df in gem\u00fctlicher Runde. Ab und zu besuchen wir andere Jugendkreise, gehen auf Konzerte oder Jugendgottesdienste oder nehmen sp\u00e4tabends &hellip; \u201eConnect\u201c weiterlesen","og_url":"https:\/\/www.lifebase.org\/wp1\/programm\/now\/","article_modified_time":"2024-12-06T09:09:49+00:00","og_image":[{"width":900,"height":564,"url":"https:\/\/www.lifebase.org\/wp1\/wp-content\/uploads\/2023\/04\/HP_connect_900.jpg","type":"image\/jpeg"}],"twitter_card":"summary_large_image","twitter_misc":{"Gesch\u00e4tzte Lesezeit":"1\u00a0Minute"},"schema":{"@context":"https:\/\/schema.org","@graph":[{"@type":"WebPage","@id":"https:\/\/www.lifebase.org\/wp1\/programm\/now\/","url":"https:\/\/www.lifebase.org\/wp1\/programm\/now\/","name":"Connect -","isPartOf":{"@id":"https:\/\/www.lifebase.org\/wp1\/#website"},"primaryImageOfPage":{"@id":"https:\/\/www.lifebase.org\/wp1\/programm\/now\/#primaryimage"},"image":{"@id":"https:\/\/www.lifebase.org\/wp1\/programm\/now\/#primaryimage"},"thumbnailUrl":"https:\/\/www.lifebase.org\/wp1\/wp-content\/uploads\/2023\/04\/HP_connect_900.jpg","datePublished":"2020-04-23T18:31:11+00:00","dateModified":"2024-12-06T09:09:49+00:00","breadcrumb":{"@id":"https:\/\/www.lifebase.org\/wp1\/programm\/now\/#breadcrumb"},"inLanguage":"de","potentialAction":[{"@type":"ReadAction","target":["https:\/\/www.lifebase.org\/wp1\/programm\/now\/"]}]},{"@type":"ImageObject","inLanguage":"de","@id":"https:\/\/www.lifebase.org\/wp1\/programm\/now\/#primaryimage","url":"https:\/\/www.lifebase.org\/wp1\/wp-content\/uploads\/2023\/04\/HP_connect_900.jpg","contentUrl":"https:\/\/www.lifebase.org\/wp1\/wp-content\/uploads\/2023\/04\/HP_connect_900.jpg","width":900,"height":564},{"@type":"BreadcrumbList","@id":"https:\/\/www.lifebase.org\/wp1\/programm\/now\/#breadcrumb","itemListElement":[{"@type":"ListItem","position":1,"name":"Startseite","item":"https:\/\/www.lifebase.org\/wp1\/"},{"@type":"ListItem","position":2,"name":"Programm","item":"https:\/\/www.lifebase.org\/wp1\/programm\/"},{"@type":"ListItem","position":3,"name":"Connect"}]},{"@type":"WebSite","@id":"https:\/\/www.lifebase.org\/wp1\/#website","url":"https:\/\/www.lifebase.org\/wp1\/","name":"","description":"Freie evangelische Gemeinde in Gerlingen","potentialAction":[{"@type":"SearchAction","target":{"@type":"EntryPoint","urlTemplate":"https:\/\/www.lifebase.org\/wp1\/?s={search_term_string}"},"query-input":{"@type":"PropertyValueSpecification","valueRequired":true,"valueName":"search_term_string"}}],"inLanguage":"de"}]}},"_links":{"self":[{"href":"https:\/\/www.lifebase.org\/wp1\/wp-json\/wp\/v2\/pages\/166","targetHints":{"allow":["GET"]}}],"collection":[{"href":"https:\/\/www.lifebase.org\/wp1\/wp-json\/wp\/v2\/pages"}],"about":[{"href":"https:\/\/www.lifebase.org\/wp1\/wp-json\/wp\/v2\/types\/page"}],"author":[{"embeddable":true,"href":"https:\/\/www.lifebase.org\/wp1\/wp-json\/wp\/v2\/users\/6"}],"replies":[{"embeddable":true,"href":"https:\/\/www.lifebase.org\/wp1\/wp-json\/wp\/v2\/comments?post=166"}],"version-history":[{"count":10,"href":"https:\/\/www.lifebase.org\/wp1\/wp-json\/wp\/v2\/pages\/166\/revisions"}],"predecessor-version":[{"id":1972,"href":"https:\/\/www.lifebase.org\/wp1\/wp-json\/wp\/v2\/pages\/166\/revisions\/1972"}],"up":[{"embeddable":true,"href":"https:\/\/www.lifebase.org\/wp1\/wp-json\/wp\/v2\/pages\/94"}],"wp:featuredmedia":[{"embeddable":true,"href":"https:\/\/www.lifebase.org\/wp1\/wp-json\/wp\/v2\/media\/1418"}],"wp:attachment":[{"href":"https:\/\/www.lifebase.org\/wp1\/wp-json\/wp\/v2\/media?parent=166"}],"curies":[{"name":"wp","href":"https:\/\/api.w.org\/{rel}","templated":true}]}}