{"id":1527,"date":"2023-08-14T18:53:55","date_gmt":"2023-08-14T16:53:55","guid":{"rendered":"http:\/\/lifebase.org.w0206e66.kasserver.com\/wp1\/?page_id=1527"},"modified":"2023-09-08T14:34:15","modified_gmt":"2023-09-08T12:34:15","slug":"so-wird-es-nicht-immer-sein","status":"publish","type":"page","link":"https:\/\/www.lifebase.org\/wp1\/so-wird-es-nicht-immer-sein\/","title":{"rendered":"So wird es nicht immer sein"},"content":{"rendered":"\n<p><strong><mark style=\"background-color:rgba(0, 0, 0, 0);color:#099b32\" class=\"has-inline-color\">Macht Dir diese Aussicht Hoffnung oder doch eher Angst? Viele bisherigen Sicherheiten wurden ersch\u00fcttert, was bleibt? Hoffnungslosigkeit \u2013 nur den Kopf in den Sand stecken? Interessanterweise hat die Bibel vielen Menschen genau in diesen Lebenssituationen Hoffnung gegeben.&nbsp;<\/mark><\/strong><\/p>\n\n\n\n<p>\u00bbDen Kopf in den Sand stecken\u00ab ist ein Ausdruck daf\u00fcr, dass eine Person sich weigert, sich der Realit\u00e4t zu stellen. Es bedeutet, dass man eine drohende Gefahr nicht sehen will und handelt, ohne die Umgebung zu beachten. Diese Redensart entstand aus der Vorstellung, dass der Vogelstrau\u00df seinen Kopf in den Sand steckt, sobald Gefahr droht und er Angst bekommt.<\/p>\n\n\n\n<p>Diese Annahme basiert zwar auf wahren Beobachtungen, ist aber dennoch falsch. <br>(Weshalb sie falsch ist, kannst du mit Sicherheit selbst rausfinden). Der Vogelstrau\u00df kann mit <strong>Spitzengeschwindigkeiten<\/strong> von bis zu 90 km\/h rennen und genau das tut er auch, wenn er sich bedroht f\u00fchlt, anstatt, wie oft angenommen, seinen Kopf im Sand zu vergraben!<\/p>\n\n\n\n<p>Wie gehst du mit Situationen um, die dir Angst machen oder dich \u00fcberfordern? Wo du keine Kontrolle hast und den Umst\u00e4nden des Lebens schutzlos ausgeliefert bist? Wie z. B. der aktuelle Krieg vor unserer Haust\u00fcr oder den voranschreitenden Wohlstandsverfall in Deutschland. Es scheinen vielleicht nicht absolut schlechte Aussichten f\u00fcr uns zu herrschen, aber eine gewisse Unsicherheit und Angst ist dennoch in unserer Gesellschaft zu beobachten. Steckst du den Kopf in den sprichw\u00f6rtlichen Sand oder versuchst du dem ganzen vielleicht (mit 90 km\/h) zu entfliehen?<\/p>\n\n\n\n<p>Ich kann dir sagen, was mir hilft, wenn ich vor Situationen stehe, die mir Angst machen. Weder stecke ich den Kopf in den Sand noch versuche ich davor zu fliehen, denn \u2013 seien wir mal ehrlich \u2013 beides funktioniert mehr schlecht als recht. &nbsp;<\/p>\n\n\n\n<p>Nein, ich wende mich dem Gott der Bibel zu! Denn in Jesus Christus wendet sich auch der lebendige Gott dir und mir zu! Darauf d\u00fcrfen wir vertrauen, auch hier und heute.<\/p>\n\n\n\n<p>In der Bibel hei\u00dft es dazu <mark style=\"background-color:rgba(0, 0, 0, 0)\" class=\"has-inline-color has-cyan-bluish-gray-color\">(in Psalm 27)<\/mark>: <em>\u00bbDer HERR ist f\u00fcr mein Leben wie eine sch\u00fctzende Burg, vor wem sollte ich erschrecken? Selbst wenn mich ein Heer von Feinden umlagert: mein Herz ist nicht von Furcht erf\u00fcllt. Und wenn Krieg gegen mich ausbricht, bleibe ich dennoch voll Zuversicht. Denn er wird mich am Tag des Ungl\u00fccks in seinem Zelt bergen, mir dort in der Verborgenheit seinen Schutz gew\u00e4hren und mich auf einem hohen Felsen in Sicherheit bringen.\u00ab<\/em><\/p>\n\n\n\n<p>Das glaube ich! Gott ist f\u00fcr mich ein Zufluchtsort in Zeiten, in denen ich mich bedr\u00e4ngt f\u00fchle, ein Ort, wo ich Kraft sch\u00f6pfen kann, wenn ich Angst habe. Dann wende ich mich diesem Gott zu, wie es auch ein gro\u00dfer Theologe des 20. Jahrhundert mit den Worten tut: <em>\u00bbHerr, unser Gott! Wenn wir Angst haben, dann lass uns nicht verzweifeln. Wenn wir entt\u00e4uscht sind, dann lass uns nicht bitter werden. Wenn wir gefallen sind, dann lass uns nicht liegenbleiben. Nein, dann lass uns deine N\u00e4he und deine Liebe sp\u00fcren!\u00ab <mark style=\"background-color:rgba(0, 0, 0, 0)\" class=\"has-inline-color has-cyan-bluish-gray-color\">(Karl Barth)<\/mark><\/em><\/p>\n\n\n\n<p>Willst du diesen Gott der Zuflucht und Sicherheit auch kennenlernen? Dann steck nicht den Kopf in den Sand, sondern in die Bibel und lies selbst nach, was die Bibel \u00fcber diesen Gott sagt.<\/p>\n\n\n\n<p>Die Bibel (z. B. das Evangelium nach Lukas) &gt; <a href=\"https:\/\/www.bibleserver.com\/\">https:\/\/www.bibleserver.com\/<\/a><\/p>\n\n\n\n<p><strong>Hast du noch weitere Fragen zum Leben und Glauben? Dann kannst du dich gerne an unseren Pastor Peter Isaak (<a href=\"mailto:peter.isaak@lifebase.org\" target=\"_blank\" rel=\"noreferrer noopener\">peter.isaak@lifebase.org<\/a>) wenden.<\/strong><\/p>\n\n\n\n<p><\/p>\n","protected":false},"excerpt":{"rendered":"<p>Macht Dir diese Aussicht Hoffnung oder doch eher Angst? Viele bisherigen Sicherheiten wurden ersch\u00fcttert, was bleibt? Hoffnungslosigkeit \u2013 nur den Kopf in den Sand stecken? Interessanterweise hat die Bibel vielen Menschen genau in diesen Lebenssituationen Hoffnung gegeben.&nbsp; \u00bbDen Kopf in den Sand stecken\u00ab ist ein Ausdruck daf\u00fcr, dass eine Person sich weigert, sich der Realit\u00e4t &hellip; <\/p>\n<p class=\"link-more\"><a href=\"https:\/\/www.lifebase.org\/wp1\/so-wird-es-nicht-immer-sein\/\" class=\"more-link\"><span class=\"screen-reader-text\">\u201eSo wird es nicht immer sein\u201c<\/span> weiterlesen<\/a><\/p>\n","protected":false},"author":5,"featured_media":1548,"parent":0,"menu_order":0,"comment_status":"closed","ping_status":"closed","template":"","meta":{"footnotes":""},"class_list":["post-1527","page","type-page","status-publish","has-post-thumbnail","hentry"],"yoast_head":"<!-- This site is optimized with the Yoast SEO plugin v27.4 - https:\/\/yoast.com\/product\/yoast-seo-wordpress\/ -->\n<title>So wird es nicht immer sein -<\/title>\n<meta name=\"robots\" content=\"index, follow, max-snippet:-1, max-image-preview:large, max-video-preview:-1\" \/>\n<link rel=\"canonical\" href=\"https:\/\/www.lifebase.org\/wp1\/so-wird-es-nicht-immer-sein\/\" \/>\n<meta property=\"og:locale\" content=\"de_DE\" \/>\n<meta property=\"og:type\" content=\"article\" \/>\n<meta property=\"og:title\" content=\"So wird es nicht immer sein -\" \/>\n<meta property=\"og:description\" content=\"Macht Dir diese Aussicht Hoffnung oder doch eher Angst? Viele bisherigen Sicherheiten wurden ersch\u00fcttert, was bleibt? Hoffnungslosigkeit \u2013 nur den Kopf in den Sand stecken? Interessanterweise hat die Bibel vielen Menschen genau in diesen Lebenssituationen Hoffnung gegeben.&nbsp; \u00bbDen Kopf in den Sand stecken\u00ab ist ein Ausdruck daf\u00fcr, dass eine Person sich weigert, sich der Realit\u00e4t &hellip; \u201eSo wird es nicht immer sein\u201c weiterlesen\" \/>\n<meta property=\"og:url\" content=\"https:\/\/www.lifebase.org\/wp1\/so-wird-es-nicht-immer-sein\/\" \/>\n<meta property=\"article:modified_time\" content=\"2023-09-08T12:34:15+00:00\" \/>\n<meta property=\"og:image\" content=\"https:\/\/www.lifebase.org\/wp1\/wp-content\/uploads\/2023\/08\/Plakatback_06_900.jpg\" \/>\n\t<meta property=\"og:image:width\" content=\"900\" \/>\n\t<meta property=\"og:image:height\" content=\"643\" \/>\n\t<meta property=\"og:image:type\" content=\"image\/jpeg\" \/>\n<meta name=\"twitter:card\" content=\"summary_large_image\" \/>\n<meta name=\"twitter:label1\" content=\"Gesch\u00e4tzte Lesezeit\" \/>\n\t<meta name=\"twitter:data1\" content=\"3\u00a0Minuten\" \/>\n<script type=\"application\/ld+json\" class=\"yoast-schema-graph\">{\"@context\":\"https:\\\/\\\/schema.org\",\"@graph\":[{\"@type\":\"WebPage\",\"@id\":\"https:\\\/\\\/www.lifebase.org\\\/wp1\\\/so-wird-es-nicht-immer-sein\\\/\",\"url\":\"https:\\\/\\\/www.lifebase.org\\\/wp1\\\/so-wird-es-nicht-immer-sein\\\/\",\"name\":\"So wird es nicht immer sein -\",\"isPartOf\":{\"@id\":\"https:\\\/\\\/www.lifebase.org\\\/wp1\\\/#website\"},\"primaryImageOfPage\":{\"@id\":\"https:\\\/\\\/www.lifebase.org\\\/wp1\\\/so-wird-es-nicht-immer-sein\\\/#primaryimage\"},\"image\":{\"@id\":\"https:\\\/\\\/www.lifebase.org\\\/wp1\\\/so-wird-es-nicht-immer-sein\\\/#primaryimage\"},\"thumbnailUrl\":\"https:\\\/\\\/www.lifebase.org\\\/wp1\\\/wp-content\\\/uploads\\\/2023\\\/08\\\/Plakatback_06_900.jpg\",\"datePublished\":\"2023-08-14T16:53:55+00:00\",\"dateModified\":\"2023-09-08T12:34:15+00:00\",\"breadcrumb\":{\"@id\":\"https:\\\/\\\/www.lifebase.org\\\/wp1\\\/so-wird-es-nicht-immer-sein\\\/#breadcrumb\"},\"inLanguage\":\"de\",\"potentialAction\":[{\"@type\":\"ReadAction\",\"target\":[\"https:\\\/\\\/www.lifebase.org\\\/wp1\\\/so-wird-es-nicht-immer-sein\\\/\"]}]},{\"@type\":\"ImageObject\",\"inLanguage\":\"de\",\"@id\":\"https:\\\/\\\/www.lifebase.org\\\/wp1\\\/so-wird-es-nicht-immer-sein\\\/#primaryimage\",\"url\":\"https:\\\/\\\/www.lifebase.org\\\/wp1\\\/wp-content\\\/uploads\\\/2023\\\/08\\\/Plakatback_06_900.jpg\",\"contentUrl\":\"https:\\\/\\\/www.lifebase.org\\\/wp1\\\/wp-content\\\/uploads\\\/2023\\\/08\\\/Plakatback_06_900.jpg\",\"width\":900,\"height\":643},{\"@type\":\"BreadcrumbList\",\"@id\":\"https:\\\/\\\/www.lifebase.org\\\/wp1\\\/so-wird-es-nicht-immer-sein\\\/#breadcrumb\",\"itemListElement\":[{\"@type\":\"ListItem\",\"position\":1,\"name\":\"Startseite\",\"item\":\"https:\\\/\\\/www.lifebase.org\\\/wp1\\\/\"},{\"@type\":\"ListItem\",\"position\":2,\"name\":\"So wird es nicht immer sein\"}]},{\"@type\":\"WebSite\",\"@id\":\"https:\\\/\\\/www.lifebase.org\\\/wp1\\\/#website\",\"url\":\"https:\\\/\\\/www.lifebase.org\\\/wp1\\\/\",\"name\":\"\",\"description\":\"Freie evangelische Gemeinde in Gerlingen\",\"potentialAction\":[{\"@type\":\"SearchAction\",\"target\":{\"@type\":\"EntryPoint\",\"urlTemplate\":\"https:\\\/\\\/www.lifebase.org\\\/wp1\\\/?s={search_term_string}\"},\"query-input\":{\"@type\":\"PropertyValueSpecification\",\"valueRequired\":true,\"valueName\":\"search_term_string\"}}],\"inLanguage\":\"de\"}]}<\/script>\n<!-- \/ Yoast SEO plugin. -->","yoast_head_json":{"title":"So wird es nicht immer sein -","robots":{"index":"index","follow":"follow","max-snippet":"max-snippet:-1","max-image-preview":"max-image-preview:large","max-video-preview":"max-video-preview:-1"},"canonical":"https:\/\/www.lifebase.org\/wp1\/so-wird-es-nicht-immer-sein\/","og_locale":"de_DE","og_type":"article","og_title":"So wird es nicht immer sein -","og_description":"Macht Dir diese Aussicht Hoffnung oder doch eher Angst? Viele bisherigen Sicherheiten wurden ersch\u00fcttert, was bleibt? Hoffnungslosigkeit \u2013 nur den Kopf in den Sand stecken? Interessanterweise hat die Bibel vielen Menschen genau in diesen Lebenssituationen Hoffnung gegeben.&nbsp; \u00bbDen Kopf in den Sand stecken\u00ab ist ein Ausdruck daf\u00fcr, dass eine Person sich weigert, sich der Realit\u00e4t &hellip; \u201eSo wird es nicht immer sein\u201c weiterlesen","og_url":"https:\/\/www.lifebase.org\/wp1\/so-wird-es-nicht-immer-sein\/","article_modified_time":"2023-09-08T12:34:15+00:00","og_image":[{"width":900,"height":643,"url":"https:\/\/www.lifebase.org\/wp1\/wp-content\/uploads\/2023\/08\/Plakatback_06_900.jpg","type":"image\/jpeg"}],"twitter_card":"summary_large_image","twitter_misc":{"Gesch\u00e4tzte Lesezeit":"3\u00a0Minuten"},"schema":{"@context":"https:\/\/schema.org","@graph":[{"@type":"WebPage","@id":"https:\/\/www.lifebase.org\/wp1\/so-wird-es-nicht-immer-sein\/","url":"https:\/\/www.lifebase.org\/wp1\/so-wird-es-nicht-immer-sein\/","name":"So wird es nicht immer sein -","isPartOf":{"@id":"https:\/\/www.lifebase.org\/wp1\/#website"},"primaryImageOfPage":{"@id":"https:\/\/www.lifebase.org\/wp1\/so-wird-es-nicht-immer-sein\/#primaryimage"},"image":{"@id":"https:\/\/www.lifebase.org\/wp1\/so-wird-es-nicht-immer-sein\/#primaryimage"},"thumbnailUrl":"https:\/\/www.lifebase.org\/wp1\/wp-content\/uploads\/2023\/08\/Plakatback_06_900.jpg","datePublished":"2023-08-14T16:53:55+00:00","dateModified":"2023-09-08T12:34:15+00:00","breadcrumb":{"@id":"https:\/\/www.lifebase.org\/wp1\/so-wird-es-nicht-immer-sein\/#breadcrumb"},"inLanguage":"de","potentialAction":[{"@type":"ReadAction","target":["https:\/\/www.lifebase.org\/wp1\/so-wird-es-nicht-immer-sein\/"]}]},{"@type":"ImageObject","inLanguage":"de","@id":"https:\/\/www.lifebase.org\/wp1\/so-wird-es-nicht-immer-sein\/#primaryimage","url":"https:\/\/www.lifebase.org\/wp1\/wp-content\/uploads\/2023\/08\/Plakatback_06_900.jpg","contentUrl":"https:\/\/www.lifebase.org\/wp1\/wp-content\/uploads\/2023\/08\/Plakatback_06_900.jpg","width":900,"height":643},{"@type":"BreadcrumbList","@id":"https:\/\/www.lifebase.org\/wp1\/so-wird-es-nicht-immer-sein\/#breadcrumb","itemListElement":[{"@type":"ListItem","position":1,"name":"Startseite","item":"https:\/\/www.lifebase.org\/wp1\/"},{"@type":"ListItem","position":2,"name":"So wird es nicht immer sein"}]},{"@type":"WebSite","@id":"https:\/\/www.lifebase.org\/wp1\/#website","url":"https:\/\/www.lifebase.org\/wp1\/","name":"","description":"Freie evangelische Gemeinde in Gerlingen","potentialAction":[{"@type":"SearchAction","target":{"@type":"EntryPoint","urlTemplate":"https:\/\/www.lifebase.org\/wp1\/?s={search_term_string}"},"query-input":{"@type":"PropertyValueSpecification","valueRequired":true,"valueName":"search_term_string"}}],"inLanguage":"de"}]}},"_links":{"self":[{"href":"https:\/\/www.lifebase.org\/wp1\/wp-json\/wp\/v2\/pages\/1527","targetHints":{"allow":["GET"]}}],"collection":[{"href":"https:\/\/www.lifebase.org\/wp1\/wp-json\/wp\/v2\/pages"}],"about":[{"href":"https:\/\/www.lifebase.org\/wp1\/wp-json\/wp\/v2\/types\/page"}],"author":[{"embeddable":true,"href":"https:\/\/www.lifebase.org\/wp1\/wp-json\/wp\/v2\/users\/5"}],"replies":[{"embeddable":true,"href":"https:\/\/www.lifebase.org\/wp1\/wp-json\/wp\/v2\/comments?post=1527"}],"version-history":[{"count":8,"href":"https:\/\/www.lifebase.org\/wp1\/wp-json\/wp\/v2\/pages\/1527\/revisions"}],"predecessor-version":[{"id":1657,"href":"https:\/\/www.lifebase.org\/wp1\/wp-json\/wp\/v2\/pages\/1527\/revisions\/1657"}],"wp:featuredmedia":[{"embeddable":true,"href":"https:\/\/www.lifebase.org\/wp1\/wp-json\/wp\/v2\/media\/1548"}],"wp:attachment":[{"href":"https:\/\/www.lifebase.org\/wp1\/wp-json\/wp\/v2\/media?parent=1527"}],"curies":[{"name":"wp","href":"https:\/\/api.w.org\/{rel}","templated":true}]}}