{"id":1525,"date":"2023-08-14T19:00:41","date_gmt":"2023-08-14T17:00:41","guid":{"rendered":"http:\/\/lifebase.org.w0206e66.kasserver.com\/wp1\/?page_id=1525"},"modified":"2023-09-08T14:24:50","modified_gmt":"2023-09-08T12:24:50","slug":"was-habt-ihr-eigentlich-mit-diesem-jesus","status":"publish","type":"page","link":"https:\/\/www.lifebase.org\/wp1\/was-habt-ihr-eigentlich-mit-diesem-jesus\/","title":{"rendered":"Was habt ihr eigentlich mit diesem Jesus?"},"content":{"rendered":"\n<p><strong><mark style=\"background-color:rgba(0, 0, 0, 0)\" class=\"has-inline-color has-vivid-red-color\">Wie kann das eigentlich sein, dass der Sohn eines einfachen Zimmermanns, der vor 2000 Jahren lebte, f\u00fcr euch immer noch Bedeutung hat? Falls es ihn wirklich gab, ist er doch gestorben. Und tot ist tot \u2013 oder?&nbsp;<\/mark><\/strong><\/p>\n\n\n\n<p>Die historische Person Jesus von Nazareth war ein bemerkenswerter Mensch. Kritiker des Neuen Testaments sind sich mittlerweile einig dar\u00fcber, dass der historische Jesus mit einem beispiellosen Bewusstsein g\u00f6ttlicher Autorit\u00e4t auftrat \u2013 der Autorit\u00e4t, an Gottes Stelle zu stehen und zu sprechen. Aus diesem Grund zettelte die j\u00fcdische F\u00fchrungsriege seine Kreuzigung mittels einer Anklage wegen Gottesl\u00e4sterung an. Er behauptete, dass in ihm selbst das Reich Gottes gekommen sei, und als sichtbare Demonstration dieser Tatsache vollbrachte er Wunder und Exorzismen.&nbsp;<\/p>\n\n\n\n<p>C. S. Lewis nimmt auf diese Aussagen Jesu Bezug und sagte dazu: <em><em>\u00bb<\/em>Ein Mann, der als blo\u00dfer Mensch die Aussagen von Jesus macht, w\u00e4re kein gro\u00dfer moralischer Lehrer. Er w\u00e4re entweder verr\u00fcckt (\u2026) oder er w\u00e4re der Teufel pers\u00f6nlich. Du musst dich entscheiden: <\/em><strong><em>entweder <\/em><\/strong><em>war und ist dieser Mann der <\/em><strong><em>Sohn Gottes<\/em><\/strong><em> <\/em><strong><em>oder <\/em><\/strong><em>er ist <\/em><strong><em>verr\u00fcckt<\/em><\/strong><em> oder schlimmer. (\u2026) Aber kommen Sie mir nicht mit diesem moralisierenden Quatsch, er sei ein gro\u00dfer menschlicher Lehrer. Diese Option hat er uns nicht offengelassen. Das wollte er nie.<em>\u00ab<\/em><\/em><\/p>\n\n\n\n<p>Aber die h\u00f6chste Best\u00e4tigung seines Anspruchs war seine Auferstehung von den Toten. Nun, die meisten Menschen denken wahrscheinlich, dass die Auferstehung Jesu etwas ist, was man eben im Glauben annimmt oder nicht. Jedoch gibt es einige fundierte Tatsachen, die von der Mehrheit der heutigen Historiker des Neuen Testaments anerkannt werden und sich meiner Meinung nach am besten durch die Auferstehung Jesu erkl\u00e4ren lassen: sein leeres Grab, seine Erscheinungen nach dem Tod und der Ursprung des Glaubens der J\u00fcnger an seine Auferstehung. Sehen wir uns kurz jede dieser Tatsachen an.&nbsp;<\/p>\n\n\n\n<p><strong>Tatsache #1: <em>Das Grab Jesu wurde am Sonntagmorgen von einer Gruppe seiner Nachfolgerinnen leer vorgefunden.<\/em><\/strong><em> <\/em>Laut Jacob Kremer, einem \u00f6sterreichischen Gelehrten, der sich auf die Erforschung der Auferstehung spezialisiert hat, \u00bbhalten weitaus die meisten Exegeten (\u2026) an der Zuverl\u00e4ssigkeit der biblischen Aussagen \u00fcber das leere Grab fest\u00ab. Laut D. H. van Daalen ist es extrem schwierig, aus historischen Gr\u00fcnden gegen das leere Grab Einspruch zu erheben; diejenigen, die es leugnen, tun dies auf der Grundlage theologischer oder philosophischer Annahmen.<\/p>\n\n\n\n<p><strong>Tatsache #2: <em>In unterschiedlichen Situationen haben verschiedene Einzelpersonen und Gruppen Erscheinungen des lebendigen Jesus nach seinem Tod gesehen. <\/em><\/strong>Laut Gerd L\u00fcdemann, einem bedeutenden deutschen Kritiker des Neuen Testaments \u00bbdarf es als historisch gesichert gelten, dass Petrus (und die J\u00fcnger) nach Jesu Tod ein Erlebnis hatten, in dem ihm\/ihnen Jesus als der auferstandene Christus erschien.\u00ab&nbsp;Diese Erscheinungen wurden nicht nur von Gl\u00e4ubigen bezeugt, sondern auch von Nichtgl\u00e4ubigen, Skeptikern und sogar Feinden.<\/p>\n\n\n\n<p><strong>Tatsache #3: <em>Die urspr\u00fcnglichen J\u00fcnger kamen pl\u00f6tzlich zum Glauben an die Auferstehung Jesu, obwohl sie aufgrund der Situation jeden Anlass zum Gegenteil hatten.<\/em><\/strong><em> <\/em>Bedenken Sie die Situation, der sich die J\u00fcnger nach der Kreuzigung Jesu stellen mussten:<\/p>\n\n\n\n<p>1. Ihr Anf\u00fchrer war tot, ein Messias, der, anstatt \u00fcber Israels Feinde zu triumphieren, von ihnen schm\u00e4hlich als Verbrecher exekutiert wurde.<\/p>\n\n\n\n<p>2. Die J\u00fcnger, die vorher alle aus Angst geflohen waren, glaubten pl\u00f6tzlich so stark daran, dass Gott Jesus von den Toten auferweckt hatte, dass sie gewillt waren, f\u00fcr die Wahrheit dieses Glaubens zu sterben.<\/p>\n\n\n\n<p>N. T. Wright, ein angesehener britischer Gelehrter, folgert: \u00bbDeswegen kann ich als Historiker das Aufkommen des fr\u00fchen Christentums nicht erkl\u00e4ren, wenn nicht Jesus auferstanden war und ein leeres Grab hinterlassen hatte.\u00ab&nbsp;<\/p>\n\n\n\n<p><em><mark style=\"background-color:rgba(0, 0, 0, 0)\" class=\"has-inline-color has-cyan-bluish-gray-color\">&nbsp;(In Teilen aus: Existiert Gott? Drei Gr\u00fcnde, warum diese Frage einen Unterschied macht, und f\u00fcnf Gr\u00fcnde f\u00fcr Gottes Existenz, von William Lane Craig; \u00dcbersetzung: J. Booker)<\/mark><\/em><\/p>\n\n\n\n<p><em><a href=\"http:\/\/www.reasonablefaith.org\/does-god-exist-1\" target=\"_blank\" rel=\"noreferrer noopener nofollow\">Lin<\/a><a href=\"http:\/\/www.reasonablefaith.org\/does-god-exist-1\">k<\/a> <mark style=\"background-color:rgba(0, 0, 0, 0)\" class=\"has-inline-color has-cyan-bluish-gray-color\">zum englischen Originalartikel<\/mark><\/em><\/p>\n\n\n\n<p><strong>Willst du dich weiter mit diesem Thema besch\u00e4ftigen?<br>Dann hast du hier ein paar weiterf\u00fchrende Anregungen:&nbsp;<\/strong><\/p>\n\n\n\n<p>Video: \u00bbWarum ich Christ bin\u00ab von Dr. J\u00fcrgen Spie\u00df (<a href=\"https:\/\/www.youtube.com\/watch?v=Q2OMT051GWs\" target=\"_blank\" rel=\"noreferrer noopener nofollow\">hier<\/a>)<\/p>\n\n\n\n<p>Podcast: \u00bbWar die Auferstehung von Jesus ein historisches Ereignis?\u00ab von Dr. Alexander Fink (<a href=\"https:\/\/begruendet-glauben.podigee.io\/64-war-die-auferstehung-von-jesus-ein-historisches-ereignis-1\" target=\"_blank\" rel=\"noreferrer noopener nofollow\">hier<\/a>)<\/p>\n\n\n\n<p><strong>Hast du noch weitere Fragen zum Leben und Glauben? Dann kannst du dich gerne an unseren Pastor Peter Isaak (<a href=\"mailto:peter.isaak@lifebase.org\" target=\"_blank\" rel=\"noreferrer noopener\">peter.isaak@lifebase.org<\/a>) wenden.<\/strong><\/p>\n","protected":false},"excerpt":{"rendered":"<p>Wie kann das eigentlich sein, dass der Sohn eines einfachen Zimmermanns, der vor 2000 Jahren lebte, f\u00fcr euch immer noch Bedeutung hat? Falls es ihn wirklich gab, ist er doch gestorben. Und tot ist tot \u2013 oder?&nbsp; Die historische Person Jesus von Nazareth war ein bemerkenswerter Mensch. Kritiker des Neuen Testaments sind sich mittlerweile einig &hellip; <\/p>\n<p class=\"link-more\"><a href=\"https:\/\/www.lifebase.org\/wp1\/was-habt-ihr-eigentlich-mit-diesem-jesus\/\" class=\"more-link\"><span class=\"screen-reader-text\">\u201eWas habt ihr eigentlich mit diesem Jesus?\u201c<\/span> weiterlesen<\/a><\/p>\n","protected":false},"author":5,"featured_media":1546,"parent":0,"menu_order":0,"comment_status":"closed","ping_status":"closed","template":"","meta":{"footnotes":""},"class_list":["post-1525","page","type-page","status-publish","has-post-thumbnail","hentry"],"yoast_head":"<!-- This site is optimized with the Yoast SEO plugin v27.4 - https:\/\/yoast.com\/product\/yoast-seo-wordpress\/ -->\n<title>Was habt ihr eigentlich mit diesem Jesus? -<\/title>\n<meta name=\"robots\" content=\"index, follow, max-snippet:-1, max-image-preview:large, max-video-preview:-1\" \/>\n<link rel=\"canonical\" href=\"https:\/\/www.lifebase.org\/wp1\/was-habt-ihr-eigentlich-mit-diesem-jesus\/\" \/>\n<meta property=\"og:locale\" content=\"de_DE\" \/>\n<meta property=\"og:type\" content=\"article\" \/>\n<meta property=\"og:title\" content=\"Was habt ihr eigentlich mit diesem Jesus? -\" \/>\n<meta property=\"og:description\" content=\"Wie kann das eigentlich sein, dass der Sohn eines einfachen Zimmermanns, der vor 2000 Jahren lebte, f\u00fcr euch immer noch Bedeutung hat? Falls es ihn wirklich gab, ist er doch gestorben. Und tot ist tot \u2013 oder?&nbsp; Die historische Person Jesus von Nazareth war ein bemerkenswerter Mensch. Kritiker des Neuen Testaments sind sich mittlerweile einig &hellip; \u201eWas habt ihr eigentlich mit diesem Jesus?\u201c weiterlesen\" \/>\n<meta property=\"og:url\" content=\"https:\/\/www.lifebase.org\/wp1\/was-habt-ihr-eigentlich-mit-diesem-jesus\/\" \/>\n<meta property=\"article:modified_time\" content=\"2023-09-08T12:24:50+00:00\" \/>\n<meta property=\"og:image\" content=\"https:\/\/www.lifebase.org\/wp1\/wp-content\/uploads\/2023\/08\/Plakatback_04_900.jpg\" \/>\n\t<meta property=\"og:image:width\" content=\"900\" \/>\n\t<meta property=\"og:image:height\" content=\"643\" \/>\n\t<meta property=\"og:image:type\" content=\"image\/jpeg\" \/>\n<meta name=\"twitter:card\" content=\"summary_large_image\" \/>\n<meta name=\"twitter:label1\" content=\"Gesch\u00e4tzte Lesezeit\" \/>\n\t<meta name=\"twitter:data1\" content=\"4\u00a0Minuten\" \/>\n<script type=\"application\/ld+json\" class=\"yoast-schema-graph\">{\"@context\":\"https:\\\/\\\/schema.org\",\"@graph\":[{\"@type\":\"WebPage\",\"@id\":\"https:\\\/\\\/www.lifebase.org\\\/wp1\\\/was-habt-ihr-eigentlich-mit-diesem-jesus\\\/\",\"url\":\"https:\\\/\\\/www.lifebase.org\\\/wp1\\\/was-habt-ihr-eigentlich-mit-diesem-jesus\\\/\",\"name\":\"Was habt ihr eigentlich mit diesem Jesus? -\",\"isPartOf\":{\"@id\":\"https:\\\/\\\/www.lifebase.org\\\/wp1\\\/#website\"},\"primaryImageOfPage\":{\"@id\":\"https:\\\/\\\/www.lifebase.org\\\/wp1\\\/was-habt-ihr-eigentlich-mit-diesem-jesus\\\/#primaryimage\"},\"image\":{\"@id\":\"https:\\\/\\\/www.lifebase.org\\\/wp1\\\/was-habt-ihr-eigentlich-mit-diesem-jesus\\\/#primaryimage\"},\"thumbnailUrl\":\"https:\\\/\\\/www.lifebase.org\\\/wp1\\\/wp-content\\\/uploads\\\/2023\\\/08\\\/Plakatback_04_900.jpg\",\"datePublished\":\"2023-08-14T17:00:41+00:00\",\"dateModified\":\"2023-09-08T12:24:50+00:00\",\"breadcrumb\":{\"@id\":\"https:\\\/\\\/www.lifebase.org\\\/wp1\\\/was-habt-ihr-eigentlich-mit-diesem-jesus\\\/#breadcrumb\"},\"inLanguage\":\"de\",\"potentialAction\":[{\"@type\":\"ReadAction\",\"target\":[\"https:\\\/\\\/www.lifebase.org\\\/wp1\\\/was-habt-ihr-eigentlich-mit-diesem-jesus\\\/\"]}]},{\"@type\":\"ImageObject\",\"inLanguage\":\"de\",\"@id\":\"https:\\\/\\\/www.lifebase.org\\\/wp1\\\/was-habt-ihr-eigentlich-mit-diesem-jesus\\\/#primaryimage\",\"url\":\"https:\\\/\\\/www.lifebase.org\\\/wp1\\\/wp-content\\\/uploads\\\/2023\\\/08\\\/Plakatback_04_900.jpg\",\"contentUrl\":\"https:\\\/\\\/www.lifebase.org\\\/wp1\\\/wp-content\\\/uploads\\\/2023\\\/08\\\/Plakatback_04_900.jpg\",\"width\":900,\"height\":643},{\"@type\":\"BreadcrumbList\",\"@id\":\"https:\\\/\\\/www.lifebase.org\\\/wp1\\\/was-habt-ihr-eigentlich-mit-diesem-jesus\\\/#breadcrumb\",\"itemListElement\":[{\"@type\":\"ListItem\",\"position\":1,\"name\":\"Startseite\",\"item\":\"https:\\\/\\\/www.lifebase.org\\\/wp1\\\/\"},{\"@type\":\"ListItem\",\"position\":2,\"name\":\"Was habt ihr eigentlich mit diesem Jesus?\"}]},{\"@type\":\"WebSite\",\"@id\":\"https:\\\/\\\/www.lifebase.org\\\/wp1\\\/#website\",\"url\":\"https:\\\/\\\/www.lifebase.org\\\/wp1\\\/\",\"name\":\"\",\"description\":\"Freie evangelische Gemeinde in Gerlingen\",\"potentialAction\":[{\"@type\":\"SearchAction\",\"target\":{\"@type\":\"EntryPoint\",\"urlTemplate\":\"https:\\\/\\\/www.lifebase.org\\\/wp1\\\/?s={search_term_string}\"},\"query-input\":{\"@type\":\"PropertyValueSpecification\",\"valueRequired\":true,\"valueName\":\"search_term_string\"}}],\"inLanguage\":\"de\"}]}<\/script>\n<!-- \/ Yoast SEO plugin. -->","yoast_head_json":{"title":"Was habt ihr eigentlich mit diesem Jesus? -","robots":{"index":"index","follow":"follow","max-snippet":"max-snippet:-1","max-image-preview":"max-image-preview:large","max-video-preview":"max-video-preview:-1"},"canonical":"https:\/\/www.lifebase.org\/wp1\/was-habt-ihr-eigentlich-mit-diesem-jesus\/","og_locale":"de_DE","og_type":"article","og_title":"Was habt ihr eigentlich mit diesem Jesus? -","og_description":"Wie kann das eigentlich sein, dass der Sohn eines einfachen Zimmermanns, der vor 2000 Jahren lebte, f\u00fcr euch immer noch Bedeutung hat? Falls es ihn wirklich gab, ist er doch gestorben. Und tot ist tot \u2013 oder?&nbsp; Die historische Person Jesus von Nazareth war ein bemerkenswerter Mensch. Kritiker des Neuen Testaments sind sich mittlerweile einig &hellip; \u201eWas habt ihr eigentlich mit diesem Jesus?\u201c weiterlesen","og_url":"https:\/\/www.lifebase.org\/wp1\/was-habt-ihr-eigentlich-mit-diesem-jesus\/","article_modified_time":"2023-09-08T12:24:50+00:00","og_image":[{"width":900,"height":643,"url":"https:\/\/www.lifebase.org\/wp1\/wp-content\/uploads\/2023\/08\/Plakatback_04_900.jpg","type":"image\/jpeg"}],"twitter_card":"summary_large_image","twitter_misc":{"Gesch\u00e4tzte Lesezeit":"4\u00a0Minuten"},"schema":{"@context":"https:\/\/schema.org","@graph":[{"@type":"WebPage","@id":"https:\/\/www.lifebase.org\/wp1\/was-habt-ihr-eigentlich-mit-diesem-jesus\/","url":"https:\/\/www.lifebase.org\/wp1\/was-habt-ihr-eigentlich-mit-diesem-jesus\/","name":"Was habt ihr eigentlich mit diesem Jesus? -","isPartOf":{"@id":"https:\/\/www.lifebase.org\/wp1\/#website"},"primaryImageOfPage":{"@id":"https:\/\/www.lifebase.org\/wp1\/was-habt-ihr-eigentlich-mit-diesem-jesus\/#primaryimage"},"image":{"@id":"https:\/\/www.lifebase.org\/wp1\/was-habt-ihr-eigentlich-mit-diesem-jesus\/#primaryimage"},"thumbnailUrl":"https:\/\/www.lifebase.org\/wp1\/wp-content\/uploads\/2023\/08\/Plakatback_04_900.jpg","datePublished":"2023-08-14T17:00:41+00:00","dateModified":"2023-09-08T12:24:50+00:00","breadcrumb":{"@id":"https:\/\/www.lifebase.org\/wp1\/was-habt-ihr-eigentlich-mit-diesem-jesus\/#breadcrumb"},"inLanguage":"de","potentialAction":[{"@type":"ReadAction","target":["https:\/\/www.lifebase.org\/wp1\/was-habt-ihr-eigentlich-mit-diesem-jesus\/"]}]},{"@type":"ImageObject","inLanguage":"de","@id":"https:\/\/www.lifebase.org\/wp1\/was-habt-ihr-eigentlich-mit-diesem-jesus\/#primaryimage","url":"https:\/\/www.lifebase.org\/wp1\/wp-content\/uploads\/2023\/08\/Plakatback_04_900.jpg","contentUrl":"https:\/\/www.lifebase.org\/wp1\/wp-content\/uploads\/2023\/08\/Plakatback_04_900.jpg","width":900,"height":643},{"@type":"BreadcrumbList","@id":"https:\/\/www.lifebase.org\/wp1\/was-habt-ihr-eigentlich-mit-diesem-jesus\/#breadcrumb","itemListElement":[{"@type":"ListItem","position":1,"name":"Startseite","item":"https:\/\/www.lifebase.org\/wp1\/"},{"@type":"ListItem","position":2,"name":"Was habt ihr eigentlich mit diesem Jesus?"}]},{"@type":"WebSite","@id":"https:\/\/www.lifebase.org\/wp1\/#website","url":"https:\/\/www.lifebase.org\/wp1\/","name":"","description":"Freie evangelische Gemeinde in Gerlingen","potentialAction":[{"@type":"SearchAction","target":{"@type":"EntryPoint","urlTemplate":"https:\/\/www.lifebase.org\/wp1\/?s={search_term_string}"},"query-input":{"@type":"PropertyValueSpecification","valueRequired":true,"valueName":"search_term_string"}}],"inLanguage":"de"}]}},"_links":{"self":[{"href":"https:\/\/www.lifebase.org\/wp1\/wp-json\/wp\/v2\/pages\/1525","targetHints":{"allow":["GET"]}}],"collection":[{"href":"https:\/\/www.lifebase.org\/wp1\/wp-json\/wp\/v2\/pages"}],"about":[{"href":"https:\/\/www.lifebase.org\/wp1\/wp-json\/wp\/v2\/types\/page"}],"author":[{"embeddable":true,"href":"https:\/\/www.lifebase.org\/wp1\/wp-json\/wp\/v2\/users\/5"}],"replies":[{"embeddable":true,"href":"https:\/\/www.lifebase.org\/wp1\/wp-json\/wp\/v2\/comments?post=1525"}],"version-history":[{"count":16,"href":"https:\/\/www.lifebase.org\/wp1\/wp-json\/wp\/v2\/pages\/1525\/revisions"}],"predecessor-version":[{"id":1653,"href":"https:\/\/www.lifebase.org\/wp1\/wp-json\/wp\/v2\/pages\/1525\/revisions\/1653"}],"wp:featuredmedia":[{"embeddable":true,"href":"https:\/\/www.lifebase.org\/wp1\/wp-json\/wp\/v2\/media\/1546"}],"wp:attachment":[{"href":"https:\/\/www.lifebase.org\/wp1\/wp-json\/wp\/v2\/media?parent=1525"}],"curies":[{"name":"wp","href":"https:\/\/api.w.org\/{rel}","templated":true}]}}