{"id":1523,"date":"2023-08-14T18:56:08","date_gmt":"2023-08-14T16:56:08","guid":{"rendered":"http:\/\/lifebase.org.w0206e66.kasserver.com\/wp1\/?page_id=1523"},"modified":"2023-09-08T14:30:13","modified_gmt":"2023-09-08T12:30:13","slug":"sie-haben-ihr-ziel-erreicht","status":"publish","type":"page","link":"https:\/\/www.lifebase.org\/wp1\/sie-haben-ihr-ziel-erreicht\/","title":{"rendered":"Sie haben Ihr Ziel erreicht!?"},"content":{"rendered":"\n<p><strong><mark style=\"background-color:rgba(0, 0, 0, 0);color:#9e5d7c\" class=\"has-inline-color\">Jeder hat irgendein Ziel im Leben. Karriere, Urlaub, Familie, Reichtum, seine Ruhe haben \u2026 Aber macht es mich zufrieden? Habe ich das Gef\u00fchl, wirklich anzukommen, Ruhe zu finden und genie\u00dfen zu k\u00f6nnen? Oder ist jedes Ziel nur der Aussichtspunkt zum n\u00e4chsten Horizont? Was w\u00e4re denn dann das Ziel meines Lebens? Oder ist der Weg das Ziel \u2013 das stelle ich in Frage.&nbsp;<\/mark><\/strong><\/p>\n\n\n\n<p>Die Suche nach Sinn und Ziel des Lebens besch\u00e4ftigt die Menschen seit Tausenden von Jahren. Das liegt daran, dass wir normalerweise am falschen Ende anfangen \u2013 n\u00e4mlich bei uns selbst.&nbsp;<\/p>\n\n\n\n<p>Wir stellen Fragen, die sich um uns drehen. Was will ich werden? Was soll ich aus meinem Leben machen? Wie sehen meine Ziele, meine Tr\u00e4ume, meine Vorstellungen von der Zukunft aus? Die Bibel ist der Meinung, dass solange wir nur um uns selbst kreisen, wir das Ziel unseres Lebens nie wirklich finden werden. Im Gegenteil, in der Bibel steht: \u00bbAlle Lebewesen h\u00e4lt er in der Hand, den Menschen gibt er seinen Atem.\u00ab <em><mark style=\"background-color:rgba(0, 0, 0, 0)\" class=\"has-inline-color has-cyan-bluish-gray-color\">(Hiob 12, 10; Hfa)<\/mark><\/em><\/p>\n\n\n\n<p>Im Gegensatz zu dem, was viele popul\u00e4re Filme, B\u00fccher und Seminare vertreten, wirst du Sinn und Ziel deines Lebens nicht finden, indem du auf dich selbst schaust.\u00a0<\/p>\n\n\n\n<p>Vermutlich hast du das auch schon versucht. Aber da du dich nicht selbst erschaffen hast, kannst du dir auch nicht sagen, wozu du erschaffen wurdest! Wenn ich dir eine Erfindung in die Hand geben w\u00fcrde, die du vorher noch nie gesehen h\u00e4ttest, w\u00fcrdest du Sinn und Zweck dieser Erfindung nicht verstehen. Und auch die Erfindung selbst k\u00f6nnte dir dies nicht mitteilen. Nur der Erfinder oder eine Betriebsanleitung k\u00f6nnen dir den Sinn und Zweck erkl\u00e4ren.\u00a0<\/p>\n\n\n\n<p>Wie aber findet man den Sinn und das Ziel? Wir haben nur zwei M\u00f6glichkeiten:<\/p>\n\n\n\n<p>Die eine M\u00f6glichkeit ist Spekulation. Diesen Weg w\u00e4hlen die meisten Menschen. Sie vermuten, sie raten, sie stellen Theorien auf, und wenn sie dann am Ende sagen: \u00bbIch denke, der Sinn des Lebens ist &#8230;\u00ab, dann ist es wahrscheinlicher, dass dies einfach die beste L\u00f6sung ist, die sie gefunden haben.<\/p>\n\n\n\n<p>Und tats\u00e4chlich ist es ja auch nicht so einfach. Seit Tausenden von Jahren denken brillante Philosophen \u00fcber die Frage nach dem Sinn und dem Ziel des Lebens nach. Die Philosophie ist ein wichtiges Fach und hat ihre Berechtigung, aber bei der Frage nach dem Sinn des Lebens stellen auch die weisesten Philosophen nur Vermutungen an. Dr. Hugh Moorhead, ein Philosophie-Professor an der Northeastern Illinois University, schrieb einmal die 250 bekanntesten und ber\u00fchmtesten Wissenschaftler, Philosophen und Denker der Welt an und fragte sie nach ihrer Antwort auf die Frage nach dem Sinn des Lebens, die er dann in einem Buch ver\u00f6ffentlichte. Einige schrieben ihm ihre Vermutungen in Bezug auf den Sinn des Lebens, andere gestanden, sich selbst einfach irgendeinen Sinn f\u00fcr ihr Leben gesucht zu haben, und wieder andere gaben zu, auf diese Frage keine Antwort zu haben. Einige dieser ber\u00fchmten Intellektuellen baten Professor Moorhead sogar, ihnen den Sinn des Lebens mitzuteilen, falls er ihn gefunden habe.<\/p>\n\n\n\n<p>Gl\u00fccklicherweise gibt es eine Alternative zu der M\u00f6glichkeit, \u00fcber den Sinn des Lebens reine Spekulationen anzustellen. Die Alternative hei\u00dft <em><strong><mark style=\"background-color:rgba(0, 0, 0, 0);color:#9e5d7c\" class=\"has-inline-color\">die Bibel<\/mark><\/strong><\/em>. Wir k\u00f6nnen uns anschauen, was Gott in seinem Wort zu dieser Frage zu sagen hat. Der einfachste Weg, den Sinn einer Erfindung herauszufinden, besteht darin, den Erfinder selbst zu fragen. Das gilt auch in Bezug auf den Sinn unseres Lebens.&nbsp;<\/p>\n\n\n\n<p><strong><mark style=\"background-color:rgba(0, 0, 0, 0);color:#9e5d7c\" class=\"has-inline-color\"><em>Sei mutig und frage Gott!<\/em><\/mark><\/strong><\/p>\n\n\n\n<p><mark style=\"background-color:rgba(0, 0, 0, 0)\" class=\"has-inline-color has-cyan-bluish-gray-color\"><em>(In Teilen aus: \u00bbLeben mit Vision \u2013 Wozu um alles in der Welt lebe ich?\u00ab von Rick Warren, S. 17-20)<\/em><\/mark><\/p>\n\n\n\n<p><strong>Willst du dich weiter mit diesem Thema besch\u00e4ftigen?<br>Dann hast du hier ein paar weiterf\u00fchrende Anregungen:<\/strong><\/p>\n\n\n\n<p>Buch: \u00bbJesus, unser Schicksal \u00ab von Wilhelm Busch&nbsp; (kostenloser Download: <a href=\"https:\/\/clv.de\/Jesus-unser-Schicksal-SpecialEdition\/255573\" target=\"_blank\" rel=\"noreferrer noopener nofollow\">hier<\/a>) <\/p>\n\n\n\n<p>Buch: \u00bbLeben mit Vision \u2013 Wozu um alles in der Welt lebe ich?\u00ab von Rick Warren<\/p>\n\n\n\n<p>Die Bibel (z. B. das Evangelium nach Lukas) &gt;<a href=\"https:\/\/www.bibleserver.com\/\" target=\"_blank\" rel=\"noreferrer noopener\"> https:\/\/www.bibleserver.com\/&nbsp;<\/a><\/p>\n\n\n\n<p><strong>Hast du noch weitere Fragen zum Leben und Glauben? Dann kannst du dich gerne an unseren Pastor Peter Isaak (<a href=\"mailto:peter.isaak@lifebase.org\" target=\"_blank\" rel=\"noreferrer noopener\">peter.isaak@lifebase.org<\/a>) wenden.<\/strong><\/p>\n","protected":false},"excerpt":{"rendered":"<p>Jeder hat irgendein Ziel im Leben. Karriere, Urlaub, Familie, Reichtum, seine Ruhe haben \u2026 Aber macht es mich zufrieden? Habe ich das Gef\u00fchl, wirklich anzukommen, Ruhe zu finden und genie\u00dfen zu k\u00f6nnen? Oder ist jedes Ziel nur der Aussichtspunkt zum n\u00e4chsten Horizont? Was w\u00e4re denn dann das Ziel meines Lebens? Oder ist der Weg das &hellip; <\/p>\n<p class=\"link-more\"><a href=\"https:\/\/www.lifebase.org\/wp1\/sie-haben-ihr-ziel-erreicht\/\" class=\"more-link\"><span class=\"screen-reader-text\">\u201eSie haben Ihr Ziel erreicht!?\u201c<\/span> weiterlesen<\/a><\/p>\n","protected":false},"author":5,"featured_media":1547,"parent":0,"menu_order":0,"comment_status":"closed","ping_status":"closed","template":"","meta":{"footnotes":""},"class_list":["post-1523","page","type-page","status-publish","has-post-thumbnail","hentry"],"yoast_head":"<!-- This site is optimized with the Yoast SEO plugin v27.4 - https:\/\/yoast.com\/product\/yoast-seo-wordpress\/ -->\n<title>Sie haben Ihr Ziel erreicht!? -<\/title>\n<meta name=\"robots\" content=\"index, follow, max-snippet:-1, max-image-preview:large, max-video-preview:-1\" \/>\n<link rel=\"canonical\" href=\"https:\/\/www.lifebase.org\/wp1\/sie-haben-ihr-ziel-erreicht\/\" \/>\n<meta property=\"og:locale\" content=\"de_DE\" \/>\n<meta property=\"og:type\" content=\"article\" \/>\n<meta property=\"og:title\" content=\"Sie haben Ihr Ziel erreicht!? -\" \/>\n<meta property=\"og:description\" content=\"Jeder hat irgendein Ziel im Leben. Karriere, Urlaub, Familie, Reichtum, seine Ruhe haben \u2026 Aber macht es mich zufrieden? Habe ich das Gef\u00fchl, wirklich anzukommen, Ruhe zu finden und genie\u00dfen zu k\u00f6nnen? Oder ist jedes Ziel nur der Aussichtspunkt zum n\u00e4chsten Horizont? Was w\u00e4re denn dann das Ziel meines Lebens? Oder ist der Weg das &hellip; \u201eSie haben Ihr Ziel erreicht!?\u201c weiterlesen\" \/>\n<meta property=\"og:url\" content=\"https:\/\/www.lifebase.org\/wp1\/sie-haben-ihr-ziel-erreicht\/\" \/>\n<meta property=\"article:modified_time\" content=\"2023-09-08T12:30:13+00:00\" \/>\n<meta property=\"og:image\" content=\"https:\/\/www.lifebase.org\/wp1\/wp-content\/uploads\/2023\/08\/Plakatback_05_900.jpg\" \/>\n\t<meta property=\"og:image:width\" content=\"900\" \/>\n\t<meta property=\"og:image:height\" content=\"643\" \/>\n\t<meta property=\"og:image:type\" content=\"image\/jpeg\" \/>\n<meta name=\"twitter:card\" content=\"summary_large_image\" \/>\n<meta name=\"twitter:label1\" content=\"Gesch\u00e4tzte Lesezeit\" \/>\n\t<meta name=\"twitter:data1\" content=\"4\u00a0Minuten\" \/>\n<script type=\"application\/ld+json\" class=\"yoast-schema-graph\">{\"@context\":\"https:\\\/\\\/schema.org\",\"@graph\":[{\"@type\":\"WebPage\",\"@id\":\"https:\\\/\\\/www.lifebase.org\\\/wp1\\\/sie-haben-ihr-ziel-erreicht\\\/\",\"url\":\"https:\\\/\\\/www.lifebase.org\\\/wp1\\\/sie-haben-ihr-ziel-erreicht\\\/\",\"name\":\"Sie haben Ihr Ziel erreicht!? -\",\"isPartOf\":{\"@id\":\"https:\\\/\\\/www.lifebase.org\\\/wp1\\\/#website\"},\"primaryImageOfPage\":{\"@id\":\"https:\\\/\\\/www.lifebase.org\\\/wp1\\\/sie-haben-ihr-ziel-erreicht\\\/#primaryimage\"},\"image\":{\"@id\":\"https:\\\/\\\/www.lifebase.org\\\/wp1\\\/sie-haben-ihr-ziel-erreicht\\\/#primaryimage\"},\"thumbnailUrl\":\"https:\\\/\\\/www.lifebase.org\\\/wp1\\\/wp-content\\\/uploads\\\/2023\\\/08\\\/Plakatback_05_900.jpg\",\"datePublished\":\"2023-08-14T16:56:08+00:00\",\"dateModified\":\"2023-09-08T12:30:13+00:00\",\"breadcrumb\":{\"@id\":\"https:\\\/\\\/www.lifebase.org\\\/wp1\\\/sie-haben-ihr-ziel-erreicht\\\/#breadcrumb\"},\"inLanguage\":\"de\",\"potentialAction\":[{\"@type\":\"ReadAction\",\"target\":[\"https:\\\/\\\/www.lifebase.org\\\/wp1\\\/sie-haben-ihr-ziel-erreicht\\\/\"]}]},{\"@type\":\"ImageObject\",\"inLanguage\":\"de\",\"@id\":\"https:\\\/\\\/www.lifebase.org\\\/wp1\\\/sie-haben-ihr-ziel-erreicht\\\/#primaryimage\",\"url\":\"https:\\\/\\\/www.lifebase.org\\\/wp1\\\/wp-content\\\/uploads\\\/2023\\\/08\\\/Plakatback_05_900.jpg\",\"contentUrl\":\"https:\\\/\\\/www.lifebase.org\\\/wp1\\\/wp-content\\\/uploads\\\/2023\\\/08\\\/Plakatback_05_900.jpg\",\"width\":900,\"height\":643},{\"@type\":\"BreadcrumbList\",\"@id\":\"https:\\\/\\\/www.lifebase.org\\\/wp1\\\/sie-haben-ihr-ziel-erreicht\\\/#breadcrumb\",\"itemListElement\":[{\"@type\":\"ListItem\",\"position\":1,\"name\":\"Startseite\",\"item\":\"https:\\\/\\\/www.lifebase.org\\\/wp1\\\/\"},{\"@type\":\"ListItem\",\"position\":2,\"name\":\"Sie haben Ihr Ziel erreicht!?\"}]},{\"@type\":\"WebSite\",\"@id\":\"https:\\\/\\\/www.lifebase.org\\\/wp1\\\/#website\",\"url\":\"https:\\\/\\\/www.lifebase.org\\\/wp1\\\/\",\"name\":\"\",\"description\":\"Freie evangelische Gemeinde in Gerlingen\",\"potentialAction\":[{\"@type\":\"SearchAction\",\"target\":{\"@type\":\"EntryPoint\",\"urlTemplate\":\"https:\\\/\\\/www.lifebase.org\\\/wp1\\\/?s={search_term_string}\"},\"query-input\":{\"@type\":\"PropertyValueSpecification\",\"valueRequired\":true,\"valueName\":\"search_term_string\"}}],\"inLanguage\":\"de\"}]}<\/script>\n<!-- \/ Yoast SEO plugin. -->","yoast_head_json":{"title":"Sie haben Ihr Ziel erreicht!? -","robots":{"index":"index","follow":"follow","max-snippet":"max-snippet:-1","max-image-preview":"max-image-preview:large","max-video-preview":"max-video-preview:-1"},"canonical":"https:\/\/www.lifebase.org\/wp1\/sie-haben-ihr-ziel-erreicht\/","og_locale":"de_DE","og_type":"article","og_title":"Sie haben Ihr Ziel erreicht!? -","og_description":"Jeder hat irgendein Ziel im Leben. Karriere, Urlaub, Familie, Reichtum, seine Ruhe haben \u2026 Aber macht es mich zufrieden? Habe ich das Gef\u00fchl, wirklich anzukommen, Ruhe zu finden und genie\u00dfen zu k\u00f6nnen? Oder ist jedes Ziel nur der Aussichtspunkt zum n\u00e4chsten Horizont? Was w\u00e4re denn dann das Ziel meines Lebens? Oder ist der Weg das &hellip; \u201eSie haben Ihr Ziel erreicht!?\u201c weiterlesen","og_url":"https:\/\/www.lifebase.org\/wp1\/sie-haben-ihr-ziel-erreicht\/","article_modified_time":"2023-09-08T12:30:13+00:00","og_image":[{"width":900,"height":643,"url":"https:\/\/www.lifebase.org\/wp1\/wp-content\/uploads\/2023\/08\/Plakatback_05_900.jpg","type":"image\/jpeg"}],"twitter_card":"summary_large_image","twitter_misc":{"Gesch\u00e4tzte Lesezeit":"4\u00a0Minuten"},"schema":{"@context":"https:\/\/schema.org","@graph":[{"@type":"WebPage","@id":"https:\/\/www.lifebase.org\/wp1\/sie-haben-ihr-ziel-erreicht\/","url":"https:\/\/www.lifebase.org\/wp1\/sie-haben-ihr-ziel-erreicht\/","name":"Sie haben Ihr Ziel erreicht!? -","isPartOf":{"@id":"https:\/\/www.lifebase.org\/wp1\/#website"},"primaryImageOfPage":{"@id":"https:\/\/www.lifebase.org\/wp1\/sie-haben-ihr-ziel-erreicht\/#primaryimage"},"image":{"@id":"https:\/\/www.lifebase.org\/wp1\/sie-haben-ihr-ziel-erreicht\/#primaryimage"},"thumbnailUrl":"https:\/\/www.lifebase.org\/wp1\/wp-content\/uploads\/2023\/08\/Plakatback_05_900.jpg","datePublished":"2023-08-14T16:56:08+00:00","dateModified":"2023-09-08T12:30:13+00:00","breadcrumb":{"@id":"https:\/\/www.lifebase.org\/wp1\/sie-haben-ihr-ziel-erreicht\/#breadcrumb"},"inLanguage":"de","potentialAction":[{"@type":"ReadAction","target":["https:\/\/www.lifebase.org\/wp1\/sie-haben-ihr-ziel-erreicht\/"]}]},{"@type":"ImageObject","inLanguage":"de","@id":"https:\/\/www.lifebase.org\/wp1\/sie-haben-ihr-ziel-erreicht\/#primaryimage","url":"https:\/\/www.lifebase.org\/wp1\/wp-content\/uploads\/2023\/08\/Plakatback_05_900.jpg","contentUrl":"https:\/\/www.lifebase.org\/wp1\/wp-content\/uploads\/2023\/08\/Plakatback_05_900.jpg","width":900,"height":643},{"@type":"BreadcrumbList","@id":"https:\/\/www.lifebase.org\/wp1\/sie-haben-ihr-ziel-erreicht\/#breadcrumb","itemListElement":[{"@type":"ListItem","position":1,"name":"Startseite","item":"https:\/\/www.lifebase.org\/wp1\/"},{"@type":"ListItem","position":2,"name":"Sie haben Ihr Ziel erreicht!?"}]},{"@type":"WebSite","@id":"https:\/\/www.lifebase.org\/wp1\/#website","url":"https:\/\/www.lifebase.org\/wp1\/","name":"","description":"Freie evangelische Gemeinde in Gerlingen","potentialAction":[{"@type":"SearchAction","target":{"@type":"EntryPoint","urlTemplate":"https:\/\/www.lifebase.org\/wp1\/?s={search_term_string}"},"query-input":{"@type":"PropertyValueSpecification","valueRequired":true,"valueName":"search_term_string"}}],"inLanguage":"de"}]}},"_links":{"self":[{"href":"https:\/\/www.lifebase.org\/wp1\/wp-json\/wp\/v2\/pages\/1523","targetHints":{"allow":["GET"]}}],"collection":[{"href":"https:\/\/www.lifebase.org\/wp1\/wp-json\/wp\/v2\/pages"}],"about":[{"href":"https:\/\/www.lifebase.org\/wp1\/wp-json\/wp\/v2\/types\/page"}],"author":[{"embeddable":true,"href":"https:\/\/www.lifebase.org\/wp1\/wp-json\/wp\/v2\/users\/5"}],"replies":[{"embeddable":true,"href":"https:\/\/www.lifebase.org\/wp1\/wp-json\/wp\/v2\/comments?post=1523"}],"version-history":[{"count":8,"href":"https:\/\/www.lifebase.org\/wp1\/wp-json\/wp\/v2\/pages\/1523\/revisions"}],"predecessor-version":[{"id":1655,"href":"https:\/\/www.lifebase.org\/wp1\/wp-json\/wp\/v2\/pages\/1523\/revisions\/1655"}],"wp:featuredmedia":[{"embeddable":true,"href":"https:\/\/www.lifebase.org\/wp1\/wp-json\/wp\/v2\/media\/1547"}],"wp:attachment":[{"href":"https:\/\/www.lifebase.org\/wp1\/wp-json\/wp\/v2\/media?parent=1523"}],"curies":[{"name":"wp","href":"https:\/\/api.w.org\/{rel}","templated":true}]}}