{"id":1518,"date":"2023-08-14T18:58:32","date_gmt":"2023-08-14T16:58:32","guid":{"rendered":"http:\/\/lifebase.org.w0206e66.kasserver.com\/wp1\/?page_id=1518"},"modified":"2023-09-08T09:37:34","modified_gmt":"2023-09-08T07:37:34","slug":"was-ware-wenn-es-gott-wirklich-gibt","status":"publish","type":"page","link":"https:\/\/www.lifebase.org\/wp1\/was-ware-wenn-es-gott-wirklich-gibt\/","title":{"rendered":"Was w\u00e4re, wenn es Gott wirklich gibt?"},"content":{"rendered":"\n<p><strong><mark style=\"background-color:rgba(0, 0, 0, 0);color:#5c3b76\" class=\"has-inline-color\">Manchmal macht man richtig spannende Erfahrungen, wenn man sich auf einen neuen Gedanken einl\u00e4sst. Was k\u00f6nnte passieren, wenn du dich auf den Gedanken einl\u00e4sst, dass Gott existiert? Probier\u00b4s doch einfach mal aus! <\/mark><\/strong><\/p>\n\n\n\n<p>\u00bbWenn das Christentum falsch ist, ist es <strong>bedeutungslos<\/strong>; wenn es stimmt, ist es von <strong>unendlicher Bedeutung<\/strong>. Was es nicht sein kann: ein bisschen wichtig.\u00ab <em><mark style=\"background-color:rgba(0, 0, 0, 0)\" class=\"has-inline-color has-cyan-bluish-gray-color\">(C. S. Lewis)<\/mark><\/em><\/p>\n\n\n\n<p>Wenn es n\u00e4mlich <em>keinen<\/em> Gott gibt, dann gibt es auch keinen Grund sich \u00fcberhaupt f\u00fcr Gott zu interessieren. Wenn Gott aber existiert, dann ist es von h\u00f6chstem Interesse, und unser gr\u00f6\u00dftes Anliegen sollte es dann sein, herauszufinden, wie wir mit diesem Wesen, von dem wir in jedem einzelnen Moment unserer Existenz abh\u00e4ngig sind, recht in Beziehung stehen k\u00f6nnen.<\/p>\n\n\n\n<p>Wenn du bei diesem Gedanken blo\u00df mit den Achseln zuckst und dir denkst: \u00bbWas macht es schon f\u00fcr einen Unterschied, ob Gott existiert oder nicht?\u00ab, hast du dich vielleicht noch nicht sehr tiefgehend mit diesem Problem auseinandergesetzt. Sogar atheistische Philosophen wie Sartre und Camus, die sehr ernsthaft \u00fcber dieses Problem nachgedacht haben, geben zu, dass die Existenz Gottes f\u00fcr den Menschen einen gewaltigen Unterschied macht. Hier zwei Gr\u00fcnde, warum es einen gro\u00dfen Unterschied macht, ob Gott existiert oder nicht.<\/p>\n\n\n\n<ol class=\"wp-block-list\">\n<li><strong>Wenn Gott nicht existiert, ist das Leben letztendlich sinnlos und ohne Hoffnung.<\/strong><\/li>\n<\/ol>\n\n\n\n<p>Wenn dein Leben dazu verdammt ist, im Tod zu enden, dann spielt es letztendlich keine Rolle, wie du lebst. Am Ende macht es keinen Unterschied, ob du existiert hast oder nicht. Nat\u00fcrlich kann dein Leben eine <em>relative<\/em> Bedeutung haben, etwa dadurch, dass du andere Menschen gepr\u00e4gt oder den Lauf der Geschichte beeinflusst hast. Aber am Ende ist es das Schicksal der Menschheit, im Hitzetod des Universums unterzugehen. Letzten Endes macht es keinen Unterschied, wer du bist oder was du tust. Dein Leben ist belanglos.<\/p>\n\n\n\n<p>Wenn es keinen Gott gibt, gibt es letzten Endes keine Hoffnung, von den Unzul\u00e4nglichkeiten unseres begrenzten Daseins erl\u00f6st zu werden. Obwohl viele Menschen danach fragen, wie Gott eine Welt erschaffen konnte, in der es so viel B\u00f6ses gibt, wird doch das allermeiste Leid in der Welt durch die Unmenschlichkeit der Menschen untereinander verursacht. Wenn Gott nicht existiert, dann sind wir gefangen und ohne Hoffnung in einer Welt voll unn\u00f6tigen und unl\u00f6sbaren Leids, und es gibt keine Hoffnung.<\/p>\n\n\n\n<p>Es ist und bleibt eine n\u00fcchterne Tatsache, dass du, sofern du nicht in jungen Jahren stirbst, eines Tages ein alter Mann oder eine alte Frau sein wirst. Du wirst dich vergeblich gegen das Altern wehren, auf verlorenem Posten gegen das unerbittliche Fortschreiten von Verfall, Krankheit, vielleicht sogar Senilit\u00e4t ank\u00e4mpfen. Und schlussendlich und unausweichlich wirst du sterben. Es gibt kein Leben, das \u00fcber das Grab hinausgeht. Der Atheismus ist folglich eine Philosophie ohne Hoffnung.<\/p>\n\n\n\n<ol class=\"wp-block-list\" start=\"2\">\n<li><strong>Wenn Gott jedoch existiert, dann gibt es nicht nur Sinn und Hoffnung, sondern auch die M\u00f6glichkeit, diesen Gott und seine Liebe pers\u00f6nlich kennen zu lernen.<\/strong><\/li>\n<\/ol>\n\n\n\n<p>Stell dir das vor! Dass der unendliche Gott dich liebt und dein Freund sein will! Das w\u00e4re doch der h\u00f6chste Status, den ein Mensch je erreichen k\u00f6nnte! Ohne Zweifel, wenn Gott existiert, dann macht das nicht nur f\u00fcr die Menschheit im Allgemeinen einen gewaltigen Unterschied, es k\u00f6nnte auch f\u00fcr dich im Besonderen einen lebensver\u00e4ndernden Unterschied machen.<\/p>\n\n\n\n<p>Zugegeben, nichts davon zeigt eindeutig, dass Gott existiert. Aber es zeigt doch, dass es einen gewaltigen <em>Unterschied<\/em> macht, ob Gott existiert.&nbsp;Au\u00dferdem erkl\u00e4rt die Hypothese, dass Gott existiert, ein gro\u00dfes Spektrum an Erfahrungstatsachen. Hast du dich z. B. jemals gefragt, woher das Universum kam? Warum alles existiert und nicht vielmehr nichts?<\/p>\n\n\n\n<p><em><mark style=\"background-color:rgba(0, 0, 0, 0)\" class=\"has-inline-color has-cyan-bluish-gray-color\">(In Teilen aus: Existiert Gott? Drei Gr\u00fcnde, warum diese Frage einen Unterschied macht, und f\u00fcnf Gr\u00fcnde f\u00fcr Gottes Existenz, von William Lane Craig; \u00dcbersetzung: J. Booker)<\/mark><\/em><\/p>\n\n\n\n<p><mark style=\"background-color:rgba(0, 0, 0, 0)\" class=\"has-inline-color has-cyan-bluish-gray-color\"><a href=\"http:\/\/www.reasonablefaith.org\/does-god-exist-1\" target=\"_blank\" rel=\"noreferrer noopener nofollow\">Link<\/a> zum englischen Originalartikel<\/mark><\/p>\n\n\n\n<p><strong>Willst du dich weiter mit diesem Thema besch\u00e4ftigen?<br>Dann hast du hier ein paar weiterf\u00fchrende Anregungen:<\/strong><\/p>\n\n\n\n<p>Text: \u00bbExistiert Gott? Drei Gr\u00fcnde, warum diese Frage einen Unterschied macht, und f\u00fcnf Gr\u00fcnde f\u00fcr Gottes Existenz\u00ab (<a href=\"https:\/\/de.reasonablefaith.org\/schriften\/popularwissenschaftlicheschriften\/existiert-gott-drei-gruende-warum-diese-frage-einen-unterschied-macht-und-f\" target=\"_blank\" rel=\"noreferrer noopener nofollow\">hier<\/a>)<\/p>\n\n\n\n<p>Zeitschriftenartikel: \u00bbJohn Lennox und die guten Gr\u00fcnde f\u00fcr den Glauben\u00ab (<a href=\"https:\/\/www.pro-medienmagazin.de\/john-lennox-und-die-guten-gruende-fuer-den-glauben\/\" target=\"_blank\" rel=\"noreferrer noopener nofollow\">hier<\/a>)<\/p>\n\n\n\n<p>Buch: \u00bbKosmos ohne Gott? Warum Glaube und Wissenschaft zusammengeh\u00f6ren\u00ab von John Lennox (Prof. Uni Oxford)<\/p>\n\n\n\n<p><strong>Hast du noch weitere Fragen zum Leben und Glauben? Dann kannst du dich gerne an unseren Pastor Peter Isaak (<a href=\"mailto:peter.isaak@lifebase.org\" target=\"_blank\" rel=\"noreferrer noopener\">peter.isaak@lifebase.org<\/a>) wenden.<\/strong><\/p>\n","protected":false},"excerpt":{"rendered":"<p>Manchmal macht man richtig spannende Erfahrungen, wenn man sich auf einen neuen Gedanken einl\u00e4sst. Was k\u00f6nnte passieren, wenn du dich auf den Gedanken einl\u00e4sst, dass Gott existiert? Probier\u00b4s doch einfach mal aus! \u00bbWenn das Christentum falsch ist, ist es bedeutungslos; wenn es stimmt, ist es von unendlicher Bedeutung. Was es nicht sein kann: ein bisschen &hellip; <\/p>\n<p class=\"link-more\"><a href=\"https:\/\/www.lifebase.org\/wp1\/was-ware-wenn-es-gott-wirklich-gibt\/\" class=\"more-link\"><span class=\"screen-reader-text\">\u201eWas w\u00e4re, wenn es Gott wirklich gibt?\u201c<\/span> weiterlesen<\/a><\/p>\n","protected":false},"author":5,"featured_media":1544,"parent":0,"menu_order":0,"comment_status":"closed","ping_status":"closed","template":"","meta":{"footnotes":""},"class_list":["post-1518","page","type-page","status-publish","has-post-thumbnail","hentry"],"yoast_head":"<!-- This site is optimized with the Yoast SEO plugin v27.4 - https:\/\/yoast.com\/product\/yoast-seo-wordpress\/ -->\n<title>Was w\u00e4re, wenn es Gott wirklich gibt? -<\/title>\n<meta name=\"robots\" content=\"index, follow, max-snippet:-1, max-image-preview:large, max-video-preview:-1\" \/>\n<link rel=\"canonical\" href=\"https:\/\/www.lifebase.org\/wp1\/was-ware-wenn-es-gott-wirklich-gibt\/\" \/>\n<meta property=\"og:locale\" content=\"de_DE\" \/>\n<meta property=\"og:type\" content=\"article\" \/>\n<meta property=\"og:title\" content=\"Was w\u00e4re, wenn es Gott wirklich gibt? -\" \/>\n<meta property=\"og:description\" content=\"Manchmal macht man richtig spannende Erfahrungen, wenn man sich auf einen neuen Gedanken einl\u00e4sst. Was k\u00f6nnte passieren, wenn du dich auf den Gedanken einl\u00e4sst, dass Gott existiert? Probier\u00b4s doch einfach mal aus! \u00bbWenn das Christentum falsch ist, ist es bedeutungslos; wenn es stimmt, ist es von unendlicher Bedeutung. Was es nicht sein kann: ein bisschen &hellip; \u201eWas w\u00e4re, wenn es Gott wirklich gibt?\u201c weiterlesen\" \/>\n<meta property=\"og:url\" content=\"https:\/\/www.lifebase.org\/wp1\/was-ware-wenn-es-gott-wirklich-gibt\/\" \/>\n<meta property=\"article:modified_time\" content=\"2023-09-08T07:37:34+00:00\" \/>\n<meta property=\"og:image\" content=\"https:\/\/www.lifebase.org\/wp1\/wp-content\/uploads\/2023\/08\/Plakatback_02_900.jpg\" \/>\n\t<meta property=\"og:image:width\" content=\"900\" \/>\n\t<meta property=\"og:image:height\" content=\"643\" \/>\n\t<meta property=\"og:image:type\" content=\"image\/jpeg\" \/>\n<meta name=\"twitter:card\" content=\"summary_large_image\" \/>\n<meta name=\"twitter:label1\" content=\"Gesch\u00e4tzte Lesezeit\" \/>\n\t<meta name=\"twitter:data1\" content=\"4\u00a0Minuten\" \/>\n<script type=\"application\/ld+json\" class=\"yoast-schema-graph\">{\"@context\":\"https:\\\/\\\/schema.org\",\"@graph\":[{\"@type\":\"WebPage\",\"@id\":\"https:\\\/\\\/www.lifebase.org\\\/wp1\\\/was-ware-wenn-es-gott-wirklich-gibt\\\/\",\"url\":\"https:\\\/\\\/www.lifebase.org\\\/wp1\\\/was-ware-wenn-es-gott-wirklich-gibt\\\/\",\"name\":\"Was w\u00e4re, wenn es Gott wirklich gibt? -\",\"isPartOf\":{\"@id\":\"https:\\\/\\\/www.lifebase.org\\\/wp1\\\/#website\"},\"primaryImageOfPage\":{\"@id\":\"https:\\\/\\\/www.lifebase.org\\\/wp1\\\/was-ware-wenn-es-gott-wirklich-gibt\\\/#primaryimage\"},\"image\":{\"@id\":\"https:\\\/\\\/www.lifebase.org\\\/wp1\\\/was-ware-wenn-es-gott-wirklich-gibt\\\/#primaryimage\"},\"thumbnailUrl\":\"https:\\\/\\\/www.lifebase.org\\\/wp1\\\/wp-content\\\/uploads\\\/2023\\\/08\\\/Plakatback_02_900.jpg\",\"datePublished\":\"2023-08-14T16:58:32+00:00\",\"dateModified\":\"2023-09-08T07:37:34+00:00\",\"breadcrumb\":{\"@id\":\"https:\\\/\\\/www.lifebase.org\\\/wp1\\\/was-ware-wenn-es-gott-wirklich-gibt\\\/#breadcrumb\"},\"inLanguage\":\"de\",\"potentialAction\":[{\"@type\":\"ReadAction\",\"target\":[\"https:\\\/\\\/www.lifebase.org\\\/wp1\\\/was-ware-wenn-es-gott-wirklich-gibt\\\/\"]}]},{\"@type\":\"ImageObject\",\"inLanguage\":\"de\",\"@id\":\"https:\\\/\\\/www.lifebase.org\\\/wp1\\\/was-ware-wenn-es-gott-wirklich-gibt\\\/#primaryimage\",\"url\":\"https:\\\/\\\/www.lifebase.org\\\/wp1\\\/wp-content\\\/uploads\\\/2023\\\/08\\\/Plakatback_02_900.jpg\",\"contentUrl\":\"https:\\\/\\\/www.lifebase.org\\\/wp1\\\/wp-content\\\/uploads\\\/2023\\\/08\\\/Plakatback_02_900.jpg\",\"width\":900,\"height\":643},{\"@type\":\"BreadcrumbList\",\"@id\":\"https:\\\/\\\/www.lifebase.org\\\/wp1\\\/was-ware-wenn-es-gott-wirklich-gibt\\\/#breadcrumb\",\"itemListElement\":[{\"@type\":\"ListItem\",\"position\":1,\"name\":\"Startseite\",\"item\":\"https:\\\/\\\/www.lifebase.org\\\/wp1\\\/\"},{\"@type\":\"ListItem\",\"position\":2,\"name\":\"Was w\u00e4re, wenn es Gott wirklich gibt?\"}]},{\"@type\":\"WebSite\",\"@id\":\"https:\\\/\\\/www.lifebase.org\\\/wp1\\\/#website\",\"url\":\"https:\\\/\\\/www.lifebase.org\\\/wp1\\\/\",\"name\":\"\",\"description\":\"Freie evangelische Gemeinde in Gerlingen\",\"potentialAction\":[{\"@type\":\"SearchAction\",\"target\":{\"@type\":\"EntryPoint\",\"urlTemplate\":\"https:\\\/\\\/www.lifebase.org\\\/wp1\\\/?s={search_term_string}\"},\"query-input\":{\"@type\":\"PropertyValueSpecification\",\"valueRequired\":true,\"valueName\":\"search_term_string\"}}],\"inLanguage\":\"de\"}]}<\/script>\n<!-- \/ Yoast SEO plugin. -->","yoast_head_json":{"title":"Was w\u00e4re, wenn es Gott wirklich gibt? -","robots":{"index":"index","follow":"follow","max-snippet":"max-snippet:-1","max-image-preview":"max-image-preview:large","max-video-preview":"max-video-preview:-1"},"canonical":"https:\/\/www.lifebase.org\/wp1\/was-ware-wenn-es-gott-wirklich-gibt\/","og_locale":"de_DE","og_type":"article","og_title":"Was w\u00e4re, wenn es Gott wirklich gibt? -","og_description":"Manchmal macht man richtig spannende Erfahrungen, wenn man sich auf einen neuen Gedanken einl\u00e4sst. Was k\u00f6nnte passieren, wenn du dich auf den Gedanken einl\u00e4sst, dass Gott existiert? Probier\u00b4s doch einfach mal aus! \u00bbWenn das Christentum falsch ist, ist es bedeutungslos; wenn es stimmt, ist es von unendlicher Bedeutung. Was es nicht sein kann: ein bisschen &hellip; \u201eWas w\u00e4re, wenn es Gott wirklich gibt?\u201c weiterlesen","og_url":"https:\/\/www.lifebase.org\/wp1\/was-ware-wenn-es-gott-wirklich-gibt\/","article_modified_time":"2023-09-08T07:37:34+00:00","og_image":[{"width":900,"height":643,"url":"https:\/\/www.lifebase.org\/wp1\/wp-content\/uploads\/2023\/08\/Plakatback_02_900.jpg","type":"image\/jpeg"}],"twitter_card":"summary_large_image","twitter_misc":{"Gesch\u00e4tzte Lesezeit":"4\u00a0Minuten"},"schema":{"@context":"https:\/\/schema.org","@graph":[{"@type":"WebPage","@id":"https:\/\/www.lifebase.org\/wp1\/was-ware-wenn-es-gott-wirklich-gibt\/","url":"https:\/\/www.lifebase.org\/wp1\/was-ware-wenn-es-gott-wirklich-gibt\/","name":"Was w\u00e4re, wenn es Gott wirklich gibt? -","isPartOf":{"@id":"https:\/\/www.lifebase.org\/wp1\/#website"},"primaryImageOfPage":{"@id":"https:\/\/www.lifebase.org\/wp1\/was-ware-wenn-es-gott-wirklich-gibt\/#primaryimage"},"image":{"@id":"https:\/\/www.lifebase.org\/wp1\/was-ware-wenn-es-gott-wirklich-gibt\/#primaryimage"},"thumbnailUrl":"https:\/\/www.lifebase.org\/wp1\/wp-content\/uploads\/2023\/08\/Plakatback_02_900.jpg","datePublished":"2023-08-14T16:58:32+00:00","dateModified":"2023-09-08T07:37:34+00:00","breadcrumb":{"@id":"https:\/\/www.lifebase.org\/wp1\/was-ware-wenn-es-gott-wirklich-gibt\/#breadcrumb"},"inLanguage":"de","potentialAction":[{"@type":"ReadAction","target":["https:\/\/www.lifebase.org\/wp1\/was-ware-wenn-es-gott-wirklich-gibt\/"]}]},{"@type":"ImageObject","inLanguage":"de","@id":"https:\/\/www.lifebase.org\/wp1\/was-ware-wenn-es-gott-wirklich-gibt\/#primaryimage","url":"https:\/\/www.lifebase.org\/wp1\/wp-content\/uploads\/2023\/08\/Plakatback_02_900.jpg","contentUrl":"https:\/\/www.lifebase.org\/wp1\/wp-content\/uploads\/2023\/08\/Plakatback_02_900.jpg","width":900,"height":643},{"@type":"BreadcrumbList","@id":"https:\/\/www.lifebase.org\/wp1\/was-ware-wenn-es-gott-wirklich-gibt\/#breadcrumb","itemListElement":[{"@type":"ListItem","position":1,"name":"Startseite","item":"https:\/\/www.lifebase.org\/wp1\/"},{"@type":"ListItem","position":2,"name":"Was w\u00e4re, wenn es Gott wirklich gibt?"}]},{"@type":"WebSite","@id":"https:\/\/www.lifebase.org\/wp1\/#website","url":"https:\/\/www.lifebase.org\/wp1\/","name":"","description":"Freie evangelische Gemeinde in Gerlingen","potentialAction":[{"@type":"SearchAction","target":{"@type":"EntryPoint","urlTemplate":"https:\/\/www.lifebase.org\/wp1\/?s={search_term_string}"},"query-input":{"@type":"PropertyValueSpecification","valueRequired":true,"valueName":"search_term_string"}}],"inLanguage":"de"}]}},"_links":{"self":[{"href":"https:\/\/www.lifebase.org\/wp1\/wp-json\/wp\/v2\/pages\/1518","targetHints":{"allow":["GET"]}}],"collection":[{"href":"https:\/\/www.lifebase.org\/wp1\/wp-json\/wp\/v2\/pages"}],"about":[{"href":"https:\/\/www.lifebase.org\/wp1\/wp-json\/wp\/v2\/types\/page"}],"author":[{"embeddable":true,"href":"https:\/\/www.lifebase.org\/wp1\/wp-json\/wp\/v2\/users\/5"}],"replies":[{"embeddable":true,"href":"https:\/\/www.lifebase.org\/wp1\/wp-json\/wp\/v2\/comments?post=1518"}],"version-history":[{"count":12,"href":"https:\/\/www.lifebase.org\/wp1\/wp-json\/wp\/v2\/pages\/1518\/revisions"}],"predecessor-version":[{"id":1634,"href":"https:\/\/www.lifebase.org\/wp1\/wp-json\/wp\/v2\/pages\/1518\/revisions\/1634"}],"wp:featuredmedia":[{"embeddable":true,"href":"https:\/\/www.lifebase.org\/wp1\/wp-json\/wp\/v2\/media\/1544"}],"wp:attachment":[{"href":"https:\/\/www.lifebase.org\/wp1\/wp-json\/wp\/v2\/media?parent=1518"}],"curies":[{"name":"wp","href":"https:\/\/api.w.org\/{rel}","templated":true}]}}