{"id":1313,"date":"2022-12-02T12:56:07","date_gmt":"2022-12-02T11:56:07","guid":{"rendered":"http:\/\/lifebase.org.w0206e66.kasserver.com\/wp1\/?page_id=1313"},"modified":"2023-07-20T17:32:05","modified_gmt":"2023-07-20T15:32:05","slug":"fuer-maenner","status":"publish","type":"page","link":"https:\/\/www.lifebase.org\/wp1\/fuer-maenner\/","title":{"rendered":"f\u00fcr M\u00e4nner"},"content":{"rendered":"\n<p>In unregelm\u00e4\u00dfigen Abst\u00e4nden treffen wir M\u00e4nner uns zu gemeinsamen Aktionen, ob zum Wandern, zum Grillen &#8230; mal nur abends oder auch ganztags. Die n\u00e4chsten M\u00e4nnerevents werden unter &#8222;Aktuelles&#8220; bekannt gegeben oder k\u00f6nnen \u00fcber&nbsp;<a href=\"mailto:info@lifebase.org\">info@lifebase.org<\/a>&nbsp;angefragt werden.<\/p>\n","protected":false},"excerpt":{"rendered":"<p>In unregelm\u00e4\u00dfigen Abst\u00e4nden treffen wir M\u00e4nner uns zu gemeinsamen Aktionen, ob zum Wandern, zum Grillen &#8230; mal nur abends oder auch ganztags. Die n\u00e4chsten M\u00e4nnerevents werden unter &#8222;Aktuelles&#8220; bekannt gegeben oder k\u00f6nnen \u00fcber&nbsp;info@lifebase.org&nbsp;angefragt werden.<\/p>\n","protected":false},"author":5,"featured_media":1315,"parent":0,"menu_order":0,"comment_status":"closed","ping_status":"closed","template":"","meta":{"footnotes":""},"class_list":["post-1313","page","type-page","status-publish","has-post-thumbnail","hentry"],"yoast_head":"<!-- This site is optimized with the Yoast SEO plugin v27.4 - https:\/\/yoast.com\/product\/yoast-seo-wordpress\/ -->\n<title>f\u00fcr M\u00e4nner -<\/title>\n<meta name=\"robots\" content=\"index, follow, max-snippet:-1, max-image-preview:large, max-video-preview:-1\" \/>\n<link rel=\"canonical\" href=\"https:\/\/www.lifebase.org\/wp1\/fuer-maenner\/\" \/>\n<meta property=\"og:locale\" content=\"de_DE\" \/>\n<meta property=\"og:type\" content=\"article\" \/>\n<meta property=\"og:title\" content=\"f\u00fcr M\u00e4nner -\" \/>\n<meta property=\"og:description\" content=\"In unregelm\u00e4\u00dfigen Abst\u00e4nden treffen wir M\u00e4nner uns zu gemeinsamen Aktionen, ob zum Wandern, zum Grillen &#8230; mal nur abends oder auch ganztags. Die n\u00e4chsten M\u00e4nnerevents werden unter &#8222;Aktuelles&#8220; bekannt gegeben oder k\u00f6nnen \u00fcber&nbsp;info@lifebase.org&nbsp;angefragt werden.\" \/>\n<meta property=\"og:url\" content=\"https:\/\/www.lifebase.org\/wp1\/fuer-maenner\/\" \/>\n<meta property=\"article:modified_time\" content=\"2023-07-20T15:32:05+00:00\" \/>\n<meta property=\"og:image\" content=\"https:\/\/www.lifebase.org\/wp1\/wp-content\/uploads\/2022\/12\/HP_men.jpg\" \/>\n\t<meta property=\"og:image:width\" content=\"900\" \/>\n\t<meta property=\"og:image:height\" content=\"564\" \/>\n\t<meta property=\"og:image:type\" content=\"image\/jpeg\" \/>\n<meta name=\"twitter:card\" content=\"summary_large_image\" \/>\n<meta name=\"twitter:label1\" content=\"Gesch\u00e4tzte Lesezeit\" \/>\n\t<meta name=\"twitter:data1\" content=\"1\u00a0Minute\" \/>\n<script type=\"application\/ld+json\" class=\"yoast-schema-graph\">{\"@context\":\"https:\\\/\\\/schema.org\",\"@graph\":[{\"@type\":\"WebPage\",\"@id\":\"https:\\\/\\\/www.lifebase.org\\\/wp1\\\/fuer-maenner\\\/\",\"url\":\"https:\\\/\\\/www.lifebase.org\\\/wp1\\\/fuer-maenner\\\/\",\"name\":\"f\u00fcr M\u00e4nner -\",\"isPartOf\":{\"@id\":\"https:\\\/\\\/www.lifebase.org\\\/wp1\\\/#website\"},\"primaryImageOfPage\":{\"@id\":\"https:\\\/\\\/www.lifebase.org\\\/wp1\\\/fuer-maenner\\\/#primaryimage\"},\"image\":{\"@id\":\"https:\\\/\\\/www.lifebase.org\\\/wp1\\\/fuer-maenner\\\/#primaryimage\"},\"thumbnailUrl\":\"https:\\\/\\\/www.lifebase.org\\\/wp1\\\/wp-content\\\/uploads\\\/2022\\\/12\\\/HP_men.jpg\",\"datePublished\":\"2022-12-02T11:56:07+00:00\",\"dateModified\":\"2023-07-20T15:32:05+00:00\",\"breadcrumb\":{\"@id\":\"https:\\\/\\\/www.lifebase.org\\\/wp1\\\/fuer-maenner\\\/#breadcrumb\"},\"inLanguage\":\"de\",\"potentialAction\":[{\"@type\":\"ReadAction\",\"target\":[\"https:\\\/\\\/www.lifebase.org\\\/wp1\\\/fuer-maenner\\\/\"]}]},{\"@type\":\"ImageObject\",\"inLanguage\":\"de\",\"@id\":\"https:\\\/\\\/www.lifebase.org\\\/wp1\\\/fuer-maenner\\\/#primaryimage\",\"url\":\"https:\\\/\\\/www.lifebase.org\\\/wp1\\\/wp-content\\\/uploads\\\/2022\\\/12\\\/HP_men.jpg\",\"contentUrl\":\"https:\\\/\\\/www.lifebase.org\\\/wp1\\\/wp-content\\\/uploads\\\/2022\\\/12\\\/HP_men.jpg\",\"width\":900,\"height\":564},{\"@type\":\"BreadcrumbList\",\"@id\":\"https:\\\/\\\/www.lifebase.org\\\/wp1\\\/fuer-maenner\\\/#breadcrumb\",\"itemListElement\":[{\"@type\":\"ListItem\",\"position\":1,\"name\":\"Startseite\",\"item\":\"https:\\\/\\\/www.lifebase.org\\\/wp1\\\/\"},{\"@type\":\"ListItem\",\"position\":2,\"name\":\"f\u00fcr M\u00e4nner\"}]},{\"@type\":\"WebSite\",\"@id\":\"https:\\\/\\\/www.lifebase.org\\\/wp1\\\/#website\",\"url\":\"https:\\\/\\\/www.lifebase.org\\\/wp1\\\/\",\"name\":\"\",\"description\":\"Freie evangelische Gemeinde in Gerlingen\",\"potentialAction\":[{\"@type\":\"SearchAction\",\"target\":{\"@type\":\"EntryPoint\",\"urlTemplate\":\"https:\\\/\\\/www.lifebase.org\\\/wp1\\\/?s={search_term_string}\"},\"query-input\":{\"@type\":\"PropertyValueSpecification\",\"valueRequired\":true,\"valueName\":\"search_term_string\"}}],\"inLanguage\":\"de\"}]}<\/script>\n<!-- \/ Yoast SEO plugin. -->","yoast_head_json":{"title":"f\u00fcr M\u00e4nner -","robots":{"index":"index","follow":"follow","max-snippet":"max-snippet:-1","max-image-preview":"max-image-preview:large","max-video-preview":"max-video-preview:-1"},"canonical":"https:\/\/www.lifebase.org\/wp1\/fuer-maenner\/","og_locale":"de_DE","og_type":"article","og_title":"f\u00fcr M\u00e4nner -","og_description":"In unregelm\u00e4\u00dfigen Abst\u00e4nden treffen wir M\u00e4nner uns zu gemeinsamen Aktionen, ob zum Wandern, zum Grillen &#8230; mal nur abends oder auch ganztags. Die n\u00e4chsten M\u00e4nnerevents werden unter &#8222;Aktuelles&#8220; bekannt gegeben oder k\u00f6nnen \u00fcber&nbsp;info@lifebase.org&nbsp;angefragt werden.","og_url":"https:\/\/www.lifebase.org\/wp1\/fuer-maenner\/","article_modified_time":"2023-07-20T15:32:05+00:00","og_image":[{"width":900,"height":564,"url":"https:\/\/www.lifebase.org\/wp1\/wp-content\/uploads\/2022\/12\/HP_men.jpg","type":"image\/jpeg"}],"twitter_card":"summary_large_image","twitter_misc":{"Gesch\u00e4tzte Lesezeit":"1\u00a0Minute"},"schema":{"@context":"https:\/\/schema.org","@graph":[{"@type":"WebPage","@id":"https:\/\/www.lifebase.org\/wp1\/fuer-maenner\/","url":"https:\/\/www.lifebase.org\/wp1\/fuer-maenner\/","name":"f\u00fcr M\u00e4nner -","isPartOf":{"@id":"https:\/\/www.lifebase.org\/wp1\/#website"},"primaryImageOfPage":{"@id":"https:\/\/www.lifebase.org\/wp1\/fuer-maenner\/#primaryimage"},"image":{"@id":"https:\/\/www.lifebase.org\/wp1\/fuer-maenner\/#primaryimage"},"thumbnailUrl":"https:\/\/www.lifebase.org\/wp1\/wp-content\/uploads\/2022\/12\/HP_men.jpg","datePublished":"2022-12-02T11:56:07+00:00","dateModified":"2023-07-20T15:32:05+00:00","breadcrumb":{"@id":"https:\/\/www.lifebase.org\/wp1\/fuer-maenner\/#breadcrumb"},"inLanguage":"de","potentialAction":[{"@type":"ReadAction","target":["https:\/\/www.lifebase.org\/wp1\/fuer-maenner\/"]}]},{"@type":"ImageObject","inLanguage":"de","@id":"https:\/\/www.lifebase.org\/wp1\/fuer-maenner\/#primaryimage","url":"https:\/\/www.lifebase.org\/wp1\/wp-content\/uploads\/2022\/12\/HP_men.jpg","contentUrl":"https:\/\/www.lifebase.org\/wp1\/wp-content\/uploads\/2022\/12\/HP_men.jpg","width":900,"height":564},{"@type":"BreadcrumbList","@id":"https:\/\/www.lifebase.org\/wp1\/fuer-maenner\/#breadcrumb","itemListElement":[{"@type":"ListItem","position":1,"name":"Startseite","item":"https:\/\/www.lifebase.org\/wp1\/"},{"@type":"ListItem","position":2,"name":"f\u00fcr M\u00e4nner"}]},{"@type":"WebSite","@id":"https:\/\/www.lifebase.org\/wp1\/#website","url":"https:\/\/www.lifebase.org\/wp1\/","name":"","description":"Freie evangelische Gemeinde in Gerlingen","potentialAction":[{"@type":"SearchAction","target":{"@type":"EntryPoint","urlTemplate":"https:\/\/www.lifebase.org\/wp1\/?s={search_term_string}"},"query-input":{"@type":"PropertyValueSpecification","valueRequired":true,"valueName":"search_term_string"}}],"inLanguage":"de"}]}},"_links":{"self":[{"href":"https:\/\/www.lifebase.org\/wp1\/wp-json\/wp\/v2\/pages\/1313","targetHints":{"allow":["GET"]}}],"collection":[{"href":"https:\/\/www.lifebase.org\/wp1\/wp-json\/wp\/v2\/pages"}],"about":[{"href":"https:\/\/www.lifebase.org\/wp1\/wp-json\/wp\/v2\/types\/page"}],"author":[{"embeddable":true,"href":"https:\/\/www.lifebase.org\/wp1\/wp-json\/wp\/v2\/users\/5"}],"replies":[{"embeddable":true,"href":"https:\/\/www.lifebase.org\/wp1\/wp-json\/wp\/v2\/comments?post=1313"}],"version-history":[{"count":5,"href":"https:\/\/www.lifebase.org\/wp1\/wp-json\/wp\/v2\/pages\/1313\/revisions"}],"predecessor-version":[{"id":1489,"href":"https:\/\/www.lifebase.org\/wp1\/wp-json\/wp\/v2\/pages\/1313\/revisions\/1489"}],"wp:featuredmedia":[{"embeddable":true,"href":"https:\/\/www.lifebase.org\/wp1\/wp-json\/wp\/v2\/media\/1315"}],"wp:attachment":[{"href":"https:\/\/www.lifebase.org\/wp1\/wp-json\/wp\/v2\/media?parent=1313"}],"curies":[{"name":"wp","href":"https:\/\/api.w.org\/{rel}","templated":true}]}}